{"id":630279,"date":"2024-11-15T20:50:25","date_gmt":"2024-11-15T20:50:25","guid":{"rendered":"https:\/\/aukinkochile.com\/web\/producto\/caretilla-c-u\/"},"modified":"2025-07-28T16:49:17","modified_gmt":"2025-07-28T16:49:17","slug":"caretilla-c-u","status":"publish","type":"product","link":"https:\/\/aukinkochile.com\/web\/producto\/caretilla-c-u\/","title":{"rendered":"Caretilla c\/u"},"content":{"rendered":"<p>Hermosa carretilla de colores brillantes con mucho espacio para llevar juguetes, juntar tierra y plantas y mucho m\u00e1s. Una divertida herramienta de jardiner\u00eda para ayudar en las actividades del jard\u00edn y pasar horas de diversi\u00f3n. Un accesorio recomendado para desarrollar la motricidad fina, mejorar la coordinaci\u00f3n mano-ojo, para el desarrollo de habilidades f\u00edsicas, para juegos de imitaci\u00f3n, para promover la interacci\u00f3n entre ni\u00f1os y adultos y mucho m\u00e1s. Colores surtidos. Precio por unidad.<\/p>\n<p><p><strong>Material : <\/strong> Pl\u00e1stico Resistente<\/p>\n<p><strong>C\u00f3digo Aukinko : <\/strong> 09-51816<\/p>\n<p><strong>C\u00f3digo Convenio Marco : <\/strong> x<\/p>\n","protected":false},"excerpt":{"rendered":"<p>Hermosa carretilla de colores brillantes con mucho espacio para llevar juguetes, juntar tierra y plantas y mucho m\u00e1s. Una divertida herramienta de jardiner\u00eda para ayudar en las actividades del jard\u00edn y pasar horas de diversi\u00f3n. Un accesorio recomendado para desarrollar la motricidad fina, mejorar la coordinaci\u00f3n mano-ojo, para el desarrollo de habilidades f\u00edsicas, para juegos [&hellip;]<\/p>\n","protected":false},"featured_media":630278,"comment_status":"open","ping_status":"closed","template":"","meta":{"_et_pb_use_builder":"","_et_pb_old_content":"","_et_gb_content_width":""},"product_brand":[],"product_cat":[1005,17,18],"product_tag":[],"class_list":{"0":"post-630279","1":"product","2":"type-product","3":"status-publish","4":"has-post-thumbnail","6":"product_cat-accesorios-patio","7":"product_cat-juegos-de-rol","8":"product_cat-motricidad-gruesa","9":"pa_edad-2-a-3-anos","10":"pa_edad-3-a-4-anos","11":"pa_edad-4-a-5-anos","12":"pa_edad-5-a-6-anos","13":"pa_edad-6-a-8-anos","14":"pa_marca-dantoy","15":"pa_medidas-5-cm","16":"pa_medidas-66-x-25-x-26","18":"first","19":"instock","20":"shipping-taxable","21":"purchasable","22":"product-type-simple"},"aioseo_notices":[],"_links":{"self":[{"href":"https:\/\/aukinkochile.com\/web\/wp-json\/wp\/v2\/product\/630279","targetHints":{"allow":["GET"]}}],"collection":[{"href":"https:\/\/aukinkochile.com\/web\/wp-json\/wp\/v2\/product"}],"about":[{"href":"https:\/\/aukinkochile.com\/web\/wp-json\/wp\/v2\/types\/product"}],"replies":[{"embeddable":true,"href":"https:\/\/aukinkochile.com\/web\/wp-json\/wp\/v2\/comments?post=630279"}],"wp:featuredmedia":[{"embeddable":true,"href":"https:\/\/aukinkochile.com\/web\/wp-json\/wp\/v2\/media\/630278"}],"wp:attachment":[{"href":"https:\/\/aukinkochile.com\/web\/wp-json\/wp\/v2\/media?parent=630279"}],"wp:term":[{"taxonomy":"product_brand","embeddable":true,"href":"https:\/\/aukinkochile.com\/web\/wp-json\/wp\/v2\/product_brand?post=630279"},{"taxonomy":"product_cat","embeddable":true,"href":"https:\/\/aukinkochile.com\/web\/wp-json\/wp\/v2\/product_cat?post=630279"},{"taxonomy":"product_tag","embeddable":true,"href":"https:\/\/aukinkochile.com\/web\/wp-json\/wp\/v2\/product_tag?post=630279"}],"curies":[{"name":"wp","href":"https:\/\/api.w.org\/{rel}","templated":true}]}}