{"id":630256,"date":"2024-11-11T21:19:50","date_gmt":"2024-11-11T21:19:50","guid":{"rendered":"https:\/\/aukinkochile.com\/web\/producto\/juego-gato-genero-suelo\/"},"modified":"2025-06-26T16:15:29","modified_gmt":"2025-06-26T16:15:29","slug":"juego-gato-genero-suelo","status":"publish","type":"product","link":"https:\/\/aukinkochile.com\/web\/producto\/juego-gato-genero-suelo\/","title":{"rendered":"Juego Gato Genero Suelo"},"content":{"rendered":"<p>1 Juego de el Gato para jugar en el piso de tama\u00f1o grande de 68 x 68 cm. Con 10 piezas de acr\u00edlico plana impresas con una X y O de 10 x 10 cm. Con Bolsa para guardar.<\/p>\n<p><p><strong>Material : <\/strong> Genero y Acr\u00edlico<\/p>\n<p><strong>C\u00f3digo Aukinko : <\/strong> 16-4011<\/p>\n<p><strong>C\u00f3digo Convenio Marco : <\/strong> x<\/p>\n","protected":false},"excerpt":{"rendered":"<p>1 Juego de el Gato para jugar en el piso de tama\u00f1o grande de 68 x 68 cm. Con 10 piezas de acr\u00edlico plana impresas con una X y O de 10 x 10 cm. Con Bolsa para guardar. Material : Genero y Acr\u00edlico C\u00f3digo Aukinko : 16-4011 C\u00f3digo Convenio Marco : x<\/p>\n","protected":false},"featured_media":631869,"comment_status":"open","ping_status":"closed","template":"","meta":{"_et_pb_use_builder":"","_et_pb_old_content":"","_et_gb_content_width":""},"product_brand":[],"product_cat":[91,7385,149],"product_tag":[],"class_list":{"0":"post-630256","1":"product","2":"type-product","3":"status-publish","4":"has-post-thumbnail","6":"product_cat-accesorios-sala","7":"product_cat-estimulacion-cognitiva-y-motora-para-adultos-mayores","8":"product_cat-juegos-de-mesa","9":"pa_edad-3-a-4-anos","10":"pa_edad-4-a-5-anos","11":"pa_edad-5-a-6-anos","12":"pa_marca-aukinko","13":"pa_medidas-68-x-68-cm-tablero","15":"first","16":"instock","17":"shipping-taxable","18":"purchasable","19":"product-type-simple"},"aioseo_notices":[],"_links":{"self":[{"href":"https:\/\/aukinkochile.com\/web\/wp-json\/wp\/v2\/product\/630256","targetHints":{"allow":["GET"]}}],"collection":[{"href":"https:\/\/aukinkochile.com\/web\/wp-json\/wp\/v2\/product"}],"about":[{"href":"https:\/\/aukinkochile.com\/web\/wp-json\/wp\/v2\/types\/product"}],"replies":[{"embeddable":true,"href":"https:\/\/aukinkochile.com\/web\/wp-json\/wp\/v2\/comments?post=630256"}],"wp:featuredmedia":[{"embeddable":true,"href":"https:\/\/aukinkochile.com\/web\/wp-json\/wp\/v2\/media\/631869"}],"wp:attachment":[{"href":"https:\/\/aukinkochile.com\/web\/wp-json\/wp\/v2\/media?parent=630256"}],"wp:term":[{"taxonomy":"product_brand","embeddable":true,"href":"https:\/\/aukinkochile.com\/web\/wp-json\/wp\/v2\/product_brand?post=630256"},{"taxonomy":"product_cat","embeddable":true,"href":"https:\/\/aukinkochile.com\/web\/wp-json\/wp\/v2\/product_cat?post=630256"},{"taxonomy":"product_tag","embeddable":true,"href":"https:\/\/aukinkochile.com\/web\/wp-json\/wp\/v2\/product_tag?post=630256"}],"curies":[{"name":"wp","href":"https:\/\/api.w.org\/{rel}","templated":true}]}}