{"id":630247,"date":"2024-11-11T21:19:44","date_gmt":"2024-11-11T21:19:44","guid":{"rendered":"https:\/\/aukinkochile.com\/web\/producto\/jardin-pala-y-rastrillo-40-cm\/"},"modified":"2024-11-11T21:20:56","modified_gmt":"2024-11-11T21:20:56","slug":"jardin-pala-y-rastrillo-40-cm","status":"publish","type":"product","link":"https:\/\/aukinkochile.com\/web\/producto\/jardin-pala-y-rastrillo-40-cm\/","title":{"rendered":"Jard\u00edn Pala y Rastrillo 40 cm"},"content":{"rendered":"<p>Pala y rastrillo de 40 cm de jard\u00edn de material pl\u00e1stico resistente, brillante y de colores a tractivos.<\/p>\n<p><p><strong>Material : <\/strong> Pl\u00e1stico<\/p>\n<p><strong>C\u00f3digo Aukinko : <\/strong> 05-555924<\/p>\n<p><strong>C\u00f3digo Convenio Marco : <\/strong> x<\/p>\n","protected":false},"excerpt":{"rendered":"<p>Pala y rastrillo de 40 cm de jard\u00edn de material pl\u00e1stico resistente, brillante y de colores a tractivos. Material : Pl\u00e1stico C\u00f3digo Aukinko : 05-555924 C\u00f3digo Convenio Marco : x<\/p>\n","protected":false},"featured_media":623387,"comment_status":"open","ping_status":"closed","template":"","meta":{"_et_pb_use_builder":"","_et_pb_old_content":"","_et_gb_content_width":""},"product_brand":[],"product_cat":[17],"product_tag":[],"class_list":{"0":"post-630247","1":"product","2":"type-product","3":"status-publish","4":"has-post-thumbnail","6":"product_cat-juegos-de-rol","7":"pa_edad-1-a-2-anos","8":"pa_edad-2-a-3-anos","9":"pa_edad-3-a-4-anos","10":"pa_edad-4-a-5-anos","11":"pa_edad-5-a-6-anos","12":"pa_edad-6-a-8-anos","13":"pa_marca-gowi","14":"pa_medidas-40-x-12-x-8-cm","16":"first","17":"instock","18":"shipping-taxable","19":"purchasable","20":"product-type-simple"},"aioseo_notices":[],"_links":{"self":[{"href":"https:\/\/aukinkochile.com\/web\/wp-json\/wp\/v2\/product\/630247","targetHints":{"allow":["GET"]}}],"collection":[{"href":"https:\/\/aukinkochile.com\/web\/wp-json\/wp\/v2\/product"}],"about":[{"href":"https:\/\/aukinkochile.com\/web\/wp-json\/wp\/v2\/types\/product"}],"replies":[{"embeddable":true,"href":"https:\/\/aukinkochile.com\/web\/wp-json\/wp\/v2\/comments?post=630247"}],"wp:featuredmedia":[{"embeddable":true,"href":"https:\/\/aukinkochile.com\/web\/wp-json\/wp\/v2\/media\/623387"}],"wp:attachment":[{"href":"https:\/\/aukinkochile.com\/web\/wp-json\/wp\/v2\/media?parent=630247"}],"wp:term":[{"taxonomy":"product_brand","embeddable":true,"href":"https:\/\/aukinkochile.com\/web\/wp-json\/wp\/v2\/product_brand?post=630247"},{"taxonomy":"product_cat","embeddable":true,"href":"https:\/\/aukinkochile.com\/web\/wp-json\/wp\/v2\/product_cat?post=630247"},{"taxonomy":"product_tag","embeddable":true,"href":"https:\/\/aukinkochile.com\/web\/wp-json\/wp\/v2\/product_tag?post=630247"}],"curies":[{"name":"wp","href":"https:\/\/api.w.org\/{rel}","templated":true}]}}