{"id":630235,"date":"2024-11-11T21:19:35","date_gmt":"2024-11-11T21:19:35","guid":{"rendered":"https:\/\/aukinkochile.com\/web\/producto\/regadera-eco-05-litros\/"},"modified":"2024-11-11T21:20:41","modified_gmt":"2024-11-11T21:20:41","slug":"regadera-eco-05-litros","status":"publish","type":"product","link":"https:\/\/aukinkochile.com\/web\/producto\/regadera-eco-05-litros\/","title":{"rendered":"Regadera Eco 0,5 Litros"},"content":{"rendered":"<p>Hermosa regadera pl\u00e1stica para regar las plantas del jard\u00edn acompa\u00f1ando a la familia en esta divertida actividad. de excelente calidad y dise\u00f1o. material ecol\u00f3gico amigable con el medio ambiente.<\/p>\n<p><p><strong>Material : <\/strong> Pl\u00e1stico Bio<\/p>\n<p><strong>C\u00f3digo Aukinko : <\/strong> 05-555200<\/p>\n<p><strong>C\u00f3digo Convenio Marco : <\/strong> x<\/p>\n","protected":false},"excerpt":{"rendered":"<p>Hermosa regadera pl\u00e1stica para regar las plantas del jard\u00edn acompa\u00f1ando a la familia en esta divertida actividad. de excelente calidad y dise\u00f1o. material ecol\u00f3gico amigable con el medio ambiente. Material : Pl\u00e1stico Bio C\u00f3digo Aukinko : 05-555200 C\u00f3digo Convenio Marco : x<\/p>\n","protected":false},"featured_media":630234,"comment_status":"open","ping_status":"closed","template":"","meta":{"_et_pb_use_builder":"","_et_pb_old_content":"","_et_gb_content_width":""},"product_brand":[],"product_cat":[17],"product_tag":[],"class_list":{"0":"post-630235","1":"product","2":"type-product","3":"status-publish","4":"has-post-thumbnail","6":"product_cat-juegos-de-rol","7":"pa_edad-2-a-3-anos","8":"pa_edad-3-a-4-anos","9":"pa_edad-4-a-5-anos","10":"pa_edad-5-a-6-anos","11":"pa_edad-6-a-8-anos","12":"pa_edad-8-a-10-anos","13":"pa_marca-gowi","14":"pa_medidas-23-x-11-x-17-cm","16":"first","17":"instock","18":"shipping-taxable","19":"purchasable","20":"product-type-simple"},"aioseo_notices":[],"_links":{"self":[{"href":"https:\/\/aukinkochile.com\/web\/wp-json\/wp\/v2\/product\/630235","targetHints":{"allow":["GET"]}}],"collection":[{"href":"https:\/\/aukinkochile.com\/web\/wp-json\/wp\/v2\/product"}],"about":[{"href":"https:\/\/aukinkochile.com\/web\/wp-json\/wp\/v2\/types\/product"}],"replies":[{"embeddable":true,"href":"https:\/\/aukinkochile.com\/web\/wp-json\/wp\/v2\/comments?post=630235"}],"wp:featuredmedia":[{"embeddable":true,"href":"https:\/\/aukinkochile.com\/web\/wp-json\/wp\/v2\/media\/630234"}],"wp:attachment":[{"href":"https:\/\/aukinkochile.com\/web\/wp-json\/wp\/v2\/media?parent=630235"}],"wp:term":[{"taxonomy":"product_brand","embeddable":true,"href":"https:\/\/aukinkochile.com\/web\/wp-json\/wp\/v2\/product_brand?post=630235"},{"taxonomy":"product_cat","embeddable":true,"href":"https:\/\/aukinkochile.com\/web\/wp-json\/wp\/v2\/product_cat?post=630235"},{"taxonomy":"product_tag","embeddable":true,"href":"https:\/\/aukinkochile.com\/web\/wp-json\/wp\/v2\/product_tag?post=630235"}],"curies":[{"name":"wp","href":"https:\/\/api.w.org\/{rel}","templated":true}]}}