{"id":630228,"date":"2024-11-11T21:19:30","date_gmt":"2024-11-11T21:19:30","guid":{"rendered":"https:\/\/aukinkochile.com\/web\/producto\/encaje-plastico-formas-balde-transparente\/"},"modified":"2024-11-11T21:20:28","modified_gmt":"2024-11-11T21:20:28","slug":"encaje-plastico-formas-balde-transparente","status":"publish","type":"product","link":"https:\/\/aukinkochile.com\/web\/producto\/encaje-plastico-formas-balde-transparente\/","title":{"rendered":"Encaje Pl\u00e1stico Formas Balde Transparente"},"content":{"rendered":"<p>Balde transparente con tapa para encajes. Diferentes formas para encajar c\u00edrculo (4 cm de di\u00e1metro x 2,5 cm), cuadrado, tri\u00e1ngulo y estrella. En variados colores. De material pl\u00e1stico resistente.<\/p>\n<p><p><strong>Material : <\/strong> Pl\u00e1stico<\/p>\n<p><strong>C\u00f3digo Aukinko : <\/strong> 05-545323<\/p>\n<p><strong>C\u00f3digo Convenio Marco : <\/strong> x<\/p>\n","protected":false},"excerpt":{"rendered":"<p>Balde transparente con tapa para encajes. Diferentes formas para encajar c\u00edrculo (4 cm de di\u00e1metro x 2,5 cm), cuadrado, tri\u00e1ngulo y estrella. En variados colores. De material pl\u00e1stico resistente. Material : Pl\u00e1stico C\u00f3digo Aukinko : 05-545323 C\u00f3digo Convenio Marco : x<\/p>\n","protected":false},"featured_media":623346,"comment_status":"open","ping_status":"closed","template":"","meta":{"_et_pb_use_builder":"","_et_pb_old_content":"","_et_gb_content_width":""},"product_brand":[],"product_cat":[91,20],"product_tag":[],"class_list":{"0":"post-630228","1":"product","2":"type-product","3":"status-publish","4":"has-post-thumbnail","6":"product_cat-accesorios-sala","7":"product_cat-motricidad-fina","8":"pa_edad-1-a-2-anos","9":"pa_edad-2-a-3-anos","10":"pa_edad-3-a-4-anos","11":"pa_marca-gowi","12":"pa_medidas-15-x-15-cm-diametro","14":"first","15":"instock","16":"shipping-taxable","17":"purchasable","18":"product-type-simple"},"aioseo_notices":[],"_links":{"self":[{"href":"https:\/\/aukinkochile.com\/web\/wp-json\/wp\/v2\/product\/630228","targetHints":{"allow":["GET"]}}],"collection":[{"href":"https:\/\/aukinkochile.com\/web\/wp-json\/wp\/v2\/product"}],"about":[{"href":"https:\/\/aukinkochile.com\/web\/wp-json\/wp\/v2\/types\/product"}],"replies":[{"embeddable":true,"href":"https:\/\/aukinkochile.com\/web\/wp-json\/wp\/v2\/comments?post=630228"}],"wp:featuredmedia":[{"embeddable":true,"href":"https:\/\/aukinkochile.com\/web\/wp-json\/wp\/v2\/media\/623346"}],"wp:attachment":[{"href":"https:\/\/aukinkochile.com\/web\/wp-json\/wp\/v2\/media?parent=630228"}],"wp:term":[{"taxonomy":"product_brand","embeddable":true,"href":"https:\/\/aukinkochile.com\/web\/wp-json\/wp\/v2\/product_brand?post=630228"},{"taxonomy":"product_cat","embeddable":true,"href":"https:\/\/aukinkochile.com\/web\/wp-json\/wp\/v2\/product_cat?post=630228"},{"taxonomy":"product_tag","embeddable":true,"href":"https:\/\/aukinkochile.com\/web\/wp-json\/wp\/v2\/product_tag?post=630228"}],"curies":[{"name":"wp","href":"https:\/\/api.w.org\/{rel}","templated":true}]}}