{"id":630210,"date":"2024-11-11T21:19:19","date_gmt":"2024-11-11T21:19:19","guid":{"rendered":"https:\/\/aukinkochile.com\/web\/producto\/encaje-apilar-baldes-9-pz\/"},"modified":"2024-11-12T16:16:32","modified_gmt":"2024-11-12T16:16:32","slug":"encaje-apilar-baldes-9-pz","status":"publish","type":"product","link":"https:\/\/aukinkochile.com\/web\/producto\/encaje-apilar-baldes-9-pz\/","title":{"rendered":"Encaje Apilar Baldes 9 pz"},"content":{"rendered":"<p>Divertido juego apilable para pasar horas de diversi\u00f3n. A los m\u00e1s peque\u00f1os les encantar\u00e1 hacer la torre de baldes y luego derribarla. Con ilustraciones variadas para estimular el desarrollo del lenguaje al nombrarlas y atraer la atenci\u00f3n de ni\u00f1os y ni\u00f1as. Fabricado en material suave y resistente con colores vivos. Un cl\u00e1sico juego que estimula el desarrollo de la motricidad, la coordinaci\u00f3n mano-ojo, la comparaci\u00f3n y observaci\u00f3n de tama\u00f1os y mucho m\u00e1s. Incluye 9 piezas para apilar de diferentes tama\u00f1os.<\/p>\n<p><strong>Material : <\/strong> Pl\u00e1stico<\/p>\n<p><strong>C\u00f3digo Aukinko : <\/strong> 05-500301<\/p>\n<p><strong>C\u00f3digo Convenio Marco : <\/strong> x<\/p>\n","protected":false},"excerpt":{"rendered":"<p>Divertido juego apilable para pasar horas de diversi\u00f3n. A los m\u00e1s peque\u00f1os les encantar\u00e1 hacer la torre de baldes y luego derribarla. Con ilustraciones variadas para estimular el desarrollo del lenguaje al nombrarlas y atraer la atenci\u00f3n de ni\u00f1os y ni\u00f1as. Fabricado en material suave y resistente con colores vivos. Un cl\u00e1sico juego que estimula [&hellip;]<\/p>\n","protected":false},"featured_media":630211,"comment_status":"open","ping_status":"closed","template":"","meta":{"_et_pb_use_builder":"","_et_pb_old_content":"","_et_gb_content_width":""},"product_brand":[],"product_cat":[91,19,20],"product_tag":[],"class_list":{"0":"post-630210","1":"product","2":"type-product","3":"status-publish","4":"has-post-thumbnail","6":"product_cat-accesorios-sala","7":"product_cat-construccion","8":"product_cat-motricidad-fina","9":"pa_edad-1-a-2-anos","10":"pa_edad-2-a-3-anos","11":"pa_edad-3-a-4-anos","12":"pa_edad-4-a-5-anos","13":"pa_marca-gowi","14":"pa_medidas-51-x-12-x-12-cm","16":"first","17":"instock","18":"shipping-taxable","19":"purchasable","20":"product-type-simple"},"aioseo_notices":[],"_links":{"self":[{"href":"https:\/\/aukinkochile.com\/web\/wp-json\/wp\/v2\/product\/630210","targetHints":{"allow":["GET"]}}],"collection":[{"href":"https:\/\/aukinkochile.com\/web\/wp-json\/wp\/v2\/product"}],"about":[{"href":"https:\/\/aukinkochile.com\/web\/wp-json\/wp\/v2\/types\/product"}],"replies":[{"embeddable":true,"href":"https:\/\/aukinkochile.com\/web\/wp-json\/wp\/v2\/comments?post=630210"}],"wp:featuredmedia":[{"embeddable":true,"href":"https:\/\/aukinkochile.com\/web\/wp-json\/wp\/v2\/media\/630211"}],"wp:attachment":[{"href":"https:\/\/aukinkochile.com\/web\/wp-json\/wp\/v2\/media?parent=630210"}],"wp:term":[{"taxonomy":"product_brand","embeddable":true,"href":"https:\/\/aukinkochile.com\/web\/wp-json\/wp\/v2\/product_brand?post=630210"},{"taxonomy":"product_cat","embeddable":true,"href":"https:\/\/aukinkochile.com\/web\/wp-json\/wp\/v2\/product_cat?post=630210"},{"taxonomy":"product_tag","embeddable":true,"href":"https:\/\/aukinkochile.com\/web\/wp-json\/wp\/v2\/product_tag?post=630210"}],"curies":[{"name":"wp","href":"https:\/\/api.w.org\/{rel}","templated":true}]}}