{"id":630206,"date":"2024-11-11T21:19:16","date_gmt":"2024-11-11T21:19:16","guid":{"rendered":"https:\/\/aukinkochile.com\/web\/producto\/molino-agua-tortuga\/"},"modified":"2024-11-11T21:20:21","modified_gmt":"2024-11-11T21:20:21","slug":"molino-agua-tortuga","status":"publish","type":"product","link":"https:\/\/aukinkochile.com\/web\/producto\/molino-agua-tortuga\/","title":{"rendered":"Molino Agua Tortuga"},"content":{"rendered":"<p>Divertido molino de agua en el que los ni\u00f1os y ni\u00f1as podr\u00e1n jugar mientras observan el recorrido del agua desarrollando el concepto de acci\u00f3n y reacci\u00f3n de una forma muy entretenida. Fabricado en material suave y resistente con colores vivos. Las piezas se encajan f\u00e1cilmente.<\/p>\n<p><p><strong>Material : <\/strong> Pl\u00e1stico<\/p>\n<p><strong>C\u00f3digo Aukinko : <\/strong> 05-500001<\/p>\n<p><strong>C\u00f3digo Convenio Marco : <\/strong> x<\/p>\n","protected":false},"excerpt":{"rendered":"<p>Divertido molino de agua en el que los ni\u00f1os y ni\u00f1as podr\u00e1n jugar mientras observan el recorrido del agua desarrollando el concepto de acci\u00f3n y reacci\u00f3n de una forma muy entretenida. Fabricado en material suave y resistente con colores vivos. Las piezas se encajan f\u00e1cilmente. Material : Pl\u00e1stico C\u00f3digo Aukinko : 05-500001 C\u00f3digo Convenio Marco [&hellip;]<\/p>\n","protected":false},"featured_media":630205,"comment_status":"open","ping_status":"closed","template":"","meta":{"_et_pb_use_builder":"","_et_pb_old_content":"","_et_gb_content_width":""},"product_brand":[],"product_cat":[17],"product_tag":[],"class_list":{"0":"post-630206","1":"product","2":"type-product","3":"status-publish","4":"has-post-thumbnail","6":"product_cat-juegos-de-rol","7":"pa_edad-1-a-2-anos","8":"pa_edad-2-a-3-anos","9":"pa_edad-3-a-4-anos","10":"pa_edad-4-a-5-anos","11":"pa_edad-5-a-6-anos","12":"pa_edad-6-a-8-anos","13":"pa_marca-gowi","14":"pa_medidas-19-x-15","15":"pa_medidas-5-cm","16":"pa_medidas-5-x-26","18":"first","19":"instock","20":"shipping-taxable","21":"purchasable","22":"product-type-simple"},"aioseo_notices":[],"_links":{"self":[{"href":"https:\/\/aukinkochile.com\/web\/wp-json\/wp\/v2\/product\/630206","targetHints":{"allow":["GET"]}}],"collection":[{"href":"https:\/\/aukinkochile.com\/web\/wp-json\/wp\/v2\/product"}],"about":[{"href":"https:\/\/aukinkochile.com\/web\/wp-json\/wp\/v2\/types\/product"}],"replies":[{"embeddable":true,"href":"https:\/\/aukinkochile.com\/web\/wp-json\/wp\/v2\/comments?post=630206"}],"wp:featuredmedia":[{"embeddable":true,"href":"https:\/\/aukinkochile.com\/web\/wp-json\/wp\/v2\/media\/630205"}],"wp:attachment":[{"href":"https:\/\/aukinkochile.com\/web\/wp-json\/wp\/v2\/media?parent=630206"}],"wp:term":[{"taxonomy":"product_brand","embeddable":true,"href":"https:\/\/aukinkochile.com\/web\/wp-json\/wp\/v2\/product_brand?post=630206"},{"taxonomy":"product_cat","embeddable":true,"href":"https:\/\/aukinkochile.com\/web\/wp-json\/wp\/v2\/product_cat?post=630206"},{"taxonomy":"product_tag","embeddable":true,"href":"https:\/\/aukinkochile.com\/web\/wp-json\/wp\/v2\/product_tag?post=630206"}],"curies":[{"name":"wp","href":"https:\/\/api.w.org\/{rel}","templated":true}]}}