{"id":630194,"date":"2024-11-11T21:08:25","date_gmt":"2024-11-11T21:08:25","guid":{"rendered":"https:\/\/aukinkochile.com\/web\/producto\/juego-de-mesa-zoom-it\/"},"modified":"2024-11-11T21:11:01","modified_gmt":"2024-11-11T21:11:01","slug":"juego-de-mesa-zoom-it","status":"publish","type":"product","link":"https:\/\/aukinkochile.com\/web\/producto\/juego-de-mesa-zoom-it\/","title":{"rendered":"Juego de Mesa Zoom It"},"content":{"rendered":"<p>Divertido juego educativo dise\u00f1ado para estimular el desarrollo de la capacidad de observaci\u00f3n\u0301n y de reaccio\u0301n mientras se aprende a agudizar el ingenio y la rapidez. Consiste en ser el ma\u0301s ra\u0301pido en encontrar los animales del tablero de juego y ganar 20 cartas. Un juego ideal para los amantes de los animales. Incluye 250 fotos con im\u00e1genes reales de animales. Recomendado a partir de los 5 a\u00f1os. Un juego ideal para pasar horas de diversi\u00f3n lejos de las pantallas.<\/p>\n<p><p><strong>Material : <\/strong> Cart\u00f3n<\/p>\n<p><strong>C\u00f3digo Aukinko : <\/strong> 05-763799<\/p>\n<p><strong>C\u00f3digo Convenio Marco : <\/strong> x<\/p>\n","protected":false},"excerpt":{"rendered":"<p>Divertido juego educativo dise\u00f1ado para estimular el desarrollo de la capacidad de observaci\u00f3n\u0301n y de reaccio\u0301n mientras se aprende a agudizar el ingenio y la rapidez. Consiste en ser el ma\u0301s ra\u0301pido en encontrar los animales del tablero de juego y ganar 20 cartas. Un juego ideal para los amantes de los animales. Incluye 250 [&hellip;]<\/p>\n","protected":false},"featured_media":630193,"comment_status":"open","ping_status":"closed","template":"","meta":{"_et_pb_use_builder":"","_et_pb_old_content":"","_et_gb_content_width":""},"product_brand":[],"product_cat":[149],"product_tag":[],"class_list":{"0":"post-630194","1":"product","2":"type-product","3":"status-publish","4":"has-post-thumbnail","6":"product_cat-juegos-de-mesa","7":"pa_edad-10-anos","8":"pa_edad-5-a-6-anos","9":"pa_edad-6-a-8-anos","10":"pa_edad-8-a-10-anos","11":"pa_marca-diset","12":"pa_medidas-27-x-27-x-8","13":"pa_medidas-5-cm","15":"first","16":"instock","17":"shipping-taxable","18":"purchasable","19":"product-type-simple"},"aioseo_notices":[],"_links":{"self":[{"href":"https:\/\/aukinkochile.com\/web\/wp-json\/wp\/v2\/product\/630194","targetHints":{"allow":["GET"]}}],"collection":[{"href":"https:\/\/aukinkochile.com\/web\/wp-json\/wp\/v2\/product"}],"about":[{"href":"https:\/\/aukinkochile.com\/web\/wp-json\/wp\/v2\/types\/product"}],"replies":[{"embeddable":true,"href":"https:\/\/aukinkochile.com\/web\/wp-json\/wp\/v2\/comments?post=630194"}],"wp:featuredmedia":[{"embeddable":true,"href":"https:\/\/aukinkochile.com\/web\/wp-json\/wp\/v2\/media\/630193"}],"wp:attachment":[{"href":"https:\/\/aukinkochile.com\/web\/wp-json\/wp\/v2\/media?parent=630194"}],"wp:term":[{"taxonomy":"product_brand","embeddable":true,"href":"https:\/\/aukinkochile.com\/web\/wp-json\/wp\/v2\/product_brand?post=630194"},{"taxonomy":"product_cat","embeddable":true,"href":"https:\/\/aukinkochile.com\/web\/wp-json\/wp\/v2\/product_cat?post=630194"},{"taxonomy":"product_tag","embeddable":true,"href":"https:\/\/aukinkochile.com\/web\/wp-json\/wp\/v2\/product_tag?post=630194"}],"curies":[{"name":"wp","href":"https:\/\/api.w.org\/{rel}","templated":true}]}}