{"id":630183,"date":"2024-11-11T21:08:15","date_gmt":"2024-11-11T21:08:15","guid":{"rendered":"https:\/\/aukinkochile.com\/web\/producto\/contar-con-argollas-de-colores\/"},"modified":"2024-11-11T21:10:04","modified_gmt":"2024-11-11T21:10:04","slug":"contar-con-argollas-de-colores","status":"publish","type":"product","link":"https:\/\/aukinkochile.com\/web\/producto\/contar-con-argollas-de-colores\/","title":{"rendered":"Contar con Argollas de Colores"},"content":{"rendered":"<p>Juego de alto nivel educativo con anillos de colores. Introducci\u00f3n al numero y la cantidad. Asocia los n\u00fameros con los aros de colores y los puntos. Base de madera de 2 piezas unidas por imanes. Estimula la capacidad de observaci\u00f3n.<\/p>\n<p><p><strong>Material : <\/strong> Madera y Pl\u00e1stico<\/p>\n<p><strong>C\u00f3digo Aukinko : <\/strong> 05-755157<\/p>\n<p><strong>C\u00f3digo Convenio Marco : <\/strong> x<\/p>\n","protected":false},"excerpt":{"rendered":"<p>Juego de alto nivel educativo con anillos de colores. Introducci\u00f3n al numero y la cantidad. Asocia los n\u00fameros con los aros de colores y los puntos. Base de madera de 2 piezas unidas por imanes. Estimula la capacidad de observaci\u00f3n. Material : Madera y Pl\u00e1stico C\u00f3digo Aukinko : 05-755157 C\u00f3digo Convenio Marco : x<\/p>\n","protected":false},"featured_media":630182,"comment_status":"open","ping_status":"closed","template":"","meta":{"_et_pb_use_builder":"","_et_pb_old_content":"","_et_gb_content_width":""},"product_brand":[],"product_cat":[90],"product_tag":[],"class_list":{"0":"post-630183","1":"product","2":"type-product","3":"status-publish","4":"has-post-thumbnail","6":"product_cat-matematicas","7":"pa_edad-3-a-4-anos","8":"pa_edad-4-a-5-anos","9":"pa_edad-5-a-6-anos","10":"pa_marca-diset","11":"pa_medidas-4481","12":"pa_medidas-5-x-11-x-36-cm","14":"first","15":"instock","16":"shipping-taxable","17":"purchasable","18":"product-type-simple"},"aioseo_notices":[],"_links":{"self":[{"href":"https:\/\/aukinkochile.com\/web\/wp-json\/wp\/v2\/product\/630183","targetHints":{"allow":["GET"]}}],"collection":[{"href":"https:\/\/aukinkochile.com\/web\/wp-json\/wp\/v2\/product"}],"about":[{"href":"https:\/\/aukinkochile.com\/web\/wp-json\/wp\/v2\/types\/product"}],"replies":[{"embeddable":true,"href":"https:\/\/aukinkochile.com\/web\/wp-json\/wp\/v2\/comments?post=630183"}],"wp:featuredmedia":[{"embeddable":true,"href":"https:\/\/aukinkochile.com\/web\/wp-json\/wp\/v2\/media\/630182"}],"wp:attachment":[{"href":"https:\/\/aukinkochile.com\/web\/wp-json\/wp\/v2\/media?parent=630183"}],"wp:term":[{"taxonomy":"product_brand","embeddable":true,"href":"https:\/\/aukinkochile.com\/web\/wp-json\/wp\/v2\/product_brand?post=630183"},{"taxonomy":"product_cat","embeddable":true,"href":"https:\/\/aukinkochile.com\/web\/wp-json\/wp\/v2\/product_cat?post=630183"},{"taxonomy":"product_tag","embeddable":true,"href":"https:\/\/aukinkochile.com\/web\/wp-json\/wp\/v2\/product_tag?post=630183"}],"curies":[{"name":"wp","href":"https:\/\/api.w.org\/{rel}","templated":true}]}}