{"id":630126,"date":"2024-11-11T21:07:33","date_gmt":"2024-11-11T21:07:33","guid":{"rendered":"https:\/\/aukinkochile.com\/web\/producto\/manualidades-oceano-craft\/"},"modified":"2024-11-11T21:09:13","modified_gmt":"2024-11-11T21:09:13","slug":"manualidades-oceano-craft","status":"publish","type":"product","link":"https:\/\/aukinkochile.com\/web\/producto\/manualidades-oceano-craft\/","title":{"rendered":"Manualidades Oc\u00e9ano Craft"},"content":{"rendered":"<p>Divertido kit de manualidades sobre el oce\u0301ano dise\u00f1ado para fomentar la creatividad de los m\u00e1s pequen\u0303os mientras adquieren conocimientos del oce\u0301ano a trave\u0301s de vi\u0301deos interactivos. Contiene 8 actividades para realizar las manualidades y una gui\u0301a pra\u0301ctica. Recomendado a partir de los 5 a\u00f1os.<\/p>\n<p><p><strong>Material : <\/strong> Cart\u00f3n y Pl\u00e1stico<\/p>\n<p><strong>C\u00f3digo Aukinko : <\/strong> 05-700142<\/p>\n<p><strong>C\u00f3digo Convenio Marco : <\/strong> x<\/p>\n","protected":false},"excerpt":{"rendered":"<p>Divertido kit de manualidades sobre el oce\u0301ano dise\u00f1ado para fomentar la creatividad de los m\u00e1s pequen\u0303os mientras adquieren conocimientos del oce\u0301ano a trave\u0301s de vi\u0301deos interactivos. Contiene 8 actividades para realizar las manualidades y una gui\u0301a pra\u0301ctica. Recomendado a partir de los 5 a\u00f1os. Material : Cart\u00f3n y Pl\u00e1stico C\u00f3digo Aukinko : 05-700142 C\u00f3digo Convenio [&hellip;]<\/p>\n","protected":false},"featured_media":630125,"comment_status":"open","ping_status":"closed","template":"","meta":{"_et_pb_use_builder":"","_et_pb_old_content":"","_et_gb_content_width":""},"product_brand":[],"product_cat":[21],"product_tag":[],"class_list":{"0":"post-630126","1":"product","2":"type-product","3":"status-publish","4":"has-post-thumbnail","6":"product_cat-arte-y-manipulacion","7":"pa_edad-5-a-6-anos","8":"pa_edad-6-a-8-anos","9":"pa_edad-8-a-10-anos","10":"pa_marca-diset","11":"pa_medidas-4460","12":"pa_medidas-8-x-21","13":"pa_medidas-9-x-7-cm","15":"first","16":"instock","17":"shipping-taxable","18":"purchasable","19":"product-type-simple"},"aioseo_notices":[],"_links":{"self":[{"href":"https:\/\/aukinkochile.com\/web\/wp-json\/wp\/v2\/product\/630126","targetHints":{"allow":["GET"]}}],"collection":[{"href":"https:\/\/aukinkochile.com\/web\/wp-json\/wp\/v2\/product"}],"about":[{"href":"https:\/\/aukinkochile.com\/web\/wp-json\/wp\/v2\/types\/product"}],"replies":[{"embeddable":true,"href":"https:\/\/aukinkochile.com\/web\/wp-json\/wp\/v2\/comments?post=630126"}],"wp:featuredmedia":[{"embeddable":true,"href":"https:\/\/aukinkochile.com\/web\/wp-json\/wp\/v2\/media\/630125"}],"wp:attachment":[{"href":"https:\/\/aukinkochile.com\/web\/wp-json\/wp\/v2\/media?parent=630126"}],"wp:term":[{"taxonomy":"product_brand","embeddable":true,"href":"https:\/\/aukinkochile.com\/web\/wp-json\/wp\/v2\/product_brand?post=630126"},{"taxonomy":"product_cat","embeddable":true,"href":"https:\/\/aukinkochile.com\/web\/wp-json\/wp\/v2\/product_cat?post=630126"},{"taxonomy":"product_tag","embeddable":true,"href":"https:\/\/aukinkochile.com\/web\/wp-json\/wp\/v2\/product_tag?post=630126"}],"curies":[{"name":"wp","href":"https:\/\/api.w.org\/{rel}","templated":true}]}}