{"id":630074,"date":"2024-10-28T15:22:30","date_gmt":"2024-10-28T15:22:30","guid":{"rendered":"https:\/\/aukinkochile.com\/web\/producto\/juego-de-mesa-pequeno-observador\/"},"modified":"2025-08-05T22:14:22","modified_gmt":"2025-08-05T22:14:22","slug":"juego-de-mesa-pequeno-observador","status":"publish","type":"product","link":"https:\/\/aukinkochile.com\/web\/producto\/juego-de-mesa-pequeno-observador\/","title":{"rendered":"Juego de Mesa Peque\u00f1o Observador"},"content":{"rendered":"<p>Juego de observaci\u00f3n y velocidad. Las peque\u00f1as mariposas revolotean por el jard\u00edn. Que jugador ser\u00e1 el mas observador y capturara primero la mariposa correspondiente a la combinaci\u00f3n de dados? Juego especialmente dise\u00f1ado para ni\u00f1os peque\u00f1os. Animales divertidos, reglas sencillas y tiempos de juego precisos. Contiene 9 mariposas de pl\u00e1stico blando, 2 dados y 30 fichas. De 2 a 4 jugadores..<\/p>\n<p><p><strong>Material : <\/strong> Cart\u00f3n Duro, Madera y Pl\u00e1stico<\/p>\n<p><strong>C\u00f3digo Aukinko : <\/strong> 14-58551<\/p>\n<p><strong>C\u00f3digo Convenio Marco : <\/strong> x<\/p>\n","protected":false},"excerpt":{"rendered":"<p>Juego de observaci\u00f3n y velocidad. Las peque\u00f1as mariposas revolotean por el jard\u00edn. Que jugador ser\u00e1 el mas observador y capturara primero la mariposa correspondiente a la combinaci\u00f3n de dados? Juego especialmente dise\u00f1ado para ni\u00f1os peque\u00f1os. Animales divertidos, reglas sencillas y tiempos de juego precisos. Contiene 9 mariposas de pl\u00e1stico blando, 2 dados y 30 fichas. [&hellip;]<\/p>\n","protected":false},"featured_media":624427,"comment_status":"open","ping_status":"closed","template":"","meta":{"_et_pb_use_builder":"","_et_pb_old_content":"","_et_gb_content_width":""},"product_brand":[],"product_cat":[149],"product_tag":[],"class_list":{"0":"post-630074","1":"product","2":"type-product","3":"status-publish","4":"has-post-thumbnail","6":"product_cat-juegos-de-mesa","7":"pa_edad-2-a-3-anos","8":"pa_edad-3-a-4-anos","9":"pa_edad-4-a-5-anos","10":"pa_marca-djeco","11":"pa_medidas-4453","12":"pa_medidas-5-x-21","13":"pa_medidas-5-x-5-cm-caja","15":"first","16":"instock","17":"shipping-taxable","18":"purchasable","19":"product-type-simple"},"aioseo_notices":[],"_links":{"self":[{"href":"https:\/\/aukinkochile.com\/web\/wp-json\/wp\/v2\/product\/630074","targetHints":{"allow":["GET"]}}],"collection":[{"href":"https:\/\/aukinkochile.com\/web\/wp-json\/wp\/v2\/product"}],"about":[{"href":"https:\/\/aukinkochile.com\/web\/wp-json\/wp\/v2\/types\/product"}],"replies":[{"embeddable":true,"href":"https:\/\/aukinkochile.com\/web\/wp-json\/wp\/v2\/comments?post=630074"}],"wp:featuredmedia":[{"embeddable":true,"href":"https:\/\/aukinkochile.com\/web\/wp-json\/wp\/v2\/media\/624427"}],"wp:attachment":[{"href":"https:\/\/aukinkochile.com\/web\/wp-json\/wp\/v2\/media?parent=630074"}],"wp:term":[{"taxonomy":"product_brand","embeddable":true,"href":"https:\/\/aukinkochile.com\/web\/wp-json\/wp\/v2\/product_brand?post=630074"},{"taxonomy":"product_cat","embeddable":true,"href":"https:\/\/aukinkochile.com\/web\/wp-json\/wp\/v2\/product_cat?post=630074"},{"taxonomy":"product_tag","embeddable":true,"href":"https:\/\/aukinkochile.com\/web\/wp-json\/wp\/v2\/product_tag?post=630074"}],"curies":[{"name":"wp","href":"https:\/\/api.w.org\/{rel}","templated":true}]}}