{"id":630053,"date":"2024-10-28T15:21:56","date_gmt":"2024-10-28T15:21:56","guid":{"rendered":"https:\/\/aukinkochile.com\/web\/producto\/juego-de-mesa-memo-bloques-sonido\/"},"modified":"2025-08-05T22:14:10","modified_gmt":"2025-08-05T22:14:10","slug":"juego-de-mesa-memo-bloques-sonido","status":"publish","type":"product","link":"https:\/\/aukinkochile.com\/web\/producto\/juego-de-mesa-memo-bloques-sonido\/","title":{"rendered":"Juego de Mesa Memo Bloques Sonido"},"content":{"rendered":"<p>Divertido juego de memoria y combinaci\u00f3n de sonidos para pasar horas de diversi\u00f3n. Los ni\u00f1os y ni\u00f1as deben encontrar los pares de los animales seg\u00fan su sonido, dise\u00f1ado para jugar de 2 a 4 jugadores. Un juego que estimula la concentraci\u00f3n, el sentido del o\u00eddo, el reconocimiento de los sonidos, y mucho mas. Tiempo estimado de juego 15 minutos. Incluye 12 cubos de sonidos, 1 bolsa de genero y un tablero de juego. Instrucciones en 10 idiomas. Fabricado en papel y cart\u00f3n FSC certificado.<\/p>\n<p><p><strong>Material : <\/strong> Papel y Cart\u00f3n FSC<\/p>\n<p><strong>C\u00f3digo Aukinko : <\/strong> 14-58260<\/p>\n<p><strong>C\u00f3digo Convenio Marco : <\/strong> x<\/p>\n","protected":false},"excerpt":{"rendered":"<p>Divertido juego de memoria y combinaci\u00f3n de sonidos para pasar horas de diversi\u00f3n. Los ni\u00f1os y ni\u00f1as deben encontrar los pares de los animales seg\u00fan su sonido, dise\u00f1ado para jugar de 2 a 4 jugadores. Un juego que estimula la concentraci\u00f3n, el sentido del o\u00eddo, el reconocimiento de los sonidos, y mucho mas. Tiempo estimado [&hellip;]<\/p>\n","protected":false},"featured_media":624111,"comment_status":"open","ping_status":"closed","template":"","meta":{"_et_pb_use_builder":"","_et_pb_old_content":"","_et_gb_content_width":""},"product_brand":[],"product_cat":[149],"product_tag":[],"class_list":{"0":"post-630053","1":"product","2":"type-product","3":"status-publish","4":"has-post-thumbnail","6":"product_cat-juegos-de-mesa","7":"pa_edad-4-a-5-anos","8":"pa_edad-5-a-6-anos","9":"pa_marca-djeco","10":"pa_medidas-22-x-4-cm","12":"first","13":"instock","14":"shipping-taxable","15":"purchasable","16":"product-type-simple"},"aioseo_notices":[],"_links":{"self":[{"href":"https:\/\/aukinkochile.com\/web\/wp-json\/wp\/v2\/product\/630053","targetHints":{"allow":["GET"]}}],"collection":[{"href":"https:\/\/aukinkochile.com\/web\/wp-json\/wp\/v2\/product"}],"about":[{"href":"https:\/\/aukinkochile.com\/web\/wp-json\/wp\/v2\/types\/product"}],"replies":[{"embeddable":true,"href":"https:\/\/aukinkochile.com\/web\/wp-json\/wp\/v2\/comments?post=630053"}],"wp:featuredmedia":[{"embeddable":true,"href":"https:\/\/aukinkochile.com\/web\/wp-json\/wp\/v2\/media\/624111"}],"wp:attachment":[{"href":"https:\/\/aukinkochile.com\/web\/wp-json\/wp\/v2\/media?parent=630053"}],"wp:term":[{"taxonomy":"product_brand","embeddable":true,"href":"https:\/\/aukinkochile.com\/web\/wp-json\/wp\/v2\/product_brand?post=630053"},{"taxonomy":"product_cat","embeddable":true,"href":"https:\/\/aukinkochile.com\/web\/wp-json\/wp\/v2\/product_cat?post=630053"},{"taxonomy":"product_tag","embeddable":true,"href":"https:\/\/aukinkochile.com\/web\/wp-json\/wp\/v2\/product_tag?post=630053"}],"curies":[{"name":"wp","href":"https:\/\/api.w.org\/{rel}","templated":true}]}}