{"id":629982,"date":"2024-10-28T15:17:42","date_gmt":"2024-10-28T15:17:42","guid":{"rendered":"https:\/\/aukinkochile.com\/web\/producto\/puzle-silueta-36-pz-robot\/"},"modified":"2025-08-05T22:13:32","modified_gmt":"2025-08-05T22:13:32","slug":"puzle-silueta-36-pz-robot","status":"publish","type":"product","link":"https:\/\/aukinkochile.com\/web\/producto\/puzle-silueta-36-pz-robot\/","title":{"rendered":"Puzle Silueta 36 pz Robot"},"content":{"rendered":"<p>Puzle de 36 piezas que cuenta una entretenida historia. Su caja es la silueta de el tema de el puzle por lo que es tambi\u00e9n un decorativo adorno para la pieza de los ni\u00f1os. De gran calidad y resistencia. Puzle de 42 x 30 cm armado.<\/p>\n<p><p><strong>Material : <\/strong> Cart\u00f3n FSC<\/p>\n<p><strong>C\u00f3digo Aukinko : <\/strong> 14-57239<\/p>\n<p><strong>C\u00f3digo Convenio Marco : <\/strong> x<\/p>\n","protected":false},"excerpt":{"rendered":"<p>Puzle de 36 piezas que cuenta una entretenida historia. Su caja es la silueta de el tema de el puzle por lo que es tambi\u00e9n un decorativo adorno para la pieza de los ni\u00f1os. De gran calidad y resistencia. Puzle de 42 x 30 cm armado. Material : Cart\u00f3n FSC C\u00f3digo Aukinko : 14-57239 C\u00f3digo [&hellip;]<\/p>\n","protected":false},"featured_media":602302,"comment_status":"open","ping_status":"closed","template":"","meta":{"_et_pb_use_builder":"","_et_pb_old_content":"","_et_gb_content_width":""},"product_brand":[],"product_cat":[20,22],"product_tag":[],"class_list":{"0":"post-629982","1":"product","2":"type-product","3":"status-publish","4":"has-post-thumbnail","6":"product_cat-motricidad-fina","7":"product_cat-puzzles","8":"pa_edad-5-a-6-anos","9":"pa_edad-6-a-8-anos","10":"pa_edad-8-a-10-anos","11":"pa_marca-djeco","12":"pa_medidas-30-x-6-x-18-cm","14":"first","15":"instock","16":"shipping-taxable","17":"purchasable","18":"product-type-simple"},"aioseo_notices":[],"_links":{"self":[{"href":"https:\/\/aukinkochile.com\/web\/wp-json\/wp\/v2\/product\/629982","targetHints":{"allow":["GET"]}}],"collection":[{"href":"https:\/\/aukinkochile.com\/web\/wp-json\/wp\/v2\/product"}],"about":[{"href":"https:\/\/aukinkochile.com\/web\/wp-json\/wp\/v2\/types\/product"}],"replies":[{"embeddable":true,"href":"https:\/\/aukinkochile.com\/web\/wp-json\/wp\/v2\/comments?post=629982"}],"wp:featuredmedia":[{"embeddable":true,"href":"https:\/\/aukinkochile.com\/web\/wp-json\/wp\/v2\/media\/602302"}],"wp:attachment":[{"href":"https:\/\/aukinkochile.com\/web\/wp-json\/wp\/v2\/media?parent=629982"}],"wp:term":[{"taxonomy":"product_brand","embeddable":true,"href":"https:\/\/aukinkochile.com\/web\/wp-json\/wp\/v2\/product_brand?post=629982"},{"taxonomy":"product_cat","embeddable":true,"href":"https:\/\/aukinkochile.com\/web\/wp-json\/wp\/v2\/product_cat?post=629982"},{"taxonomy":"product_tag","embeddable":true,"href":"https:\/\/aukinkochile.com\/web\/wp-json\/wp\/v2\/product_tag?post=629982"}],"curies":[{"name":"wp","href":"https:\/\/api.w.org\/{rel}","templated":true}]}}