{"id":629956,"date":"2024-10-28T15:16:59","date_gmt":"2024-10-28T15:16:59","guid":{"rendered":"https:\/\/aukinkochile.com\/web\/producto\/figura-tinyly-marguerite-leopold\/"},"modified":"2025-08-05T22:13:07","modified_gmt":"2025-08-05T22:13:07","slug":"figura-tinyly-marguerite-leopold","status":"publish","type":"product","link":"https:\/\/aukinkochile.com\/web\/producto\/figura-tinyly-marguerite-leopold\/","title":{"rendered":"Figura Tinyly Marguerite &#038; Leopold"},"content":{"rendered":"<p>Conoce a la feliz pareja, la novia Marguerite y el novio Leopold con sus fieles compa\u00f1eros Margo y Leo. Margarite lleva un vestido blanco corto al que puedes poner una falda larga incluida para hacer su traje de novia. Figuritas inspiradas en la tendencia art\u00edstica de Tinyly, creados por dise\u00f1adores e ilustradores contempor\u00e1neos. Personajes articulados y pintados para coleccionar. Vive aventuras incre\u00edbles. Para comprar solo en tiendas, traemos muy pocas unidades de cada uno. Figuras de 7,5 cm<\/p>\n<p><p><strong>Material : <\/strong> Pl\u00e1stico<\/p>\n<p><strong>C\u00f3digo Aukinko : <\/strong> 14-56959<\/p>\n<p><strong>C\u00f3digo Convenio Marco : <\/strong> x<\/p>\n","protected":false},"excerpt":{"rendered":"<p>Conoce a la feliz pareja, la novia Marguerite y el novio Leopold con sus fieles compa\u00f1eros Margo y Leo. Margarite lleva un vestido blanco corto al que puedes poner una falda larga incluida para hacer su traje de novia. Figuritas inspiradas en la tendencia art\u00edstica de Tinyly, creados por dise\u00f1adores e ilustradores contempor\u00e1neos. Personajes articulados [&hellip;]<\/p>\n","protected":false},"featured_media":602280,"comment_status":"open","ping_status":"closed","template":"","meta":{"_et_pb_use_builder":"","_et_pb_old_content":"","_et_gb_content_width":""},"product_brand":[],"product_cat":[212],"product_tag":[],"class_list":{"0":"post-629956","1":"product","2":"type-product","3":"status-publish","4":"has-post-thumbnail","6":"product_cat-munecos-y-figuras","7":"pa_edad-10-anos","8":"pa_edad-4-a-5-anos","9":"pa_edad-5-a-6-anos","10":"pa_edad-6-a-8-anos","11":"pa_edad-8-a-10-anos","12":"pa_marca-djeco","13":"pa_medidas-4481","14":"pa_medidas-3-cm","15":"pa_medidas-7-x-4-x-18","17":"first","18":"instock","19":"shipping-taxable","20":"purchasable","21":"product-type-simple"},"aioseo_notices":[],"_links":{"self":[{"href":"https:\/\/aukinkochile.com\/web\/wp-json\/wp\/v2\/product\/629956","targetHints":{"allow":["GET"]}}],"collection":[{"href":"https:\/\/aukinkochile.com\/web\/wp-json\/wp\/v2\/product"}],"about":[{"href":"https:\/\/aukinkochile.com\/web\/wp-json\/wp\/v2\/types\/product"}],"replies":[{"embeddable":true,"href":"https:\/\/aukinkochile.com\/web\/wp-json\/wp\/v2\/comments?post=629956"}],"wp:featuredmedia":[{"embeddable":true,"href":"https:\/\/aukinkochile.com\/web\/wp-json\/wp\/v2\/media\/602280"}],"wp:attachment":[{"href":"https:\/\/aukinkochile.com\/web\/wp-json\/wp\/v2\/media?parent=629956"}],"wp:term":[{"taxonomy":"product_brand","embeddable":true,"href":"https:\/\/aukinkochile.com\/web\/wp-json\/wp\/v2\/product_brand?post=629956"},{"taxonomy":"product_cat","embeddable":true,"href":"https:\/\/aukinkochile.com\/web\/wp-json\/wp\/v2\/product_cat?post=629956"},{"taxonomy":"product_tag","embeddable":true,"href":"https:\/\/aukinkochile.com\/web\/wp-json\/wp\/v2\/product_tag?post=629956"}],"curies":[{"name":"wp","href":"https:\/\/api.w.org\/{rel}","templated":true}]}}