{"id":629903,"date":"2024-10-28T15:13:43","date_gmt":"2024-10-28T15:13:43","guid":{"rendered":"https:\/\/aukinkochile.com\/web\/producto\/circuito-madera-zig-go-25-pz\/"},"modified":"2025-08-05T22:13:00","modified_gmt":"2025-08-05T22:13:00","slug":"circuito-madera-zig-go-25-pz","status":"publish","type":"product","link":"https:\/\/aukinkochile.com\/web\/producto\/circuito-madera-zig-go-25-pz\/","title":{"rendered":"Circuito Madera Zig &#038; Go 25 pz"},"content":{"rendered":"<p>D\u00e9jate cautivar por este juego de construcci\u00f3n de reacci\u00f3n en cadena de 25 piezas. Un gran juguete de introducci\u00f3n para aprender conceptos f\u00edsicos como gravedad, fuerza e impulso, y c\u00f3mo se puede crear una reacci\u00f3n en cadena. Este juego de 25 piezas con domin\u00f3 de madera, bolas y componentes inspirar\u00e1 la creatividad y desarrollar\u00e1 habilidades como la resoluci\u00f3n de problemas y el pensamiento cr\u00edtico. Incluye folleto de instrucciones.<\/p>\n<p><p><strong>Material : <\/strong> Madera<\/p>\n<p><strong>C\u00f3digo Aukinko : <\/strong> 14-55642<\/p>\n<p><strong>C\u00f3digo Convenio Marco : <\/strong> x<\/p>\n","protected":false},"excerpt":{"rendered":"<p>D\u00e9jate cautivar por este juego de construcci\u00f3n de reacci\u00f3n en cadena de 25 piezas. Un gran juguete de introducci\u00f3n para aprender conceptos f\u00edsicos como gravedad, fuerza e impulso, y c\u00f3mo se puede crear una reacci\u00f3n en cadena. Este juego de 25 piezas con domin\u00f3 de madera, bolas y componentes inspirar\u00e1 la creatividad y desarrollar\u00e1 habilidades [&hellip;]<\/p>\n","protected":false},"featured_media":623846,"comment_status":"open","ping_status":"closed","template":"","meta":{"_et_pb_use_builder":"","_et_pb_old_content":"","_et_gb_content_width":""},"product_brand":[],"product_cat":[21,19,20],"product_tag":[],"class_list":{"0":"post-629903","1":"product","2":"type-product","3":"status-publish","4":"has-post-thumbnail","6":"product_cat-arte-y-manipulacion","7":"product_cat-construccion","8":"product_cat-motricidad-fina","9":"pa_edad-10-anos","10":"pa_edad-6-a-8-anos","11":"pa_edad-8-a-10-anos","12":"pa_marca-djeco","13":"pa_medidas-25-x-25-x-5-cm","15":"first","16":"instock","17":"shipping-taxable","18":"purchasable","19":"product-type-simple"},"aioseo_notices":[],"_links":{"self":[{"href":"https:\/\/aukinkochile.com\/web\/wp-json\/wp\/v2\/product\/629903","targetHints":{"allow":["GET"]}}],"collection":[{"href":"https:\/\/aukinkochile.com\/web\/wp-json\/wp\/v2\/product"}],"about":[{"href":"https:\/\/aukinkochile.com\/web\/wp-json\/wp\/v2\/types\/product"}],"replies":[{"embeddable":true,"href":"https:\/\/aukinkochile.com\/web\/wp-json\/wp\/v2\/comments?post=629903"}],"wp:featuredmedia":[{"embeddable":true,"href":"https:\/\/aukinkochile.com\/web\/wp-json\/wp\/v2\/media\/623846"}],"wp:attachment":[{"href":"https:\/\/aukinkochile.com\/web\/wp-json\/wp\/v2\/media?parent=629903"}],"wp:term":[{"taxonomy":"product_brand","embeddable":true,"href":"https:\/\/aukinkochile.com\/web\/wp-json\/wp\/v2\/product_brand?post=629903"},{"taxonomy":"product_cat","embeddable":true,"href":"https:\/\/aukinkochile.com\/web\/wp-json\/wp\/v2\/product_cat?post=629903"},{"taxonomy":"product_tag","embeddable":true,"href":"https:\/\/aukinkochile.com\/web\/wp-json\/wp\/v2\/product_tag?post=629903"}],"curies":[{"name":"wp","href":"https:\/\/api.w.org\/{rel}","templated":true}]}}