{"id":629901,"date":"2024-10-28T15:13:39","date_gmt":"2024-10-28T15:13:39","guid":{"rendered":"https:\/\/aukinkochile.com\/web\/producto\/pista-garaje-autos-crazy\/"},"modified":"2025-08-05T22:12:59","modified_gmt":"2025-08-05T22:12:59","slug":"pista-garaje-autos-crazy","status":"publish","type":"product","link":"https:\/\/aukinkochile.com\/web\/producto\/pista-garaje-autos-crazy\/","title":{"rendered":"Pista Garaje Autos Crazy"},"content":{"rendered":"<p>Hermoso garaje de madera con hermosa ilustraci\u00f3n y dise\u00f1o para pasar horas de diversi\u00f3n. Encaja perfectamente en el mundo de Crazy Motors de Djeco. Accesorios desmontables: ruedas y estaciones de carga el\u00e9ctrica. El elevador es de f\u00e1cil uso para los m\u00e1s peque\u00f1os y tiene un amplio aparcamiento. Contiene 1 garaje de madera de 1 nivel, 1 ascensor, 1 rampa, 1 lavadero de coches y 2 estaciones de carga el\u00e9ctrica. Recomendado para ni\u00f1os y ni\u00f1as entre 3 y 9 a\u00f1os. Fabricado en madera de excelente calidad.<\/p>\n<p><p><strong>Material : <\/strong> Madera y Metal<\/p>\n<p><strong>C\u00f3digo Aukinko : <\/strong> 14-55495<\/p>\n<p><strong>C\u00f3digo Convenio Marco : <\/strong> x<\/p>\n","protected":false},"excerpt":{"rendered":"<p>Hermoso garaje de madera con hermosa ilustraci\u00f3n y dise\u00f1o para pasar horas de diversi\u00f3n. Encaja perfectamente en el mundo de Crazy Motors de Djeco. Accesorios desmontables: ruedas y estaciones de carga el\u00e9ctrica. El elevador es de f\u00e1cil uso para los m\u00e1s peque\u00f1os y tiene un amplio aparcamiento. Contiene 1 garaje de madera de 1 nivel, [&hellip;]<\/p>\n","protected":false},"featured_media":629900,"comment_status":"open","ping_status":"closed","template":"","meta":{"_et_pb_use_builder":"","_et_pb_old_content":"","_et_gb_content_width":""},"product_brand":[],"product_cat":[17,212],"product_tag":[],"class_list":{"0":"post-629901","1":"product","2":"type-product","3":"status-publish","4":"has-post-thumbnail","6":"product_cat-juegos-de-rol","7":"product_cat-munecos-y-figuras","8":"pa_edad-3-a-4-anos","9":"pa_edad-4-a-5-anos","10":"pa_edad-5-a-6-anos","11":"pa_edad-6-a-8-anos","12":"pa_marca-djeco","13":"pa_medidas-40-x-32-x-26-cm","15":"first","16":"instock","17":"shipping-taxable","18":"purchasable","19":"product-type-simple"},"aioseo_notices":[],"_links":{"self":[{"href":"https:\/\/aukinkochile.com\/web\/wp-json\/wp\/v2\/product\/629901","targetHints":{"allow":["GET"]}}],"collection":[{"href":"https:\/\/aukinkochile.com\/web\/wp-json\/wp\/v2\/product"}],"about":[{"href":"https:\/\/aukinkochile.com\/web\/wp-json\/wp\/v2\/types\/product"}],"replies":[{"embeddable":true,"href":"https:\/\/aukinkochile.com\/web\/wp-json\/wp\/v2\/comments?post=629901"}],"wp:featuredmedia":[{"embeddable":true,"href":"https:\/\/aukinkochile.com\/web\/wp-json\/wp\/v2\/media\/629900"}],"wp:attachment":[{"href":"https:\/\/aukinkochile.com\/web\/wp-json\/wp\/v2\/media?parent=629901"}],"wp:term":[{"taxonomy":"product_brand","embeddable":true,"href":"https:\/\/aukinkochile.com\/web\/wp-json\/wp\/v2\/product_brand?post=629901"},{"taxonomy":"product_cat","embeddable":true,"href":"https:\/\/aukinkochile.com\/web\/wp-json\/wp\/v2\/product_cat?post=629901"},{"taxonomy":"product_tag","embeddable":true,"href":"https:\/\/aukinkochile.com\/web\/wp-json\/wp\/v2\/product_tag?post=629901"}],"curies":[{"name":"wp","href":"https:\/\/api.w.org\/{rel}","templated":true}]}}