{"id":629893,"date":"2024-10-28T15:13:29","date_gmt":"2024-10-28T15:13:29","guid":{"rendered":"https:\/\/aukinkochile.com\/web\/producto\/auto-crazy-turbo-spider\/"},"modified":"2025-08-05T22:12:59","modified_gmt":"2025-08-05T22:12:59","slug":"auto-crazy-turbo-spider","status":"publish","type":"product","link":"https:\/\/aukinkochile.com\/web\/producto\/auto-crazy-turbo-spider\/","title":{"rendered":"Auto Crazy Turbo Spider"},"content":{"rendered":"<p>Hermoso auto de metal para coleccionar con un dise\u00f1o exclusivo de Djeco, de material suave y resistente, incluye un divertido personaje de conductor. Para los fan\u00e1ticos de los autos un juguete ideal. Incluye suspensi\u00f3n ara las carreras mas dif\u00edciles. Recomendado a partir de 3 a\u00f1os.<\/p>\n<p><p><strong>Material : <\/strong> Metal y Pl\u00e1stico<\/p>\n<p><strong>C\u00f3digo Aukinko : <\/strong> 14-55489<\/p>\n<p><strong>C\u00f3digo Convenio Marco : <\/strong> x<\/p>\n","protected":false},"excerpt":{"rendered":"<p>Hermoso auto de metal para coleccionar con un dise\u00f1o exclusivo de Djeco, de material suave y resistente, incluye un divertido personaje de conductor. Para los fan\u00e1ticos de los autos un juguete ideal. Incluye suspensi\u00f3n ara las carreras mas dif\u00edciles. Recomendado a partir de 3 a\u00f1os. Material : Metal y Pl\u00e1stico C\u00f3digo Aukinko : 14-55489 C\u00f3digo [&hellip;]<\/p>\n","protected":false},"featured_media":623840,"comment_status":"open","ping_status":"closed","template":"","meta":{"_et_pb_use_builder":"","_et_pb_old_content":"","_et_gb_content_width":""},"product_brand":[],"product_cat":[212],"product_tag":[],"class_list":{"0":"post-629893","1":"product","2":"type-product","3":"status-publish","4":"has-post-thumbnail","6":"product_cat-munecos-y-figuras","7":"pa_edad-3-a-4-anos","8":"pa_edad-4-a-5-anos","9":"pa_edad-5-a-6-anos","10":"pa_edad-6-a-8-anos","11":"pa_edad-8-a-10-anos","12":"pa_marca-djeco","13":"pa_medidas-12-x-10-cm","15":"first","16":"instock","17":"shipping-taxable","18":"purchasable","19":"product-type-simple"},"aioseo_notices":[],"_links":{"self":[{"href":"https:\/\/aukinkochile.com\/web\/wp-json\/wp\/v2\/product\/629893","targetHints":{"allow":["GET"]}}],"collection":[{"href":"https:\/\/aukinkochile.com\/web\/wp-json\/wp\/v2\/product"}],"about":[{"href":"https:\/\/aukinkochile.com\/web\/wp-json\/wp\/v2\/types\/product"}],"replies":[{"embeddable":true,"href":"https:\/\/aukinkochile.com\/web\/wp-json\/wp\/v2\/comments?post=629893"}],"wp:featuredmedia":[{"embeddable":true,"href":"https:\/\/aukinkochile.com\/web\/wp-json\/wp\/v2\/media\/623840"}],"wp:attachment":[{"href":"https:\/\/aukinkochile.com\/web\/wp-json\/wp\/v2\/media?parent=629893"}],"wp:term":[{"taxonomy":"product_brand","embeddable":true,"href":"https:\/\/aukinkochile.com\/web\/wp-json\/wp\/v2\/product_brand?post=629893"},{"taxonomy":"product_cat","embeddable":true,"href":"https:\/\/aukinkochile.com\/web\/wp-json\/wp\/v2\/product_cat?post=629893"},{"taxonomy":"product_tag","embeddable":true,"href":"https:\/\/aukinkochile.com\/web\/wp-json\/wp\/v2\/product_tag?post=629893"}],"curies":[{"name":"wp","href":"https:\/\/api.w.org\/{rel}","templated":true}]}}