{"id":629844,"date":"2024-10-28T15:12:12","date_gmt":"2024-10-28T15:12:12","guid":{"rendered":"https:\/\/aukinkochile.com\/web\/producto\/cartas-mini-familia-cuarteto\/"},"modified":"2025-08-05T22:12:46","modified_gmt":"2025-08-05T22:12:46","slug":"cartas-mini-familia-cuarteto","status":"publish","type":"product","link":"https:\/\/aukinkochile.com\/web\/producto\/cartas-mini-familia-cuarteto\/","title":{"rendered":"Cartas Mini Familia Cuarteto"},"content":{"rendered":"<p>Juego de cartas de 2 a 4 jugadores. Un juego para peque\u00f1os. Familias felices, 7 familias imaginarias con 4 personajes. <\/p>\n<p><p><strong>Material : <\/strong> Cart\u00f3n FSC<\/p>\n<p><strong>C\u00f3digo Aukinko : <\/strong> 14-55101<\/p>\n<p><strong>C\u00f3digo Convenio Marco : <\/strong> x<\/p>\n","protected":false},"excerpt":{"rendered":"<p>Juego de cartas de 2 a 4 jugadores. Un juego para peque\u00f1os. Familias felices, 7 familias imaginarias con 4 personajes. Material : Cart\u00f3n FSC C\u00f3digo Aukinko : 14-55101 C\u00f3digo Convenio Marco : x<\/p>\n","protected":false},"featured_media":623779,"comment_status":"open","ping_status":"closed","template":"","meta":{"_et_pb_use_builder":"","_et_pb_old_content":"","_et_gb_content_width":""},"product_brand":[],"product_cat":[149],"product_tag":[],"class_list":{"0":"post-629844","1":"product","2":"type-product","3":"status-publish","4":"has-post-thumbnail","6":"product_cat-juegos-de-mesa","7":"pa_edad-4-a-5-anos","8":"pa_edad-5-a-6-anos","9":"pa_edad-6-a-8-anos","10":"pa_marca-djeco","11":"pa_medidas-4478","12":"pa_medidas-5-x-2","13":"pa_medidas-7-x-8","14":"pa_medidas-8-cm","16":"first","17":"instock","18":"shipping-taxable","19":"purchasable","20":"product-type-simple"},"aioseo_notices":[],"_links":{"self":[{"href":"https:\/\/aukinkochile.com\/web\/wp-json\/wp\/v2\/product\/629844","targetHints":{"allow":["GET"]}}],"collection":[{"href":"https:\/\/aukinkochile.com\/web\/wp-json\/wp\/v2\/product"}],"about":[{"href":"https:\/\/aukinkochile.com\/web\/wp-json\/wp\/v2\/types\/product"}],"replies":[{"embeddable":true,"href":"https:\/\/aukinkochile.com\/web\/wp-json\/wp\/v2\/comments?post=629844"}],"wp:featuredmedia":[{"embeddable":true,"href":"https:\/\/aukinkochile.com\/web\/wp-json\/wp\/v2\/media\/623779"}],"wp:attachment":[{"href":"https:\/\/aukinkochile.com\/web\/wp-json\/wp\/v2\/media?parent=629844"}],"wp:term":[{"taxonomy":"product_brand","embeddable":true,"href":"https:\/\/aukinkochile.com\/web\/wp-json\/wp\/v2\/product_brand?post=629844"},{"taxonomy":"product_cat","embeddable":true,"href":"https:\/\/aukinkochile.com\/web\/wp-json\/wp\/v2\/product_cat?post=629844"},{"taxonomy":"product_tag","embeddable":true,"href":"https:\/\/aukinkochile.com\/web\/wp-json\/wp\/v2\/product_tag?post=629844"}],"curies":[{"name":"wp","href":"https:\/\/api.w.org\/{rel}","templated":true}]}}