{"id":629804,"date":"2024-10-28T15:09:25","date_gmt":"2024-10-28T15:09:25","guid":{"rendered":"https:\/\/aukinkochile.com\/web\/producto\/lapices-destacadores-mini-6-pz\/"},"modified":"2025-08-05T22:12:37","modified_gmt":"2025-08-05T22:12:37","slug":"lapices-destacadores-mini-6-pz","status":"publish","type":"product","link":"https:\/\/aukinkochile.com\/web\/producto\/lapices-destacadores-mini-6-pz\/","title":{"rendered":"L\u00e1pices Destacadores Mini 6 pz"},"content":{"rendered":"<p>Con estos l\u00e1pices mini destacadores los peque\u00f1os y pe\u00f1as escritoras podr\u00e1n tomar nota de lo que quieran. Su pr\u00e1ctico pero efectivo tama\u00f1o facilitar\u00e1 su almacenamiento en estuches y peque\u00f1as mochilas. Vienen en lindos colores: rosa, p\u00farpura, naranja, amarillo, verde y azul.<\/p>\n<p><p><strong>Material : <\/strong> Pl\u00e1stico<\/p>\n<p><strong>C\u00f3digo Aukinko : <\/strong> 14-53757<\/p>\n<p><strong>C\u00f3digo Convenio Marco : <\/strong> x<\/p>\n","protected":false},"excerpt":{"rendered":"<p>Con estos l\u00e1pices mini destacadores los peque\u00f1os y pe\u00f1as escritoras podr\u00e1n tomar nota de lo que quieran. Su pr\u00e1ctico pero efectivo tama\u00f1o facilitar\u00e1 su almacenamiento en estuches y peque\u00f1as mochilas. Vienen en lindos colores: rosa, p\u00farpura, naranja, amarillo, verde y azul. Material : Pl\u00e1stico C\u00f3digo Aukinko : 14-53757 C\u00f3digo Convenio Marco : x<\/p>\n","protected":false},"featured_media":629803,"comment_status":"open","ping_status":"closed","template":"","meta":{"_et_pb_use_builder":"","_et_pb_old_content":"","_et_gb_content_width":""},"product_brand":[],"product_cat":[21],"product_tag":[],"class_list":{"0":"post-629804","1":"product","2":"type-product","3":"status-publish","4":"has-post-thumbnail","6":"product_cat-arte-y-manipulacion","7":"pa_edad-10-anos","8":"pa_edad-6-a-8-anos","9":"pa_edad-8-a-10-anos","10":"pa_marca-djeco","11":"pa_medidas-8-cm","12":"pa_medidas-8-x-8-x-1","14":"first","15":"instock","16":"shipping-taxable","17":"purchasable","18":"product-type-simple"},"aioseo_notices":[],"_links":{"self":[{"href":"https:\/\/aukinkochile.com\/web\/wp-json\/wp\/v2\/product\/629804","targetHints":{"allow":["GET"]}}],"collection":[{"href":"https:\/\/aukinkochile.com\/web\/wp-json\/wp\/v2\/product"}],"about":[{"href":"https:\/\/aukinkochile.com\/web\/wp-json\/wp\/v2\/types\/product"}],"replies":[{"embeddable":true,"href":"https:\/\/aukinkochile.com\/web\/wp-json\/wp\/v2\/comments?post=629804"}],"wp:featuredmedia":[{"embeddable":true,"href":"https:\/\/aukinkochile.com\/web\/wp-json\/wp\/v2\/media\/629803"}],"wp:attachment":[{"href":"https:\/\/aukinkochile.com\/web\/wp-json\/wp\/v2\/media?parent=629804"}],"wp:term":[{"taxonomy":"product_brand","embeddable":true,"href":"https:\/\/aukinkochile.com\/web\/wp-json\/wp\/v2\/product_brand?post=629804"},{"taxonomy":"product_cat","embeddable":true,"href":"https:\/\/aukinkochile.com\/web\/wp-json\/wp\/v2\/product_cat?post=629804"},{"taxonomy":"product_tag","embeddable":true,"href":"https:\/\/aukinkochile.com\/web\/wp-json\/wp\/v2\/product_tag?post=629804"}],"curies":[{"name":"wp","href":"https:\/\/api.w.org\/{rel}","templated":true}]}}