{"id":629727,"date":"2024-10-28T15:07:35","date_gmt":"2024-10-28T15:07:35","guid":{"rendered":"https:\/\/aukinkochile.com\/web\/producto\/reloj-pulsera-flores\/"},"modified":"2025-08-05T22:12:29","modified_gmt":"2025-08-05T22:12:29","slug":"reloj-pulsera-flores","status":"publish","type":"product","link":"https:\/\/aukinkochile.com\/web\/producto\/reloj-pulsera-flores\/","title":{"rendered":"Reloj Pulsera Flores"},"content":{"rendered":"<p>Hermoso reloj Djeco elegante y colorido para saber la hora y divertirse. El reloj cuenta con una pantalla educativa que muestra tanto los n\u00fameros de las horas como los minutos. Movimiento japon\u00e9s silencioso. A prueba de salpicaduras. La correa de poli\u00e9ster mide 20 cm x 14mm y el reloj 3 cm di\u00e1metro. Contra agua. Bater\u00eda Sony incluida. De maravilloso dise\u00f1o Djeco.<\/p>\n<p><p><strong>Material : <\/strong> Poli\u00e9ster y Pl\u00e1stico<\/p>\n<p><strong>C\u00f3digo Aukinko : <\/strong> 14-50430<\/p>\n<p><strong>C\u00f3digo Convenio Marco : <\/strong> x<\/p>\n","protected":false},"excerpt":{"rendered":"<p>Hermoso reloj Djeco elegante y colorido para saber la hora y divertirse. El reloj cuenta con una pantalla educativa que muestra tanto los n\u00fameros de las horas como los minutos. Movimiento japon\u00e9s silencioso. A prueba de salpicaduras. La correa de poli\u00e9ster mide 20 cm x 14mm y el reloj 3 cm di\u00e1metro. Contra agua. Bater\u00eda [&hellip;]<\/p>\n","protected":false},"featured_media":623646,"comment_status":"open","ping_status":"closed","template":"","meta":{"_et_pb_use_builder":"","_et_pb_old_content":"","_et_gb_content_width":""},"product_brand":[],"product_cat":[21],"product_tag":[],"class_list":{"0":"post-629727","1":"product","2":"type-product","3":"status-publish","4":"has-post-thumbnail","6":"product_cat-arte-y-manipulacion","7":"pa_edad-10-anos","8":"pa_edad-5-a-6-anos","9":"pa_edad-6-a-8-anos","10":"pa_edad-8-a-10-anos","11":"pa_marca-djeco","12":"pa_medidas-5-cm-caja","13":"pa_medidas-5-x-22-x-1","15":"first","16":"instock","17":"shipping-taxable","18":"purchasable","19":"product-type-simple"},"aioseo_notices":[],"_links":{"self":[{"href":"https:\/\/aukinkochile.com\/web\/wp-json\/wp\/v2\/product\/629727","targetHints":{"allow":["GET"]}}],"collection":[{"href":"https:\/\/aukinkochile.com\/web\/wp-json\/wp\/v2\/product"}],"about":[{"href":"https:\/\/aukinkochile.com\/web\/wp-json\/wp\/v2\/types\/product"}],"replies":[{"embeddable":true,"href":"https:\/\/aukinkochile.com\/web\/wp-json\/wp\/v2\/comments?post=629727"}],"wp:featuredmedia":[{"embeddable":true,"href":"https:\/\/aukinkochile.com\/web\/wp-json\/wp\/v2\/media\/623646"}],"wp:attachment":[{"href":"https:\/\/aukinkochile.com\/web\/wp-json\/wp\/v2\/media?parent=629727"}],"wp:term":[{"taxonomy":"product_brand","embeddable":true,"href":"https:\/\/aukinkochile.com\/web\/wp-json\/wp\/v2\/product_brand?post=629727"},{"taxonomy":"product_cat","embeddable":true,"href":"https:\/\/aukinkochile.com\/web\/wp-json\/wp\/v2\/product_cat?post=629727"},{"taxonomy":"product_tag","embeddable":true,"href":"https:\/\/aukinkochile.com\/web\/wp-json\/wp\/v2\/product_tag?post=629727"}],"curies":[{"name":"wp","href":"https:\/\/api.w.org\/{rel}","templated":true}]}}