{"id":629686,"date":"2024-10-18T15:04:20","date_gmt":"2024-10-18T15:04:20","guid":{"rendered":"https:\/\/aukinkochile.com\/web\/producto\/aprender-de-los-animales\/"},"modified":"2025-11-06T18:44:47","modified_gmt":"2025-11-06T18:44:47","slug":"aprender-de-los-animales","status":"publish","type":"product","link":"https:\/\/aukinkochile.com\/web\/producto\/aprender-de-los-animales\/","title":{"rendered":"Aprender de los Animales"},"content":{"rendered":"<p>\u00a1Kit completo de actividades de aprendizaje con temas de animales! Incluye juegos, rompecabezas y manualidades, todo sobre animales de todo el mundo, desde las selvas tropicales hasta el desierto. Incluye 6 proyectos con tarjetas de actividades bellamente ilustradas y llenas de datos sobre animales para fomentar el aprendizaje temprano. Incluye una escena en 3D de 4 h\u00e1bitats alrededor del mundo, una cadena alimentaria de animales para colorear con l\u00e1pices de colores, 2 dibujos para rascar con una herramienta de madera, 3 rompecabezas para clasificar tama\u00f1os, 2 tableros de juego de loter\u00eda de animales con 18 cartas y 2 tableros con im\u00e1genes adhesivas con pegatinas para agrupar animales y aprender en qu\u00e9 parte del mundo viven.<\/p>\n<p><p><strong>Material : <\/strong> Cart\u00f3n Grueso<\/p>\n<p><strong>C\u00f3digo Aukinko : <\/strong> 08-21105674<\/p>\n<p><strong>C\u00f3digo Convenio Marco : <\/strong> x<\/p>\n","protected":false},"excerpt":{"rendered":"<p>\u00a1Kit completo de actividades de aprendizaje con temas de animales! Incluye juegos, rompecabezas y manualidades, todo sobre animales de todo el mundo, desde las selvas tropicales hasta el desierto. Incluye 6 proyectos con tarjetas de actividades bellamente ilustradas y llenas de datos sobre animales para fomentar el aprendizaje temprano. Incluye una escena en 3D de [&hellip;]<\/p>\n","protected":false},"featured_media":629685,"comment_status":"open","ping_status":"closed","template":"","meta":{"_et_pb_use_builder":"","_et_pb_old_content":"","_et_gb_content_width":""},"product_brand":[],"product_cat":[92],"product_tag":[],"class_list":{"0":"post-629686","1":"product","2":"type-product","3":"status-publish","4":"has-post-thumbnail","6":"product_cat-ciencias","7":"pa_edad-4-a-5-anos","8":"pa_edad-5-a-6-anos","9":"pa_edad-6-a-8-anos","10":"pa_edad-8-a-10-anos","11":"pa_marca-galt","12":"pa_medidas-23-x-32-x-6-cm","14":"first","15":"instock","16":"shipping-taxable","17":"purchasable","18":"product-type-simple"},"aioseo_notices":[],"_links":{"self":[{"href":"https:\/\/aukinkochile.com\/web\/wp-json\/wp\/v2\/product\/629686","targetHints":{"allow":["GET"]}}],"collection":[{"href":"https:\/\/aukinkochile.com\/web\/wp-json\/wp\/v2\/product"}],"about":[{"href":"https:\/\/aukinkochile.com\/web\/wp-json\/wp\/v2\/types\/product"}],"replies":[{"embeddable":true,"href":"https:\/\/aukinkochile.com\/web\/wp-json\/wp\/v2\/comments?post=629686"}],"wp:featuredmedia":[{"embeddable":true,"href":"https:\/\/aukinkochile.com\/web\/wp-json\/wp\/v2\/media\/629685"}],"wp:attachment":[{"href":"https:\/\/aukinkochile.com\/web\/wp-json\/wp\/v2\/media?parent=629686"}],"wp:term":[{"taxonomy":"product_brand","embeddable":true,"href":"https:\/\/aukinkochile.com\/web\/wp-json\/wp\/v2\/product_brand?post=629686"},{"taxonomy":"product_cat","embeddable":true,"href":"https:\/\/aukinkochile.com\/web\/wp-json\/wp\/v2\/product_cat?post=629686"},{"taxonomy":"product_tag","embeddable":true,"href":"https:\/\/aukinkochile.com\/web\/wp-json\/wp\/v2\/product_tag?post=629686"}],"curies":[{"name":"wp","href":"https:\/\/api.w.org\/{rel}","templated":true}]}}