{"id":629682,"date":"2024-10-18T15:04:16","date_gmt":"2024-10-18T15:04:16","guid":{"rendered":"https:\/\/aukinkochile.com\/web\/producto\/aprender-de-los-dinosaurios\/"},"modified":"2025-11-06T18:44:43","modified_gmt":"2025-11-06T18:44:43","slug":"aprender-de-los-dinosaurios","status":"publish","type":"product","link":"https:\/\/aukinkochile.com\/web\/producto\/aprender-de-los-dinosaurios\/","title":{"rendered":"Aprender de los Dinosaurios"},"content":{"rendered":"<p>Divertido kit para pasar horas de diversi\u00f3n. Incluye juegos, rompecabezas y manualidades, todo sobre las criaturas prehist\u00f3ricas favoritas de los ni\u00f1os y ni\u00f1as y otras de las que quiz\u00e1s ni siquiera hayan o\u00eddo hablar. Incluye 6 proyectos con tarjetas de actividades bellamente ilustradas y llenas de datos sobre dinosaurios para fomentar el aprendizaje temprano. Incluye una l\u00ednea de tiempo coloreada, un p\u00f3ster de la Era Mesozoica con l\u00e1pices de colores, un modelo de Tiranosaurio para construir, tarjetas de cordones de Estegosaurio y Triceratops, un rompecabezas de 24 piezas con un p\u00f3ster de buscar y encontrar, un juego de memoria con dinosaurios de pie y pegatinas para descubrir m\u00e1s sobre huesos de dinosaurios y lo que les gustaba comer a los dinosaurios.<\/p>\n<p><p><strong>Material : <\/strong> Cart\u00f3n y Pl\u00e1stico<\/p>\n<p><strong>C\u00f3digo Aukinko : <\/strong> 08-21105668<\/p>\n<p><strong>C\u00f3digo Convenio Marco : <\/strong> x<\/p>\n","protected":false},"excerpt":{"rendered":"<p>Divertido kit para pasar horas de diversi\u00f3n. Incluye juegos, rompecabezas y manualidades, todo sobre las criaturas prehist\u00f3ricas favoritas de los ni\u00f1os y ni\u00f1as y otras de las que quiz\u00e1s ni siquiera hayan o\u00eddo hablar. Incluye 6 proyectos con tarjetas de actividades bellamente ilustradas y llenas de datos sobre dinosaurios para fomentar el aprendizaje temprano. Incluye [&hellip;]<\/p>\n","protected":false},"featured_media":629681,"comment_status":"open","ping_status":"closed","template":"","meta":{"_et_pb_use_builder":"","_et_pb_old_content":"","_et_gb_content_width":""},"product_brand":[],"product_cat":[92],"product_tag":[],"class_list":{"0":"post-629682","1":"product","2":"type-product","3":"status-publish","4":"has-post-thumbnail","6":"product_cat-ciencias","7":"pa_edad-4-a-5-anos","8":"pa_edad-5-a-6-anos","9":"pa_edad-6-a-8-anos","10":"pa_edad-8-a-10-anos","11":"pa_marca-galt","12":"pa_medidas-23-x-32-x-6-cm","14":"first","15":"instock","16":"shipping-taxable","17":"purchasable","18":"product-type-simple"},"aioseo_notices":[],"_links":{"self":[{"href":"https:\/\/aukinkochile.com\/web\/wp-json\/wp\/v2\/product\/629682","targetHints":{"allow":["GET"]}}],"collection":[{"href":"https:\/\/aukinkochile.com\/web\/wp-json\/wp\/v2\/product"}],"about":[{"href":"https:\/\/aukinkochile.com\/web\/wp-json\/wp\/v2\/types\/product"}],"replies":[{"embeddable":true,"href":"https:\/\/aukinkochile.com\/web\/wp-json\/wp\/v2\/comments?post=629682"}],"wp:featuredmedia":[{"embeddable":true,"href":"https:\/\/aukinkochile.com\/web\/wp-json\/wp\/v2\/media\/629681"}],"wp:attachment":[{"href":"https:\/\/aukinkochile.com\/web\/wp-json\/wp\/v2\/media?parent=629682"}],"wp:term":[{"taxonomy":"product_brand","embeddable":true,"href":"https:\/\/aukinkochile.com\/web\/wp-json\/wp\/v2\/product_brand?post=629682"},{"taxonomy":"product_cat","embeddable":true,"href":"https:\/\/aukinkochile.com\/web\/wp-json\/wp\/v2\/product_cat?post=629682"},{"taxonomy":"product_tag","embeddable":true,"href":"https:\/\/aukinkochile.com\/web\/wp-json\/wp\/v2\/product_tag?post=629682"}],"curies":[{"name":"wp","href":"https:\/\/api.w.org\/{rel}","templated":true}]}}