{"id":629670,"date":"2024-10-18T15:03:59","date_gmt":"2024-10-18T15:03:59","guid":{"rendered":"https:\/\/aukinkochile.com\/web\/producto\/manualidades-aviones-de-papel\/"},"modified":"2025-11-06T18:44:27","modified_gmt":"2025-11-06T18:44:27","slug":"manualidades-aviones-de-papel","status":"publish","type":"product","link":"https:\/\/aukinkochile.com\/web\/producto\/manualidades-aviones-de-papel\/","title":{"rendered":"Crear Aviones de Papel"},"content":{"rendered":"<p>Juego para hacer 10 aviones de diferentes modelos y de papeles diferentes, con gu\u00eda paso a paso. Incluye 40 hojas de papel con dibujos, pegatinas y gu\u00eda.<\/p>\n<p><p><strong>Material : <\/strong> Papel<\/p>\n<p><strong>C\u00f3digo Aukinko : <\/strong> 08-21105266<\/p>\n<p><strong>C\u00f3digo Convenio Marco : <\/strong> x<\/p>\n","protected":false},"excerpt":{"rendered":"<p>Juego para hacer 10 aviones de diferentes modelos y de papeles diferentes, con gu\u00eda paso a paso. Incluye 40 hojas de papel con dibujos, pegatinas y gu\u00eda. Material : Papel C\u00f3digo Aukinko : 08-21105266 C\u00f3digo Convenio Marco : x<\/p>\n","protected":false},"featured_media":625366,"comment_status":"open","ping_status":"closed","template":"","meta":{"_et_pb_use_builder":"","_et_pb_old_content":"","_et_gb_content_width":""},"product_brand":[],"product_cat":[21,20],"product_tag":[],"class_list":{"0":"post-629670","1":"product","2":"type-product","3":"status-publish","4":"has-post-thumbnail","6":"product_cat-arte-y-manipulacion","7":"product_cat-motricidad-fina","8":"pa_edad-10-anos","9":"pa_edad-6-a-8-anos","10":"pa_edad-8-a-10-anos","11":"pa_marca-galt","12":"pa_medidas-30-x-21-x-0","13":"pa_medidas-8-cm","15":"first","16":"instock","17":"shipping-taxable","18":"purchasable","19":"product-type-simple"},"aioseo_notices":[],"_links":{"self":[{"href":"https:\/\/aukinkochile.com\/web\/wp-json\/wp\/v2\/product\/629670","targetHints":{"allow":["GET"]}}],"collection":[{"href":"https:\/\/aukinkochile.com\/web\/wp-json\/wp\/v2\/product"}],"about":[{"href":"https:\/\/aukinkochile.com\/web\/wp-json\/wp\/v2\/types\/product"}],"replies":[{"embeddable":true,"href":"https:\/\/aukinkochile.com\/web\/wp-json\/wp\/v2\/comments?post=629670"}],"wp:featuredmedia":[{"embeddable":true,"href":"https:\/\/aukinkochile.com\/web\/wp-json\/wp\/v2\/media\/625366"}],"wp:attachment":[{"href":"https:\/\/aukinkochile.com\/web\/wp-json\/wp\/v2\/media?parent=629670"}],"wp:term":[{"taxonomy":"product_brand","embeddable":true,"href":"https:\/\/aukinkochile.com\/web\/wp-json\/wp\/v2\/product_brand?post=629670"},{"taxonomy":"product_cat","embeddable":true,"href":"https:\/\/aukinkochile.com\/web\/wp-json\/wp\/v2\/product_cat?post=629670"},{"taxonomy":"product_tag","embeddable":true,"href":"https:\/\/aukinkochile.com\/web\/wp-json\/wp\/v2\/product_tag?post=629670"}],"curies":[{"name":"wp","href":"https:\/\/api.w.org\/{rel}","templated":true}]}}