{"id":629664,"date":"2024-10-18T15:03:49","date_gmt":"2024-10-18T15:03:49","guid":{"rendered":"https:\/\/aukinkochile.com\/web\/producto\/cuaderno-pintar-patrones-ocultos\/"},"modified":"2025-11-06T18:43:57","modified_gmt":"2025-11-06T18:43:57","slug":"cuaderno-pintar-patrones-ocultos","status":"publish","type":"product","link":"https:\/\/aukinkochile.com\/web\/producto\/cuaderno-pintar-patrones-ocultos\/","title":{"rendered":"Cuaderno Pintar Patrones Ocultos"},"content":{"rendered":"<p>\u00a1Divertido cuaderno con 24 im\u00e1genes para colorear y ver c\u00f3mo aparecen m\u00e1gicamente los patrones ocultos! Juego creativo para pasar horas de diversi\u00f3n sin pantalla con 24 p\u00e1ginas para colorear con rotuladores.<\/p>\n<p><p><strong>Material : <\/strong> Papel<\/p>\n<p><strong>C\u00f3digo Aukinko : <\/strong> 08-21005683<\/p>\n<p><strong>C\u00f3digo Convenio Marco : <\/strong> x<\/p>\n","protected":false},"excerpt":{"rendered":"<p>\u00a1Divertido cuaderno con 24 im\u00e1genes para colorear y ver c\u00f3mo aparecen m\u00e1gicamente los patrones ocultos! Juego creativo para pasar horas de diversi\u00f3n sin pantalla con 24 p\u00e1ginas para colorear con rotuladores. Material : Papel C\u00f3digo Aukinko : 08-21005683 C\u00f3digo Convenio Marco : x<\/p>\n","protected":false},"featured_media":629663,"comment_status":"open","ping_status":"closed","template":"","meta":{"_et_pb_use_builder":"","_et_pb_old_content":"","_et_gb_content_width":""},"product_brand":[],"product_cat":[21,149],"product_tag":[],"class_list":{"0":"post-629664","1":"product","2":"type-product","3":"status-publish","4":"has-post-thumbnail","6":"product_cat-arte-y-manipulacion","7":"product_cat-juegos-de-mesa","8":"pa_edad-3-a-4-anos","9":"pa_edad-4-a-5-anos","10":"pa_edad-5-a-6-anos","11":"pa_edad-6-a-8-anos","12":"pa_edad-8-a-10-anos","13":"pa_marca-galt","14":"pa_medidas-30-x-21-cm","16":"first","17":"instock","18":"shipping-taxable","19":"purchasable","20":"product-type-simple"},"aioseo_notices":[],"_links":{"self":[{"href":"https:\/\/aukinkochile.com\/web\/wp-json\/wp\/v2\/product\/629664","targetHints":{"allow":["GET"]}}],"collection":[{"href":"https:\/\/aukinkochile.com\/web\/wp-json\/wp\/v2\/product"}],"about":[{"href":"https:\/\/aukinkochile.com\/web\/wp-json\/wp\/v2\/types\/product"}],"replies":[{"embeddable":true,"href":"https:\/\/aukinkochile.com\/web\/wp-json\/wp\/v2\/comments?post=629664"}],"wp:featuredmedia":[{"embeddable":true,"href":"https:\/\/aukinkochile.com\/web\/wp-json\/wp\/v2\/media\/629663"}],"wp:attachment":[{"href":"https:\/\/aukinkochile.com\/web\/wp-json\/wp\/v2\/media?parent=629664"}],"wp:term":[{"taxonomy":"product_brand","embeddable":true,"href":"https:\/\/aukinkochile.com\/web\/wp-json\/wp\/v2\/product_brand?post=629664"},{"taxonomy":"product_cat","embeddable":true,"href":"https:\/\/aukinkochile.com\/web\/wp-json\/wp\/v2\/product_cat?post=629664"},{"taxonomy":"product_tag","embeddable":true,"href":"https:\/\/aukinkochile.com\/web\/wp-json\/wp\/v2\/product_tag?post=629664"}],"curies":[{"name":"wp","href":"https:\/\/api.w.org\/{rel}","templated":true}]}}