{"id":629656,"date":"2024-10-18T15:03:41","date_gmt":"2024-10-18T15:03:41","guid":{"rendered":"https:\/\/aukinkochile.com\/web\/producto\/crear-juego-exploradores\/"},"modified":"2025-11-06T18:43:41","modified_gmt":"2025-11-06T18:43:41","slug":"crear-juego-exploradores","status":"publish","type":"product","link":"https:\/\/aukinkochile.com\/web\/producto\/crear-juego-exploradores\/","title":{"rendered":"Crear Juego Exploradores"},"content":{"rendered":"<p>Divertido juego de binoculares, crea una br\u00fajula que funcione y aprende sobre mapas. \u00a1Construye una escena ant\u00e1rtica con modelos de animales, moldea estatuas egipcias y descubre formas de viajar alrededor del mundo! Incluye 8 actividades divertidas. Contenido: yeso de Par\u00eds, molde para escultura egipcia, arena, 5 pinturas de 2,5 ml, pincel, 2 anillos magn\u00e9ticos, 3 bolsas de arcilla que no se seca, 2 bolas de poliestireno, molde para hielo, lentes binoculares, 2 tubos de cart\u00f3n, cord\u00f3n de seda, 2 bolsas de pl\u00e1stico, pegamento blanco, hoja de pegatinas de vinilo, mapa, banda el\u00e1stica, hoja de tarjeta de barco en movimiento, hoja de cartas de escenas piramidales, hojas de aviones de papel, hoja de pegatinas, bloc de dibujo y gu\u00eda de 24 p\u00e1ginas.<\/p>\n<p><p><strong>Material : <\/strong> Cart\u00f3n Grueso<\/p>\n<p><strong>C\u00f3digo Aukinko : <\/strong> 08-21005665<\/p>\n<p><strong>C\u00f3digo Convenio Marco : <\/strong> x<\/p>\n","protected":false},"excerpt":{"rendered":"<p>Divertido juego de binoculares, crea una br\u00fajula que funcione y aprende sobre mapas. \u00a1Construye una escena ant\u00e1rtica con modelos de animales, moldea estatuas egipcias y descubre formas de viajar alrededor del mundo! Incluye 8 actividades divertidas. Contenido: yeso de Par\u00eds, molde para escultura egipcia, arena, 5 pinturas de 2,5 ml, pincel, 2 anillos magn\u00e9ticos, 3 [&hellip;]<\/p>\n","protected":false},"featured_media":629655,"comment_status":"open","ping_status":"closed","template":"","meta":{"_et_pb_use_builder":"","_et_pb_old_content":"","_et_gb_content_width":""},"product_brand":[],"product_cat":[92],"product_tag":[],"class_list":{"0":"post-629656","1":"product","2":"type-product","3":"status-publish","4":"has-post-thumbnail","6":"product_cat-ciencias","7":"pa_edad-10-anos","8":"pa_edad-4-a-5-anos","9":"pa_edad-5-a-6-anos","10":"pa_edad-6-a-8-anos","11":"pa_edad-8-a-10-anos","12":"pa_marca-galt","13":"pa_medidas-11-x-11-x-3-cm","15":"first","16":"instock","17":"shipping-taxable","18":"purchasable","19":"product-type-simple"},"aioseo_notices":[],"_links":{"self":[{"href":"https:\/\/aukinkochile.com\/web\/wp-json\/wp\/v2\/product\/629656","targetHints":{"allow":["GET"]}}],"collection":[{"href":"https:\/\/aukinkochile.com\/web\/wp-json\/wp\/v2\/product"}],"about":[{"href":"https:\/\/aukinkochile.com\/web\/wp-json\/wp\/v2\/types\/product"}],"replies":[{"embeddable":true,"href":"https:\/\/aukinkochile.com\/web\/wp-json\/wp\/v2\/comments?post=629656"}],"wp:featuredmedia":[{"embeddable":true,"href":"https:\/\/aukinkochile.com\/web\/wp-json\/wp\/v2\/media\/629655"}],"wp:attachment":[{"href":"https:\/\/aukinkochile.com\/web\/wp-json\/wp\/v2\/media?parent=629656"}],"wp:term":[{"taxonomy":"product_brand","embeddable":true,"href":"https:\/\/aukinkochile.com\/web\/wp-json\/wp\/v2\/product_brand?post=629656"},{"taxonomy":"product_cat","embeddable":true,"href":"https:\/\/aukinkochile.com\/web\/wp-json\/wp\/v2\/product_cat?post=629656"},{"taxonomy":"product_tag","embeddable":true,"href":"https:\/\/aukinkochile.com\/web\/wp-json\/wp\/v2\/product_tag?post=629656"}],"curies":[{"name":"wp","href":"https:\/\/api.w.org\/{rel}","templated":true}]}}