{"id":629652,"date":"2024-10-18T15:03:36","date_gmt":"2024-10-18T15:03:36","guid":{"rendered":"https:\/\/aukinkochile.com\/web\/producto\/puzle-duo-huellas\/"},"modified":"2025-11-06T18:43:36","modified_gmt":"2025-11-06T18:43:36","slug":"puzle-duo-huellas","status":"publish","type":"product","link":"https:\/\/aukinkochile.com\/web\/producto\/puzle-duo-huellas\/","title":{"rendered":"Puzle D\u00fao Huellas"},"content":{"rendered":"<p>Divertido juego de Puzles de dos piezas cada uno en los cuales los ni\u00f1os y ni\u00f1as deben unir al animal con su huella, una forma entretenida de estimular la concentraci\u00f3n, la observaci\u00f3n, la coordinaci\u00f3n mano-ojo y mucho m\u00e1s. Incluye 22 Puzles de 7 x 12 cm. De material suave y resistente y colores vivos.<\/p>\n<p><p><strong>Material : <\/strong> Cart\u00f3n Duro<\/p>\n<p><strong>C\u00f3digo Aukinko : <\/strong> 08-21005542<\/p>\n<p><strong>C\u00f3digo Convenio Marco : <\/strong> x<\/p>\n","protected":false},"excerpt":{"rendered":"<p>Divertido juego de Puzles de dos piezas cada uno en los cuales los ni\u00f1os y ni\u00f1as deben unir al animal con su huella, una forma entretenida de estimular la concentraci\u00f3n, la observaci\u00f3n, la coordinaci\u00f3n mano-ojo y mucho m\u00e1s. Incluye 22 Puzles de 7 x 12 cm. De material suave y resistente y colores vivos. Material [&hellip;]<\/p>\n","protected":false},"featured_media":622526,"comment_status":"open","ping_status":"closed","template":"","meta":{"_et_pb_use_builder":"","_et_pb_old_content":"","_et_gb_content_width":""},"product_brand":[],"product_cat":[91,20,22],"product_tag":[],"class_list":{"0":"post-629652","1":"product","2":"type-product","3":"status-publish","4":"has-post-thumbnail","6":"product_cat-accesorios-sala","7":"product_cat-motricidad-fina","8":"product_cat-puzzles","9":"pa_edad-3-a-4-anos","10":"pa_edad-4-a-5-anos","11":"pa_marca-galt","12":"pa_medidas-23-x-17-x-5-cm","14":"first","15":"instock","16":"shipping-taxable","17":"purchasable","18":"product-type-simple"},"aioseo_notices":[],"_links":{"self":[{"href":"https:\/\/aukinkochile.com\/web\/wp-json\/wp\/v2\/product\/629652","targetHints":{"allow":["GET"]}}],"collection":[{"href":"https:\/\/aukinkochile.com\/web\/wp-json\/wp\/v2\/product"}],"about":[{"href":"https:\/\/aukinkochile.com\/web\/wp-json\/wp\/v2\/types\/product"}],"replies":[{"embeddable":true,"href":"https:\/\/aukinkochile.com\/web\/wp-json\/wp\/v2\/comments?post=629652"}],"wp:featuredmedia":[{"embeddable":true,"href":"https:\/\/aukinkochile.com\/web\/wp-json\/wp\/v2\/media\/622526"}],"wp:attachment":[{"href":"https:\/\/aukinkochile.com\/web\/wp-json\/wp\/v2\/media?parent=629652"}],"wp:term":[{"taxonomy":"product_brand","embeddable":true,"href":"https:\/\/aukinkochile.com\/web\/wp-json\/wp\/v2\/product_brand?post=629652"},{"taxonomy":"product_cat","embeddable":true,"href":"https:\/\/aukinkochile.com\/web\/wp-json\/wp\/v2\/product_cat?post=629652"},{"taxonomy":"product_tag","embeddable":true,"href":"https:\/\/aukinkochile.com\/web\/wp-json\/wp\/v2\/product_tag?post=629652"}],"curies":[{"name":"wp","href":"https:\/\/api.w.org\/{rel}","templated":true}]}}