{"id":629651,"date":"2024-10-18T15:03:34","date_gmt":"2024-10-18T15:03:34","guid":{"rendered":"https:\/\/aukinkochile.com\/web\/producto\/puzle-ventanas-20-pz-jungla\/"},"modified":"2025-11-06T18:43:32","modified_gmt":"2025-11-06T18:43:32","slug":"puzle-ventanas-20-pz-jungla","status":"publish","type":"product","link":"https:\/\/aukinkochile.com\/web\/producto\/puzle-ventanas-20-pz-jungla\/","title":{"rendered":"Puzle Ventanas 20 pz Jungla"},"content":{"rendered":"<p>Divertido Puzle de la jungla para pasar horas de diversi\u00f3n. Este Puzle de 20 piezas grandes es muy f\u00e1cil de armar, ideal para los m\u00e1s peque\u00f1os, adem\u00e1s incluye 10 ventanas en las cuales se esconden los m\u00e1s simp\u00e1ticos animales de la jungla. Un juego ideal para estimular el pensamiento l\u00f3gico, la coordinaci\u00f3n mano-ojo, el desarrollo del lenguaje y mucho m\u00e1s.  Tama\u00f1o del Puzle armado 40 x 55 cm. De material suave y resistente y colores vivos. <\/p>\n<p><p><strong>Material : <\/strong> Cart\u00f3n Duro<\/p>\n<p><strong>C\u00f3digo Aukinko : <\/strong> 08-21005539<\/p>\n<p><strong>C\u00f3digo Convenio Marco : <\/strong> x<\/p>\n","protected":false},"excerpt":{"rendered":"<p>Divertido Puzle de la jungla para pasar horas de diversi\u00f3n. Este Puzle de 20 piezas grandes es muy f\u00e1cil de armar, ideal para los m\u00e1s peque\u00f1os, adem\u00e1s incluye 10 ventanas en las cuales se esconden los m\u00e1s simp\u00e1ticos animales de la jungla. Un juego ideal para estimular el pensamiento l\u00f3gico, la coordinaci\u00f3n mano-ojo, el desarrollo [&hellip;]<\/p>\n","protected":false},"featured_media":622524,"comment_status":"open","ping_status":"closed","template":"","meta":{"_et_pb_use_builder":"","_et_pb_old_content":"","_et_gb_content_width":""},"product_brand":[],"product_cat":[91,20,22],"product_tag":[],"class_list":{"0":"post-629651","1":"product","2":"type-product","3":"status-publish","4":"has-post-thumbnail","6":"product_cat-accesorios-sala","7":"product_cat-motricidad-fina","8":"product_cat-puzzles","9":"pa_edad-2-a-3-anos","10":"pa_edad-3-a-4-anos","11":"pa_edad-4-a-5-anos","12":"pa_marca-galt","13":"pa_medidas-28-x-7-x-23-cm","15":"first","16":"instock","17":"shipping-taxable","18":"purchasable","19":"product-type-simple"},"aioseo_notices":[],"_links":{"self":[{"href":"https:\/\/aukinkochile.com\/web\/wp-json\/wp\/v2\/product\/629651","targetHints":{"allow":["GET"]}}],"collection":[{"href":"https:\/\/aukinkochile.com\/web\/wp-json\/wp\/v2\/product"}],"about":[{"href":"https:\/\/aukinkochile.com\/web\/wp-json\/wp\/v2\/types\/product"}],"replies":[{"embeddable":true,"href":"https:\/\/aukinkochile.com\/web\/wp-json\/wp\/v2\/comments?post=629651"}],"wp:featuredmedia":[{"embeddable":true,"href":"https:\/\/aukinkochile.com\/web\/wp-json\/wp\/v2\/media\/622524"}],"wp:attachment":[{"href":"https:\/\/aukinkochile.com\/web\/wp-json\/wp\/v2\/media?parent=629651"}],"wp:term":[{"taxonomy":"product_brand","embeddable":true,"href":"https:\/\/aukinkochile.com\/web\/wp-json\/wp\/v2\/product_brand?post=629651"},{"taxonomy":"product_cat","embeddable":true,"href":"https:\/\/aukinkochile.com\/web\/wp-json\/wp\/v2\/product_cat?post=629651"},{"taxonomy":"product_tag","embeddable":true,"href":"https:\/\/aukinkochile.com\/web\/wp-json\/wp\/v2\/product_tag?post=629651"}],"curies":[{"name":"wp","href":"https:\/\/api.w.org\/{rel}","templated":true}]}}