{"id":629647,"date":"2024-10-18T15:03:27","date_gmt":"2024-10-18T15:03:27","guid":{"rendered":"https:\/\/aukinkochile.com\/web\/producto\/pintar-3d-animales-safari\/"},"modified":"2025-11-06T18:43:28","modified_gmt":"2025-11-06T18:43:28","slug":"pintar-3d-animales-safari","status":"publish","type":"product","link":"https:\/\/aukinkochile.com\/web\/producto\/pintar-3d-animales-safari\/","title":{"rendered":"Pintar 3D Animales Safari"},"content":{"rendered":"<p>Un divertido set de actividades creativas para todos los ni\u00f1os y ni\u00f1as a los que les encanta dibujar y pintar. Incluye una plantilla para dibujar con divertidos animales de safari, 10 pinturas de colores, un pincel y una ilustraci\u00f3n como ejemplo. La pintura se diluye f\u00e1cilmente con agua. Esta lamina con relieve puede pintarse seg\u00fan el ejemplo que viene incluido o con la combinaci\u00f3n de colores que cree el peque\u00f1o artista. <\/p>\n<p><p><strong>Material : <\/strong> Cart\u00f3n y Pl\u00e1stico<\/p>\n<p><strong>C\u00f3digo Aukinko : <\/strong> 08-21005524<\/p>\n<p><strong>C\u00f3digo Convenio Marco : <\/strong> x<\/p>\n","protected":false},"excerpt":{"rendered":"<p>Un divertido set de actividades creativas para todos los ni\u00f1os y ni\u00f1as a los que les encanta dibujar y pintar. Incluye una plantilla para dibujar con divertidos animales de safari, 10 pinturas de colores, un pincel y una ilustraci\u00f3n como ejemplo. La pintura se diluye f\u00e1cilmente con agua. Esta lamina con relieve puede pintarse seg\u00fan [&hellip;]<\/p>\n","protected":false},"featured_media":622516,"comment_status":"open","ping_status":"closed","template":"","meta":{"_et_pb_use_builder":"","_et_pb_old_content":"","_et_gb_content_width":""},"product_brand":[],"product_cat":[21,20],"product_tag":[],"class_list":{"0":"post-629647","1":"product","2":"type-product","3":"status-publish","4":"has-post-thumbnail","6":"product_cat-arte-y-manipulacion","7":"product_cat-motricidad-fina","8":"pa_edad-6-a-8-anos","9":"pa_edad-8-a-10-anos","10":"pa_marca-galt","11":"pa_medidas-21-x-14","12":"pa_medidas-8-cm","14":"first","15":"instock","16":"shipping-taxable","17":"purchasable","18":"product-type-simple"},"aioseo_notices":[],"_links":{"self":[{"href":"https:\/\/aukinkochile.com\/web\/wp-json\/wp\/v2\/product\/629647","targetHints":{"allow":["GET"]}}],"collection":[{"href":"https:\/\/aukinkochile.com\/web\/wp-json\/wp\/v2\/product"}],"about":[{"href":"https:\/\/aukinkochile.com\/web\/wp-json\/wp\/v2\/types\/product"}],"replies":[{"embeddable":true,"href":"https:\/\/aukinkochile.com\/web\/wp-json\/wp\/v2\/comments?post=629647"}],"wp:featuredmedia":[{"embeddable":true,"href":"https:\/\/aukinkochile.com\/web\/wp-json\/wp\/v2\/media\/622516"}],"wp:attachment":[{"href":"https:\/\/aukinkochile.com\/web\/wp-json\/wp\/v2\/media?parent=629647"}],"wp:term":[{"taxonomy":"product_brand","embeddable":true,"href":"https:\/\/aukinkochile.com\/web\/wp-json\/wp\/v2\/product_brand?post=629647"},{"taxonomy":"product_cat","embeddable":true,"href":"https:\/\/aukinkochile.com\/web\/wp-json\/wp\/v2\/product_cat?post=629647"},{"taxonomy":"product_tag","embeddable":true,"href":"https:\/\/aukinkochile.com\/web\/wp-json\/wp\/v2\/product_tag?post=629647"}],"curies":[{"name":"wp","href":"https:\/\/api.w.org\/{rel}","templated":true}]}}