{"id":629646,"date":"2024-10-18T15:03:25","date_gmt":"2024-10-18T15:03:25","guid":{"rendered":"https:\/\/aukinkochile.com\/web\/producto\/activity-para-el-bano\/"},"modified":"2025-11-06T18:43:12","modified_gmt":"2025-11-06T18:43:12","slug":"activity-para-el-bano","status":"publish","type":"product","link":"https:\/\/aukinkochile.com\/web\/producto\/activity-para-el-bano\/","title":{"rendered":"Activity para El Ba\u00f1o"},"content":{"rendered":"<p>Este suave inflable cubierto con un genero especial para el agua es un juego ideal para los ni\u00f1os y las ni\u00f1as a la hora del ba\u00f1o. Cada animalito del activity propone un est\u00edmulo diferente para los m\u00e1s peque\u00f1os, sus colores vivos despertar\u00e1n la atenci\u00f3n y la observaci\u00f3n, dando tranquilidad y diversi\u00f3n a la hora del ba\u00f1o. El activity flota en el agua y se puede afirmar en la pared del ba\u00f1o. Para guardarlo solo debe desinflarse y listo. De material suave y resistente y colores vivos.<\/p>\n<p><p><strong>Material : <\/strong> Goma y Genero<\/p>\n<p><strong>C\u00f3digo Aukinko : <\/strong> 08-21005509<\/p>\n<p><strong>C\u00f3digo Convenio Marco : <\/strong> x<\/p>\n","protected":false},"excerpt":{"rendered":"<p>Este suave inflable cubierto con un genero especial para el agua es un juego ideal para los ni\u00f1os y las ni\u00f1as a la hora del ba\u00f1o. Cada animalito del activity propone un est\u00edmulo diferente para los m\u00e1s peque\u00f1os, sus colores vivos despertar\u00e1n la atenci\u00f3n y la observaci\u00f3n, dando tranquilidad y diversi\u00f3n a la hora del [&hellip;]<\/p>\n","protected":false},"featured_media":622508,"comment_status":"open","ping_status":"closed","template":"","meta":{"_et_pb_use_builder":"","_et_pb_old_content":"","_et_gb_content_width":""},"product_brand":[],"product_cat":[23],"product_tag":[],"class_list":{"0":"post-629646","1":"product","2":"type-product","3":"status-publish","4":"has-post-thumbnail","6":"product_cat-primeros-anos","7":"pa_edad-0-a-1-ano","8":"pa_edad-1-a-2-anos","9":"pa_marca-galt","10":"pa_medidas-24-x-29","11":"pa_medidas-3-x-5-cm","13":"first","14":"instock","15":"shipping-taxable","16":"purchasable","17":"product-type-simple"},"aioseo_notices":[],"_links":{"self":[{"href":"https:\/\/aukinkochile.com\/web\/wp-json\/wp\/v2\/product\/629646","targetHints":{"allow":["GET"]}}],"collection":[{"href":"https:\/\/aukinkochile.com\/web\/wp-json\/wp\/v2\/product"}],"about":[{"href":"https:\/\/aukinkochile.com\/web\/wp-json\/wp\/v2\/types\/product"}],"replies":[{"embeddable":true,"href":"https:\/\/aukinkochile.com\/web\/wp-json\/wp\/v2\/comments?post=629646"}],"wp:featuredmedia":[{"embeddable":true,"href":"https:\/\/aukinkochile.com\/web\/wp-json\/wp\/v2\/media\/622508"}],"wp:attachment":[{"href":"https:\/\/aukinkochile.com\/web\/wp-json\/wp\/v2\/media?parent=629646"}],"wp:term":[{"taxonomy":"product_brand","embeddable":true,"href":"https:\/\/aukinkochile.com\/web\/wp-json\/wp\/v2\/product_brand?post=629646"},{"taxonomy":"product_cat","embeddable":true,"href":"https:\/\/aukinkochile.com\/web\/wp-json\/wp\/v2\/product_cat?post=629646"},{"taxonomy":"product_tag","embeddable":true,"href":"https:\/\/aukinkochile.com\/web\/wp-json\/wp\/v2\/product_tag?post=629646"}],"curies":[{"name":"wp","href":"https:\/\/api.w.org\/{rel}","templated":true}]}}