{"id":629645,"date":"2024-10-18T15:03:23","date_gmt":"2024-10-18T15:03:23","guid":{"rendered":"https:\/\/aukinkochile.com\/web\/producto\/apilable-madera-flores\/"},"modified":"2025-11-06T18:43:08","modified_gmt":"2025-11-06T18:43:08","slug":"apilable-madera-flores","status":"publish","type":"product","link":"https:\/\/aukinkochile.com\/web\/producto\/apilable-madera-flores\/","title":{"rendered":"Apilable Madera Flores"},"content":{"rendered":"<p>Divertido juego en el que los ni\u00f1os y ni\u00f1as deben apilar las formas de madera de colores brillantes para observar c\u00f3mo crecen las flores. Forma las flores con las piezas de madera t\u00e1ctiles y muy coloridas. Fomenta la coordinaci\u00f3n ojo-mano y el reconocimiento de colores. Tama\u00f1o: 12 x 15,5 x 4 cm.<\/p>\n<p><p><strong>Material : <\/strong> Madera<\/p>\n<p><strong>C\u00f3digo Aukinko : <\/strong> 08-21005506<\/p>\n<p><strong>C\u00f3digo Convenio Marco : <\/strong> x<\/p>\n","protected":false},"excerpt":{"rendered":"<p>Divertido juego en el que los ni\u00f1os y ni\u00f1as deben apilar las formas de madera de colores brillantes para observar c\u00f3mo crecen las flores. Forma las flores con las piezas de madera t\u00e1ctiles y muy coloridas. Fomenta la coordinaci\u00f3n ojo-mano y el reconocimiento de colores. Tama\u00f1o: 12 x 15,5 x 4 cm. Material : Madera [&hellip;]<\/p>\n","protected":false},"featured_media":629644,"comment_status":"open","ping_status":"closed","template":"","meta":{"_et_pb_use_builder":"","_et_pb_old_content":"","_et_gb_content_width":""},"product_brand":[],"product_cat":[19],"product_tag":[],"class_list":{"0":"post-629645","1":"product","2":"type-product","3":"status-publish","4":"has-post-thumbnail","6":"product_cat-construccion","7":"pa_edad-1-a-2-anos","8":"pa_edad-2-a-3-anos","9":"pa_marca-galt","10":"pa_medidas-15-x-20-x-5-cm","12":"first","13":"instock","14":"shipping-taxable","15":"purchasable","16":"product-type-simple"},"aioseo_notices":[],"_links":{"self":[{"href":"https:\/\/aukinkochile.com\/web\/wp-json\/wp\/v2\/product\/629645","targetHints":{"allow":["GET"]}}],"collection":[{"href":"https:\/\/aukinkochile.com\/web\/wp-json\/wp\/v2\/product"}],"about":[{"href":"https:\/\/aukinkochile.com\/web\/wp-json\/wp\/v2\/types\/product"}],"replies":[{"embeddable":true,"href":"https:\/\/aukinkochile.com\/web\/wp-json\/wp\/v2\/comments?post=629645"}],"wp:featuredmedia":[{"embeddable":true,"href":"https:\/\/aukinkochile.com\/web\/wp-json\/wp\/v2\/media\/629644"}],"wp:attachment":[{"href":"https:\/\/aukinkochile.com\/web\/wp-json\/wp\/v2\/media?parent=629645"}],"wp:term":[{"taxonomy":"product_brand","embeddable":true,"href":"https:\/\/aukinkochile.com\/web\/wp-json\/wp\/v2\/product_brand?post=629645"},{"taxonomy":"product_cat","embeddable":true,"href":"https:\/\/aukinkochile.com\/web\/wp-json\/wp\/v2\/product_cat?post=629645"},{"taxonomy":"product_tag","embeddable":true,"href":"https:\/\/aukinkochile.com\/web\/wp-json\/wp\/v2\/product_tag?post=629645"}],"curies":[{"name":"wp","href":"https:\/\/api.w.org\/{rel}","templated":true}]}}