{"id":629636,"date":"2024-10-18T15:03:09","date_gmt":"2024-10-18T15:03:09","guid":{"rendered":"https:\/\/aukinkochile.com\/web\/producto\/crear-naturaleza\/"},"modified":"2025-11-06T18:42:56","modified_gmt":"2025-11-06T18:42:56","slug":"crear-naturaleza","status":"publish","type":"product","link":"https:\/\/aukinkochile.com\/web\/producto\/crear-naturaleza\/","title":{"rendered":"Crear Naturaleza"},"content":{"rendered":"<p>Entretenido kit de manualidades salvajes para ni\u00f1os que fomenta el pensamiento temprano y el creativo. Incluye un libro de 20 proyectos a todo color con 6 actividades emocionantes. Aprenda mas sobre la naturaleza mientras crea una lib\u00e9lula voladora, estampa huellas y construye una casa para insectos. Crea un h\u00e1bitat de estanque en 3D, un modelo de colibr\u00ed colgante y aprenda como las abejas polinizan las flores.<\/p>\n<p><p><strong>Material : <\/strong> Cart\u00f3n y Genero<\/p>\n<p><strong>C\u00f3digo Aukinko : <\/strong> 08-21005476<\/p>\n<p><strong>C\u00f3digo Convenio Marco : <\/strong> x<\/p>\n","protected":false},"excerpt":{"rendered":"<p>Entretenido kit de manualidades salvajes para ni\u00f1os que fomenta el pensamiento temprano y el creativo. Incluye un libro de 20 proyectos a todo color con 6 actividades emocionantes. Aprenda mas sobre la naturaleza mientras crea una lib\u00e9lula voladora, estampa huellas y construye una casa para insectos. Crea un h\u00e1bitat de estanque en 3D, un modelo [&hellip;]<\/p>\n","protected":false},"featured_media":622877,"comment_status":"open","ping_status":"closed","template":"","meta":{"_et_pb_use_builder":"","_et_pb_old_content":"","_et_gb_content_width":""},"product_brand":[],"product_cat":[21,92],"product_tag":[],"class_list":{"0":"post-629636","1":"product","2":"type-product","3":"status-publish","4":"has-post-thumbnail","6":"product_cat-arte-y-manipulacion","7":"product_cat-ciencias","8":"pa_edad-10-anos","9":"pa_edad-5-a-6-anos","10":"pa_edad-6-a-8-anos","11":"pa_edad-8-a-10-anos","12":"pa_marca-galt","13":"pa_medidas-4460","14":"pa_medidas-9-x-7-x-22-cm","16":"first","17":"instock","18":"shipping-taxable","19":"purchasable","20":"product-type-simple"},"aioseo_notices":[],"_links":{"self":[{"href":"https:\/\/aukinkochile.com\/web\/wp-json\/wp\/v2\/product\/629636","targetHints":{"allow":["GET"]}}],"collection":[{"href":"https:\/\/aukinkochile.com\/web\/wp-json\/wp\/v2\/product"}],"about":[{"href":"https:\/\/aukinkochile.com\/web\/wp-json\/wp\/v2\/types\/product"}],"replies":[{"embeddable":true,"href":"https:\/\/aukinkochile.com\/web\/wp-json\/wp\/v2\/comments?post=629636"}],"wp:featuredmedia":[{"embeddable":true,"href":"https:\/\/aukinkochile.com\/web\/wp-json\/wp\/v2\/media\/622877"}],"wp:attachment":[{"href":"https:\/\/aukinkochile.com\/web\/wp-json\/wp\/v2\/media?parent=629636"}],"wp:term":[{"taxonomy":"product_brand","embeddable":true,"href":"https:\/\/aukinkochile.com\/web\/wp-json\/wp\/v2\/product_brand?post=629636"},{"taxonomy":"product_cat","embeddable":true,"href":"https:\/\/aukinkochile.com\/web\/wp-json\/wp\/v2\/product_cat?post=629636"},{"taxonomy":"product_tag","embeddable":true,"href":"https:\/\/aukinkochile.com\/web\/wp-json\/wp\/v2\/product_tag?post=629636"}],"curies":[{"name":"wp","href":"https:\/\/api.w.org\/{rel}","templated":true}]}}