{"id":629634,"date":"2024-10-18T15:03:05","date_gmt":"2024-10-18T15:03:05","guid":{"rendered":"https:\/\/aukinkochile.com\/web\/producto\/juego-tablas-multiplicar\/"},"modified":"2025-11-06T18:42:44","modified_gmt":"2025-11-06T18:42:44","slug":"juego-tablas-multiplicar","status":"publish","type":"product","link":"https:\/\/aukinkochile.com\/web\/producto\/juego-tablas-multiplicar\/","title":{"rendered":"Juego Tablas Multiplicar"},"content":{"rendered":"<p>Un divertido juego de mesa dise\u00f1ado para iniciar a los ni\u00f1os y ni\u00f1as en la codificaci\u00f3n. Los jugadores deben ser los primeros en completar su misi\u00f3n para ganar el juego. Ense\u00f1a los conceptos b\u00e1sicos de Ciencias de la Computaci\u00f3n, incluidos algoritmos y lenguaje de programaci\u00f3n. No se necesitan conocimientos previos de codificaci\u00f3n. Contenido: 4 fichas de cohetes de pl\u00e1stico, tablero de juego, 36 cartas de movimiento, 20 cartas de estrellas, 8 cartas de misi\u00f3n y gu\u00eda.<\/p>\n<p><p><strong>Material : <\/strong> Cart\u00f3n Grueso<\/p>\n<p><strong>C\u00f3digo Aukinko : <\/strong> 08-21005461<\/p>\n<p><strong>C\u00f3digo Convenio Marco : <\/strong> x<\/p>\n","protected":false},"excerpt":{"rendered":"<p>Un divertido juego de mesa dise\u00f1ado para iniciar a los ni\u00f1os y ni\u00f1as en la codificaci\u00f3n. Los jugadores deben ser los primeros en completar su misi\u00f3n para ganar el juego. Ense\u00f1a los conceptos b\u00e1sicos de Ciencias de la Computaci\u00f3n, incluidos algoritmos y lenguaje de programaci\u00f3n. No se necesitan conocimientos previos de codificaci\u00f3n. Contenido: 4 fichas [&hellip;]<\/p>\n","protected":false},"featured_media":629633,"comment_status":"open","ping_status":"closed","template":"","meta":{"_et_pb_use_builder":"","_et_pb_old_content":"","_et_gb_content_width":""},"product_brand":[],"product_cat":[91,90],"product_tag":[],"class_list":{"0":"post-629634","1":"product","2":"type-product","3":"status-publish","4":"has-post-thumbnail","6":"product_cat-accesorios-sala","7":"product_cat-matematicas","8":"pa_edad-10-anos","9":"pa_edad-6-a-8-anos","10":"pa_edad-8-a-10-anos","11":"pa_marca-galt","12":"pa_medidas-17-x-23-x-5-cm","14":"first","15":"instock","16":"shipping-taxable","17":"purchasable","18":"product-type-simple"},"aioseo_notices":[],"_links":{"self":[{"href":"https:\/\/aukinkochile.com\/web\/wp-json\/wp\/v2\/product\/629634","targetHints":{"allow":["GET"]}}],"collection":[{"href":"https:\/\/aukinkochile.com\/web\/wp-json\/wp\/v2\/product"}],"about":[{"href":"https:\/\/aukinkochile.com\/web\/wp-json\/wp\/v2\/types\/product"}],"replies":[{"embeddable":true,"href":"https:\/\/aukinkochile.com\/web\/wp-json\/wp\/v2\/comments?post=629634"}],"wp:featuredmedia":[{"embeddable":true,"href":"https:\/\/aukinkochile.com\/web\/wp-json\/wp\/v2\/media\/629633"}],"wp:attachment":[{"href":"https:\/\/aukinkochile.com\/web\/wp-json\/wp\/v2\/media?parent=629634"}],"wp:term":[{"taxonomy":"product_brand","embeddable":true,"href":"https:\/\/aukinkochile.com\/web\/wp-json\/wp\/v2\/product_brand?post=629634"},{"taxonomy":"product_cat","embeddable":true,"href":"https:\/\/aukinkochile.com\/web\/wp-json\/wp\/v2\/product_cat?post=629634"},{"taxonomy":"product_tag","embeddable":true,"href":"https:\/\/aukinkochile.com\/web\/wp-json\/wp\/v2\/product_tag?post=629634"}],"curies":[{"name":"wp","href":"https:\/\/api.w.org\/{rel}","templated":true}]}}