{"id":629623,"date":"2024-10-18T15:00:35","date_gmt":"2024-10-18T15:00:35","guid":{"rendered":"https:\/\/aukinkochile.com\/web\/producto\/crear-sistema-solar\/"},"modified":"2025-11-06T18:42:36","modified_gmt":"2025-11-06T18:42:36","slug":"crear-sistema-solar","status":"publish","type":"product","link":"https:\/\/aukinkochile.com\/web\/producto\/crear-sistema-solar\/","title":{"rendered":"Crear Sistema Solar"},"content":{"rendered":"<p>Divertido set de manualidades para pasar horas de diversi\u00f3n. La tem\u00e1tica de este set es el espacio. Un juego pensado para estimular el pensamiento creativo que incluye un libro de proyectos de 24 p\u00e1ginas a todo color con 7 actividades estelares. Siguiendo el libro de proyectos los ni\u00f1os y ni\u00f1as podr\u00e1n hacer descubrimientos gal\u00e1cticos muy emocionantes mientras aprenden sobre el espacio construyendo modelos de constelaciones, haciendo planetas m\u00f3viles, moldeando el n\u00facleo de la tierra y mucho m\u00e1s. Tambi\u00e9n podr\u00e1n realizar una maqueta del d\u00eda y de la noche, crear im\u00e1genes de la aurora en el cielo y hacer una estructura anti gravitatoria. Un excelente juego para los curiosos apasionados por el espacio.<\/p>\n<p><p><strong>Material : <\/strong> Cart\u00f3n y Pl\u00e1stico<\/p>\n<p><strong>C\u00f3digo Aukinko : <\/strong> 08-21005416<\/p>\n<p><strong>C\u00f3digo Convenio Marco : <\/strong> x<\/p>\n","protected":false},"excerpt":{"rendered":"<p>Divertido set de manualidades para pasar horas de diversi\u00f3n. La tem\u00e1tica de este set es el espacio. Un juego pensado para estimular el pensamiento creativo que incluye un libro de proyectos de 24 p\u00e1ginas a todo color con 7 actividades estelares. Siguiendo el libro de proyectos los ni\u00f1os y ni\u00f1as podr\u00e1n hacer descubrimientos gal\u00e1cticos muy [&hellip;]<\/p>\n","protected":false},"featured_media":622471,"comment_status":"open","ping_status":"closed","template":"","meta":{"_et_pb_use_builder":"","_et_pb_old_content":"","_et_gb_content_width":""},"product_brand":[],"product_cat":[21],"product_tag":[],"class_list":{"0":"post-629623","1":"product","2":"type-product","3":"status-publish","4":"has-post-thumbnail","6":"product_cat-arte-y-manipulacion","7":"pa_edad-5-a-6-anos","8":"pa_edad-6-a-8-anos","9":"pa_edad-8-a-10-anos","10":"pa_marca-galt","11":"pa_medidas-4460","12":"pa_medidas-9-x-7-x-22-cm","14":"first","15":"instock","16":"shipping-taxable","17":"purchasable","18":"product-type-simple"},"aioseo_notices":[],"_links":{"self":[{"href":"https:\/\/aukinkochile.com\/web\/wp-json\/wp\/v2\/product\/629623","targetHints":{"allow":["GET"]}}],"collection":[{"href":"https:\/\/aukinkochile.com\/web\/wp-json\/wp\/v2\/product"}],"about":[{"href":"https:\/\/aukinkochile.com\/web\/wp-json\/wp\/v2\/types\/product"}],"replies":[{"embeddable":true,"href":"https:\/\/aukinkochile.com\/web\/wp-json\/wp\/v2\/comments?post=629623"}],"wp:featuredmedia":[{"embeddable":true,"href":"https:\/\/aukinkochile.com\/web\/wp-json\/wp\/v2\/media\/622471"}],"wp:attachment":[{"href":"https:\/\/aukinkochile.com\/web\/wp-json\/wp\/v2\/media?parent=629623"}],"wp:term":[{"taxonomy":"product_brand","embeddable":true,"href":"https:\/\/aukinkochile.com\/web\/wp-json\/wp\/v2\/product_brand?post=629623"},{"taxonomy":"product_cat","embeddable":true,"href":"https:\/\/aukinkochile.com\/web\/wp-json\/wp\/v2\/product_cat?post=629623"},{"taxonomy":"product_tag","embeddable":true,"href":"https:\/\/aukinkochile.com\/web\/wp-json\/wp\/v2\/product_tag?post=629623"}],"curies":[{"name":"wp","href":"https:\/\/api.w.org\/{rel}","templated":true}]}}