{"id":629568,"date":"2024-10-18T14:59:12","date_gmt":"2024-10-18T14:59:12","guid":{"rendered":"https:\/\/aukinkochile.com\/web\/producto\/manualidades-bordado-maleta\/"},"modified":"2025-11-06T18:40:50","modified_gmt":"2025-11-06T18:40:50","slug":"manualidades-bordado-maleta","status":"publish","type":"product","link":"https:\/\/aukinkochile.com\/web\/producto\/manualidades-bordado-maleta\/","title":{"rendered":"Bordado Maleta"},"content":{"rendered":"<p>Con este divertido juego crea un coj\u00edn de punto de cruz, una imagen de b\u00faho, un coraz\u00f3n perfumado, un estuche de flores y mas. Haz un simple punto de cruz en el cuadro, a juego el hilo de color con las secciones de color de la tela. Los ni\u00f1os y ni\u00f1as se divertir\u00e1n cosiendo el dise\u00f1o de punto de cruz al fieltro precortado y las piezas de fieltro juntas. Incluye tela de punto de cruz impresa de colores, piezas de fieltro, 15 madejas de hilo de bordar, marco de bordado, trenzado, relleno, perlas arom\u00e1ticas de manzana, hilo, 2 agujas y gu\u00eda. Para estimular el desarrollo de la creatividad y la motricidad fina. Viene en una hermosa maleta. Recomendado a partir de 7 a\u00f1os.<\/p>\n<p><p><strong>Material : <\/strong> Genero y Pl\u00e1stico<\/p>\n<p><strong>C\u00f3digo Aukinko : <\/strong> 08-21004798<\/p>\n<p><strong>C\u00f3digo Convenio Marco : <\/strong> x<\/p>\n","protected":false},"excerpt":{"rendered":"<p>Con este divertido juego crea un coj\u00edn de punto de cruz, una imagen de b\u00faho, un coraz\u00f3n perfumado, un estuche de flores y mas. Haz un simple punto de cruz en el cuadro, a juego el hilo de color con las secciones de color de la tela. Los ni\u00f1os y ni\u00f1as se divertir\u00e1n cosiendo el [&hellip;]<\/p>\n","protected":false},"featured_media":625270,"comment_status":"open","ping_status":"closed","template":"","meta":{"_et_pb_use_builder":"","_et_pb_old_content":"","_et_gb_content_width":""},"product_brand":[],"product_cat":[21,20],"product_tag":[],"class_list":{"0":"post-629568","1":"product","2":"type-product","3":"status-publish","4":"has-post-thumbnail","6":"product_cat-arte-y-manipulacion","7":"product_cat-motricidad-fina","8":"pa_edad-10-anos","9":"pa_edad-6-a-8-anos","10":"pa_edad-8-a-10-anos","11":"pa_marca-galt","12":"pa_medidas-29-x-20-x-9-cm","14":"first","15":"instock","16":"shipping-taxable","17":"purchasable","18":"product-type-simple"},"aioseo_notices":[],"_links":{"self":[{"href":"https:\/\/aukinkochile.com\/web\/wp-json\/wp\/v2\/product\/629568","targetHints":{"allow":["GET"]}}],"collection":[{"href":"https:\/\/aukinkochile.com\/web\/wp-json\/wp\/v2\/product"}],"about":[{"href":"https:\/\/aukinkochile.com\/web\/wp-json\/wp\/v2\/types\/product"}],"replies":[{"embeddable":true,"href":"https:\/\/aukinkochile.com\/web\/wp-json\/wp\/v2\/comments?post=629568"}],"wp:featuredmedia":[{"embeddable":true,"href":"https:\/\/aukinkochile.com\/web\/wp-json\/wp\/v2\/media\/625270"}],"wp:attachment":[{"href":"https:\/\/aukinkochile.com\/web\/wp-json\/wp\/v2\/media?parent=629568"}],"wp:term":[{"taxonomy":"product_brand","embeddable":true,"href":"https:\/\/aukinkochile.com\/web\/wp-json\/wp\/v2\/product_brand?post=629568"},{"taxonomy":"product_cat","embeddable":true,"href":"https:\/\/aukinkochile.com\/web\/wp-json\/wp\/v2\/product_cat?post=629568"},{"taxonomy":"product_tag","embeddable":true,"href":"https:\/\/aukinkochile.com\/web\/wp-json\/wp\/v2\/product_tag?post=629568"}],"curies":[{"name":"wp","href":"https:\/\/api.w.org\/{rel}","templated":true}]}}