{"id":629537,"date":"2024-10-18T14:45:48","date_gmt":"2024-10-18T14:45:48","guid":{"rendered":"https:\/\/aukinkochile.com\/web\/producto\/manualidades-ceramica-set\/"},"modified":"2025-11-06T18:40:07","modified_gmt":"2025-11-06T18:40:07","slug":"manualidades-ceramica-set","status":"publish","type":"product","link":"https:\/\/aukinkochile.com\/web\/producto\/manualidades-ceramica-set\/","title":{"rendered":"Hacer Cer\u00e1mica set"},"content":{"rendered":"<p>Haz y pinta una variedad de ollas de barro con este kit. Aprende las t\u00e9cnicas b\u00e1sicas de la cer\u00e1mica para crear ollas de arcilla de secado al aire libre y luego dec\u00f3ralas con las coloridas pinturas de cer\u00e1mica. Contiene 1,2 kg de arcilla de secado al aire, rodillo, herramientas de modelado, 12 x 2,3 ml pinturas cer\u00e1micas, pincel y gu\u00eda.<\/p>\n<p><p><strong>Material : <\/strong> Cer\u00e1mica<\/p>\n<p><strong>C\u00f3digo Aukinko : <\/strong> 08-21003466<\/p>\n<p><strong>C\u00f3digo Convenio Marco : <\/strong> x<\/p>\n","protected":false},"excerpt":{"rendered":"<p>Haz y pinta una variedad de ollas de barro con este kit. Aprende las t\u00e9cnicas b\u00e1sicas de la cer\u00e1mica para crear ollas de arcilla de secado al aire libre y luego dec\u00f3ralas con las coloridas pinturas de cer\u00e1mica. Contiene 1,2 kg de arcilla de secado al aire, rodillo, herramientas de modelado, 12 x 2,3 ml [&hellip;]<\/p>\n","protected":false},"featured_media":625236,"comment_status":"open","ping_status":"closed","template":"","meta":{"_et_pb_use_builder":"","_et_pb_old_content":"","_et_gb_content_width":""},"product_brand":[],"product_cat":[21,20],"product_tag":[],"class_list":{"0":"post-629537","1":"product","2":"type-product","3":"status-publish","4":"has-post-thumbnail","6":"product_cat-arte-y-manipulacion","7":"product_cat-motricidad-fina","8":"pa_edad-10-anos","9":"pa_edad-6-a-8-anos","10":"pa_edad-8-a-10-anos","11":"pa_marca-galt","12":"pa_medidas-4415","13":"pa_medidas-6-cm-caja","14":"pa_medidas-9-x-33-x-7","16":"first","17":"instock","18":"shipping-taxable","19":"purchasable","20":"product-type-simple"},"aioseo_notices":[],"_links":{"self":[{"href":"https:\/\/aukinkochile.com\/web\/wp-json\/wp\/v2\/product\/629537","targetHints":{"allow":["GET"]}}],"collection":[{"href":"https:\/\/aukinkochile.com\/web\/wp-json\/wp\/v2\/product"}],"about":[{"href":"https:\/\/aukinkochile.com\/web\/wp-json\/wp\/v2\/types\/product"}],"replies":[{"embeddable":true,"href":"https:\/\/aukinkochile.com\/web\/wp-json\/wp\/v2\/comments?post=629537"}],"wp:featuredmedia":[{"embeddable":true,"href":"https:\/\/aukinkochile.com\/web\/wp-json\/wp\/v2\/media\/625236"}],"wp:attachment":[{"href":"https:\/\/aukinkochile.com\/web\/wp-json\/wp\/v2\/media?parent=629537"}],"wp:term":[{"taxonomy":"product_brand","embeddable":true,"href":"https:\/\/aukinkochile.com\/web\/wp-json\/wp\/v2\/product_brand?post=629537"},{"taxonomy":"product_cat","embeddable":true,"href":"https:\/\/aukinkochile.com\/web\/wp-json\/wp\/v2\/product_cat?post=629537"},{"taxonomy":"product_tag","embeddable":true,"href":"https:\/\/aukinkochile.com\/web\/wp-json\/wp\/v2\/product_tag?post=629537"}],"curies":[{"name":"wp","href":"https:\/\/api.w.org\/{rel}","templated":true}]}}