{"id":629508,"date":"2024-10-18T14:45:08","date_gmt":"2024-10-18T14:45:08","guid":{"rendered":"https:\/\/aukinkochile.com\/web\/producto\/puzle-duo-nino-granja\/"},"modified":"2026-03-27T17:04:30","modified_gmt":"2026-03-27T17:04:30","slug":"puzle-duo-nino-granja","status":"publish","type":"product","link":"https:\/\/aukinkochile.com\/web\/producto\/puzle-duo-nino-granja\/","title":{"rendered":"Puzle D\u00fao Ni\u00f1o Granja"},"content":{"rendered":"<p>Puzle de 6 figuras de animales de la granja con 2 piezas por cada una. De f\u00e1cil ensamblaje para ni\u00f1os peque\u00f1os. Desde 18m.<\/p>\n<p><p><strong>Material : <\/strong> Cart\u00f3n<\/p>\n<p><strong>C\u00f3digo Aukinko : <\/strong> 08-21003028<\/p>\n<p><strong>C\u00f3digo Convenio Marco : <\/strong> x<\/p>\n","protected":false},"excerpt":{"rendered":"<p>Puzle de 6 figuras de animales de la granja con 2 piezas por cada una. De f\u00e1cil ensamblaje para ni\u00f1os peque\u00f1os. Desde 18m. Material : Cart\u00f3n C\u00f3digo Aukinko : 08-21003028 C\u00f3digo Convenio Marco : x<\/p>\n","protected":false},"featured_media":625212,"comment_status":"open","ping_status":"closed","template":"","meta":{"_et_pb_use_builder":"","_et_pb_old_content":"","_et_gb_content_width":""},"product_brand":[],"product_cat":[91,20,22],"product_tag":[],"class_list":{"0":"post-629508","1":"product","2":"type-product","3":"status-publish","4":"has-post-thumbnail","6":"product_cat-accesorios-sala","7":"product_cat-motricidad-fina","8":"product_cat-puzzles","9":"pa_edad-1-a-2-anos","10":"pa_edad-2-a-3-anos","11":"pa_edad-3-a-4-anos","12":"pa_marca-galt","13":"pa_medidas-23-x-17-x-5-cm-caja","15":"first","16":"instock","17":"shipping-taxable","18":"purchasable","19":"product-type-simple"},"aioseo_notices":[],"_links":{"self":[{"href":"https:\/\/aukinkochile.com\/web\/wp-json\/wp\/v2\/product\/629508","targetHints":{"allow":["GET"]}}],"collection":[{"href":"https:\/\/aukinkochile.com\/web\/wp-json\/wp\/v2\/product"}],"about":[{"href":"https:\/\/aukinkochile.com\/web\/wp-json\/wp\/v2\/types\/product"}],"replies":[{"embeddable":true,"href":"https:\/\/aukinkochile.com\/web\/wp-json\/wp\/v2\/comments?post=629508"}],"wp:featuredmedia":[{"embeddable":true,"href":"https:\/\/aukinkochile.com\/web\/wp-json\/wp\/v2\/media\/625212"}],"wp:attachment":[{"href":"https:\/\/aukinkochile.com\/web\/wp-json\/wp\/v2\/media?parent=629508"}],"wp:term":[{"taxonomy":"product_brand","embeddable":true,"href":"https:\/\/aukinkochile.com\/web\/wp-json\/wp\/v2\/product_brand?post=629508"},{"taxonomy":"product_cat","embeddable":true,"href":"https:\/\/aukinkochile.com\/web\/wp-json\/wp\/v2\/product_cat?post=629508"},{"taxonomy":"product_tag","embeddable":true,"href":"https:\/\/aukinkochile.com\/web\/wp-json\/wp\/v2\/product_tag?post=629508"}],"curies":[{"name":"wp","href":"https:\/\/api.w.org\/{rel}","templated":true}]}}