{"id":629406,"date":"2024-10-02T15:12:50","date_gmt":"2024-10-02T15:12:50","guid":{"rendered":"https:\/\/aukinkochile.com\/web\/producto\/tren-accesorios-senales-de-transito-madera\/"},"modified":"2025-11-06T20:08:11","modified_gmt":"2025-11-06T20:08:11","slug":"tren-accesorios-senales-de-transito-madera","status":"publish","type":"product","link":"https:\/\/aukinkochile.com\/web\/producto\/tren-accesorios-senales-de-transito-madera\/","title":{"rendered":"Tren Accesorios Se\u00f1ales de Transito Madera"},"content":{"rendered":"<p>Entretenidos y fant\u00e1sticos accesorios magn\u00e9ticos para enriquecer los juegos de trenes y armar infinitas escenas. De gran calidad y dise\u00f1o. Fabricado en material suave y resistente y colores vivos.<\/p>\n<p><p><strong>Material : <\/strong> Madera<\/p>\n<p><strong>C\u00f3digo Aukinko : <\/strong> 18-250817<\/p>\n<p><strong>C\u00f3digo Convenio Marco : <\/strong> x<\/p>\n","protected":false},"excerpt":{"rendered":"<p>Entretenidos y fant\u00e1sticos accesorios magn\u00e9ticos para enriquecer los juegos de trenes y armar infinitas escenas. De gran calidad y dise\u00f1o. Fabricado en material suave y resistente y colores vivos. Material : Madera C\u00f3digo Aukinko : 18-250817 C\u00f3digo Convenio Marco : x<\/p>\n","protected":false},"featured_media":625024,"comment_status":"open","ping_status":"closed","template":"","meta":{"_et_pb_use_builder":"","_et_pb_old_content":"","_et_gb_content_width":""},"product_brand":[],"product_cat":[91,17],"product_tag":[],"class_list":{"0":"post-629406","1":"product","2":"type-product","3":"status-publish","4":"has-post-thumbnail","6":"product_cat-accesorios-sala","7":"product_cat-juegos-de-rol","8":"pa_edad-3-a-4-anos","9":"pa_edad-4-a-5-anos","10":"pa_edad-5-a-6-anos","11":"pa_edad-6-a-8-anos","12":"pa_marca-viga","13":"pa_medidas-34-x-10-x-4-cm","15":"first","16":"instock","17":"shipping-taxable","18":"purchasable","19":"product-type-simple"},"aioseo_notices":[],"_links":{"self":[{"href":"https:\/\/aukinkochile.com\/web\/wp-json\/wp\/v2\/product\/629406","targetHints":{"allow":["GET"]}}],"collection":[{"href":"https:\/\/aukinkochile.com\/web\/wp-json\/wp\/v2\/product"}],"about":[{"href":"https:\/\/aukinkochile.com\/web\/wp-json\/wp\/v2\/types\/product"}],"replies":[{"embeddable":true,"href":"https:\/\/aukinkochile.com\/web\/wp-json\/wp\/v2\/comments?post=629406"}],"wp:featuredmedia":[{"embeddable":true,"href":"https:\/\/aukinkochile.com\/web\/wp-json\/wp\/v2\/media\/625024"}],"wp:attachment":[{"href":"https:\/\/aukinkochile.com\/web\/wp-json\/wp\/v2\/media?parent=629406"}],"wp:term":[{"taxonomy":"product_brand","embeddable":true,"href":"https:\/\/aukinkochile.com\/web\/wp-json\/wp\/v2\/product_brand?post=629406"},{"taxonomy":"product_cat","embeddable":true,"href":"https:\/\/aukinkochile.com\/web\/wp-json\/wp\/v2\/product_cat?post=629406"},{"taxonomy":"product_tag","embeddable":true,"href":"https:\/\/aukinkochile.com\/web\/wp-json\/wp\/v2\/product_tag?post=629406"}],"curies":[{"name":"wp","href":"https:\/\/api.w.org\/{rel}","templated":true}]}}