{"id":629399,"date":"2024-10-02T15:11:26","date_gmt":"2024-10-02T15:11:26","guid":{"rendered":"https:\/\/aukinkochile.com\/web\/producto\/xilofono-arrastre-madera-cocodrilo\/"},"modified":"2025-11-06T20:07:41","modified_gmt":"2025-11-06T20:07:41","slug":"xilofono-arrastre-madera-cocodrilo","status":"publish","type":"product","link":"https:\/\/aukinkochile.com\/web\/producto\/xilofono-arrastre-madera-cocodrilo\/","title":{"rendered":"Xil\u00f3fono Arrastre Madera Cocodrilo"},"content":{"rendered":"<p>Este divertido juego es dos en uno: un arrastre para que los mas peque\u00f1os lleven a todas partes y un xil\u00f3fono para crear los m\u00e1s hermosos sonidos y estimular a los mas peque\u00f1os a jugar con el sentido del o\u00eddo. Las 8 piezas de metal de colores diferentes producen sonidos variados y son s\u00faper resistentes. De material resistente y colores vivos para horas de diversi\u00f3n. Fabricado en madera sostenible.<\/p>\n<p><p><strong>Material : <\/strong> Madera<\/p>\n<p><strong>C\u00f3digo Aukinko : <\/strong> 18-250342<\/p>\n<p><strong>C\u00f3digo Convenio Marco : <\/strong> x<\/p>\n","protected":false},"excerpt":{"rendered":"<p>Este divertido juego es dos en uno: un arrastre para que los mas peque\u00f1os lleven a todas partes y un xil\u00f3fono para crear los m\u00e1s hermosos sonidos y estimular a los mas peque\u00f1os a jugar con el sentido del o\u00eddo. Las 8 piezas de metal de colores diferentes producen sonidos variados y son s\u00faper resistentes. [&hellip;]<\/p>\n","protected":false},"featured_media":624966,"comment_status":"open","ping_status":"closed","template":"","meta":{"_et_pb_use_builder":"","_et_pb_old_content":"","_et_gb_content_width":""},"product_brand":[],"product_cat":[91,18,392],"product_tag":[],"class_list":{"0":"post-629399","1":"product","2":"type-product","3":"status-publish","4":"has-post-thumbnail","6":"product_cat-accesorios-sala","7":"product_cat-motricidad-gruesa","8":"product_cat-musica","9":"pa_edad-1-a-2-anos","10":"pa_edad-2-a-3-anos","11":"pa_edad-3-a-4-anos","12":"pa_edad-4-a-5-anos","13":"pa_marca-viga","14":"pa_medidas-2-1-x-10-cm","15":"pa_medidas-25-x-8","17":"first","18":"instock","19":"shipping-taxable","20":"purchasable","21":"product-type-simple"},"aioseo_notices":[],"_links":{"self":[{"href":"https:\/\/aukinkochile.com\/web\/wp-json\/wp\/v2\/product\/629399","targetHints":{"allow":["GET"]}}],"collection":[{"href":"https:\/\/aukinkochile.com\/web\/wp-json\/wp\/v2\/product"}],"about":[{"href":"https:\/\/aukinkochile.com\/web\/wp-json\/wp\/v2\/types\/product"}],"replies":[{"embeddable":true,"href":"https:\/\/aukinkochile.com\/web\/wp-json\/wp\/v2\/comments?post=629399"}],"wp:featuredmedia":[{"embeddable":true,"href":"https:\/\/aukinkochile.com\/web\/wp-json\/wp\/v2\/media\/624966"}],"wp:attachment":[{"href":"https:\/\/aukinkochile.com\/web\/wp-json\/wp\/v2\/media?parent=629399"}],"wp:term":[{"taxonomy":"product_brand","embeddable":true,"href":"https:\/\/aukinkochile.com\/web\/wp-json\/wp\/v2\/product_brand?post=629399"},{"taxonomy":"product_cat","embeddable":true,"href":"https:\/\/aukinkochile.com\/web\/wp-json\/wp\/v2\/product_cat?post=629399"},{"taxonomy":"product_tag","embeddable":true,"href":"https:\/\/aukinkochile.com\/web\/wp-json\/wp\/v2\/product_tag?post=629399"}],"curies":[{"name":"wp","href":"https:\/\/api.w.org\/{rel}","templated":true}]}}