{"id":629392,"date":"2024-10-02T15:11:19","date_gmt":"2024-10-02T15:11:19","guid":{"rendered":"https:\/\/aukinkochile.com\/web\/producto\/puzle-relieve-oso-4-pz\/"},"modified":"2025-11-06T20:07:16","modified_gmt":"2025-11-06T20:07:16","slug":"puzle-relieve-oso-4-pz","status":"publish","type":"product","link":"https:\/\/aukinkochile.com\/web\/producto\/puzle-relieve-oso-4-pz\/","title":{"rendered":"Puzle Relieve Oso 4 pz"},"content":{"rendered":"<p>Divertido puzle con relieve de 4 piezas de colores brillantes que lo har\u00e1n muy atractivo para los ni\u00f1os y ni\u00f1as peque\u00f1as. Ideal para el desarrollo del pensamiento l\u00f3gico sencillo, los m\u00e1s peque\u00f1os solo deben hacer coincidir las piezas con las im\u00e1genes de abajo y as\u00ed formar a este hermoso y amigable oso. De tama\u00f1o ideal para las peque\u00f1as manos. Fabricado en material suave y resistente con colores vivos y llamativos.<\/p>\n<p><p><strong>Material : <\/strong> Madera<\/p>\n<p><strong>C\u00f3digo Aukinko : <\/strong> 18-250169<\/p>\n<p><strong>C\u00f3digo Convenio Marco : <\/strong> x<\/p>\n","protected":false},"excerpt":{"rendered":"<p>Divertido puzle con relieve de 4 piezas de colores brillantes que lo har\u00e1n muy atractivo para los ni\u00f1os y ni\u00f1as peque\u00f1as. Ideal para el desarrollo del pensamiento l\u00f3gico sencillo, los m\u00e1s peque\u00f1os solo deben hacer coincidir las piezas con las im\u00e1genes de abajo y as\u00ed formar a este hermoso y amigable oso. De tama\u00f1o ideal [&hellip;]<\/p>\n","protected":false},"featured_media":629391,"comment_status":"open","ping_status":"closed","template":"","meta":{"_et_pb_use_builder":"","_et_pb_old_content":"","_et_gb_content_width":""},"product_brand":[],"product_cat":[91,20,22],"product_tag":[],"class_list":{"0":"post-629392","1":"product","2":"type-product","3":"status-publish","4":"has-post-thumbnail","6":"product_cat-accesorios-sala","7":"product_cat-motricidad-fina","8":"product_cat-puzzles","9":"pa_edad-1-a-2-anos","10":"pa_edad-2-a-3-anos","11":"pa_edad-3-a-4-anos","12":"pa_edad-4-a-5-anos","13":"pa_marca-viga","14":"pa_medidas-4314","15":"pa_medidas-5-x-1","16":"pa_medidas-5-x-14","17":"pa_medidas-8-cm","19":"first","20":"instock","21":"shipping-taxable","22":"purchasable","23":"product-type-simple"},"aioseo_notices":[],"_links":{"self":[{"href":"https:\/\/aukinkochile.com\/web\/wp-json\/wp\/v2\/product\/629392","targetHints":{"allow":["GET"]}}],"collection":[{"href":"https:\/\/aukinkochile.com\/web\/wp-json\/wp\/v2\/product"}],"about":[{"href":"https:\/\/aukinkochile.com\/web\/wp-json\/wp\/v2\/types\/product"}],"replies":[{"embeddable":true,"href":"https:\/\/aukinkochile.com\/web\/wp-json\/wp\/v2\/comments?post=629392"}],"wp:featuredmedia":[{"embeddable":true,"href":"https:\/\/aukinkochile.com\/web\/wp-json\/wp\/v2\/media\/629391"}],"wp:attachment":[{"href":"https:\/\/aukinkochile.com\/web\/wp-json\/wp\/v2\/media?parent=629392"}],"wp:term":[{"taxonomy":"product_brand","embeddable":true,"href":"https:\/\/aukinkochile.com\/web\/wp-json\/wp\/v2\/product_brand?post=629392"},{"taxonomy":"product_cat","embeddable":true,"href":"https:\/\/aukinkochile.com\/web\/wp-json\/wp\/v2\/product_cat?post=629392"},{"taxonomy":"product_tag","embeddable":true,"href":"https:\/\/aukinkochile.com\/web\/wp-json\/wp\/v2\/product_tag?post=629392"}],"curies":[{"name":"wp","href":"https:\/\/api.w.org\/{rel}","templated":true}]}}