{"id":629370,"date":"2024-10-02T15:09:43","date_gmt":"2024-10-02T15:09:43","guid":{"rendered":"https:\/\/aukinkochile.com\/web\/producto\/tabla-equilibrio-y-escalada\/"},"modified":"2025-09-26T22:50:04","modified_gmt":"2025-09-26T22:50:04","slug":"tabla-equilibrio-y-escalada","status":"publish","type":"product","link":"https:\/\/aukinkochile.com\/web\/producto\/tabla-equilibrio-y-escalada\/","title":{"rendered":"Escalador y Tabla Equilibrio Madera"},"content":{"rendered":"<p>Esta hermosa tabla de escalada y equilibrio de madera es ideal para el desarrollo de las habilidades motoras gruesas de los m\u00e1s peque\u00f1os de una forma muy entretenida. Dise\u00f1ada para que los m\u00e1s peque\u00f1os puedan trepar, poner en pr\u00e1ctica su equilibrio, ganando as\u00ed confianza en su cuerpo de una forma segura. Fabricada en madera. Ideal para espacios de aprendizaje y estimulaci\u00f3n motora. Cada lado tiene obstaculos diferentes. Conectable con el tri\u00e1ngulo de escalada de la misma marca. Precio por la tabla.<\/p>\n<p><strong>Material : <\/strong> Madera<\/p>\n<p><strong>C\u00f3digo Aukinko : <\/strong> 18-244709<\/p>\n<p><strong>C\u00f3digo Convenio Marco : <\/strong> x<\/p>\n","protected":false},"excerpt":{"rendered":"<p>Esta hermosa tabla de escalada y equilibrio de madera es ideal para el desarrollo de las habilidades motoras gruesas de los m\u00e1s peque\u00f1os de una forma muy entretenida. Dise\u00f1ada para que los m\u00e1s peque\u00f1os puedan trepar, poner en pr\u00e1ctica su equilibrio, ganando as\u00ed confianza en su cuerpo de una forma segura. Fabricada en madera. Ideal [&hellip;]<\/p>\n","protected":false},"featured_media":630109,"comment_status":"open","ping_status":"closed","template":"","meta":{"_et_pb_use_builder":"","_et_pb_old_content":"","_et_gb_content_width":""},"product_brand":[],"product_cat":[148,18],"product_tag":[],"class_list":{"0":"post-629370","1":"product","2":"type-product","3":"status-publish","4":"has-post-thumbnail","6":"product_cat-deportes","7":"product_cat-motricidad-gruesa","8":"pa_edad-2-a-3-anos","9":"pa_edad-3-a-4-anos","10":"pa_edad-4-a-5-anos","11":"pa_marca-viga","12":"pa_medidas-7244","13":"pa_medidas-4-x-11-cm","14":"pa_medidas-8-x-46","16":"first","17":"instock","18":"shipping-taxable","19":"purchasable","20":"product-type-simple"},"aioseo_notices":[],"_links":{"self":[{"href":"https:\/\/aukinkochile.com\/web\/wp-json\/wp\/v2\/product\/629370","targetHints":{"allow":["GET"]}}],"collection":[{"href":"https:\/\/aukinkochile.com\/web\/wp-json\/wp\/v2\/product"}],"about":[{"href":"https:\/\/aukinkochile.com\/web\/wp-json\/wp\/v2\/types\/product"}],"replies":[{"embeddable":true,"href":"https:\/\/aukinkochile.com\/web\/wp-json\/wp\/v2\/comments?post=629370"}],"wp:featuredmedia":[{"embeddable":true,"href":"https:\/\/aukinkochile.com\/web\/wp-json\/wp\/v2\/media\/630109"}],"wp:attachment":[{"href":"https:\/\/aukinkochile.com\/web\/wp-json\/wp\/v2\/media?parent=629370"}],"wp:term":[{"taxonomy":"product_brand","embeddable":true,"href":"https:\/\/aukinkochile.com\/web\/wp-json\/wp\/v2\/product_brand?post=629370"},{"taxonomy":"product_cat","embeddable":true,"href":"https:\/\/aukinkochile.com\/web\/wp-json\/wp\/v2\/product_cat?post=629370"},{"taxonomy":"product_tag","embeddable":true,"href":"https:\/\/aukinkochile.com\/web\/wp-json\/wp\/v2\/product_tag?post=629370"}],"curies":[{"name":"wp","href":"https:\/\/api.w.org\/{rel}","templated":true}]}}