{"id":629366,"date":"2024-10-02T15:09:41","date_gmt":"2024-10-02T15:09:41","guid":{"rendered":"https:\/\/aukinkochile.com\/web\/producto\/juego-pared-combinacion-color-y-forma\/"},"modified":"2025-06-26T16:15:40","modified_gmt":"2025-06-26T16:15:40","slug":"juego-pared-combinacion-color-y-forma","status":"publish","type":"product","link":"https:\/\/aukinkochile.com\/web\/producto\/juego-pared-combinacion-color-y-forma\/","title":{"rendered":"Juego Pared Combinaci\u00f3n Color y Forma"},"content":{"rendered":"<p>Divertido juego de doble lado dise\u00f1ado para el aprendizaje de colores, formas y patrones de una forma muy entretenida. Este juego educativo es ideal para que los m\u00e1s peque\u00f1os aprendan utilizando uno de los lados algunos colores y con el otro lado colores y formas geom\u00e9tricas. Incluye tarjetas con diferentes patrones que los ni\u00f1os y ni\u00f1as deben replicar en el tablero desarrollando as\u00ed el pensamiento l\u00f3gico, las habilidades motoras finas, la observaci\u00f3n y la concentraci\u00f3n. Fabricado en material suave y resistente con colores vivos. Incluye 16 tarjetas con patrones impresos por ambos lados.<\/p>\n<p><p><strong>Material : <\/strong> Madera y Cart\u00f3n<\/p>\n<p><strong>C\u00f3digo Aukinko : <\/strong> 18-244707<\/p>\n<p><strong>C\u00f3digo Convenio Marco : <\/strong> x<\/p>\n","protected":false},"excerpt":{"rendered":"<p>Divertido juego de doble lado dise\u00f1ado para el aprendizaje de colores, formas y patrones de una forma muy entretenida. Este juego educativo es ideal para que los m\u00e1s peque\u00f1os aprendan utilizando uno de los lados algunos colores y con el otro lado colores y formas geom\u00e9tricas. Incluye tarjetas con diferentes patrones que los ni\u00f1os y [&hellip;]<\/p>\n","protected":false},"featured_media":629365,"comment_status":"open","ping_status":"closed","template":"","meta":{"_et_pb_use_builder":"","_et_pb_old_content":"","_et_gb_content_width":""},"product_brand":[],"product_cat":[91,7385,20],"product_tag":[],"class_list":{"0":"post-629366","1":"product","2":"type-product","3":"status-publish","4":"has-post-thumbnail","6":"product_cat-accesorios-sala","7":"product_cat-estimulacion-cognitiva-y-motora-para-adultos-mayores","8":"product_cat-motricidad-fina","9":"pa_edad-3-a-4-anos","10":"pa_edad-4-a-5-anos","11":"pa_edad-5-a-6-anos","12":"pa_edad-6-a-8-anos","13":"pa_marca-viga","14":"pa_medidas-27-x-6-x-18","15":"pa_medidas-8-cm","17":"first","18":"instock","19":"shipping-taxable","20":"purchasable","21":"product-type-simple"},"aioseo_notices":[],"_links":{"self":[{"href":"https:\/\/aukinkochile.com\/web\/wp-json\/wp\/v2\/product\/629366","targetHints":{"allow":["GET"]}}],"collection":[{"href":"https:\/\/aukinkochile.com\/web\/wp-json\/wp\/v2\/product"}],"about":[{"href":"https:\/\/aukinkochile.com\/web\/wp-json\/wp\/v2\/types\/product"}],"replies":[{"embeddable":true,"href":"https:\/\/aukinkochile.com\/web\/wp-json\/wp\/v2\/comments?post=629366"}],"wp:featuredmedia":[{"embeddable":true,"href":"https:\/\/aukinkochile.com\/web\/wp-json\/wp\/v2\/media\/629365"}],"wp:attachment":[{"href":"https:\/\/aukinkochile.com\/web\/wp-json\/wp\/v2\/media?parent=629366"}],"wp:term":[{"taxonomy":"product_brand","embeddable":true,"href":"https:\/\/aukinkochile.com\/web\/wp-json\/wp\/v2\/product_brand?post=629366"},{"taxonomy":"product_cat","embeddable":true,"href":"https:\/\/aukinkochile.com\/web\/wp-json\/wp\/v2\/product_cat?post=629366"},{"taxonomy":"product_tag","embeddable":true,"href":"https:\/\/aukinkochile.com\/web\/wp-json\/wp\/v2\/product_tag?post=629366"}],"curies":[{"name":"wp","href":"https:\/\/api.w.org\/{rel}","templated":true}]}}