{"id":629354,"date":"2024-10-02T15:09:36","date_gmt":"2024-10-02T15:09:36","guid":{"rendered":"https:\/\/aukinkochile.com\/web\/producto\/camion-helados-madera\/"},"modified":"2025-04-22T14:25:14","modified_gmt":"2025-04-22T14:25:14","slug":"camion-helados-madera","status":"publish","type":"product","link":"https:\/\/aukinkochile.com\/web\/producto\/camion-helados-madera\/","title":{"rendered":"Cami\u00f3n Helados Madera"},"content":{"rendered":"<p>Divertido cami\u00f3n de helados para pasar horas de diversi\u00f3n. Este cami\u00f3n es ideal para llevar a todas partes para crear historias y dejar volar la imaginaci\u00f3n. Un accesorio ideal para estimular el juego de rol con el cual los ni\u00f1os y ni\u00f1as desarrollan sus habilidades sociales y comunican sus emociones de una forma espont\u00e1nea y muy entretenida. Incluye un barista, una rejilla para reposter\u00eda, un donut, un croissant, un pan, un caf\u00e9, una planta como decoraci\u00f3n, un cartel de caf\u00e9, una cafetera con mesa y un cartel de pizarra. Fabricado en madera. De material suave y resistente y colores vivos.<\/p>\n<p><p><strong>Material : <\/strong> Madera<\/p>\n<p><strong>C\u00f3digo Aukinko : <\/strong> 18-244689<\/p>\n<p><strong>C\u00f3digo Convenio Marco : <\/strong> x<\/p>\n","protected":false},"excerpt":{"rendered":"<p>Divertido cami\u00f3n de helados para pasar horas de diversi\u00f3n. Este cami\u00f3n es ideal para llevar a todas partes para crear historias y dejar volar la imaginaci\u00f3n. Un accesorio ideal para estimular el juego de rol con el cual los ni\u00f1os y ni\u00f1as desarrollan sus habilidades sociales y comunican sus emociones de una forma espont\u00e1nea y [&hellip;]<\/p>\n","protected":false},"featured_media":629353,"comment_status":"open","ping_status":"closed","template":"","meta":{"_et_pb_use_builder":"","_et_pb_old_content":"","_et_gb_content_width":""},"product_brand":[],"product_cat":[17],"product_tag":[],"class_list":{"0":"post-629354","1":"product","2":"type-product","3":"status-publish","4":"has-post-thumbnail","6":"product_cat-juegos-de-rol","7":"pa_edad-3-a-4-anos","8":"pa_edad-4-a-5-anos","9":"pa_edad-5-a-6-anos","10":"pa_marca-viga","11":"pa_medidas-19-x-11","12":"pa_medidas-8-x-15-cm","14":"first","15":"instock","16":"shipping-taxable","17":"purchasable","18":"product-type-simple"},"aioseo_notices":[],"_links":{"self":[{"href":"https:\/\/aukinkochile.com\/web\/wp-json\/wp\/v2\/product\/629354","targetHints":{"allow":["GET"]}}],"collection":[{"href":"https:\/\/aukinkochile.com\/web\/wp-json\/wp\/v2\/product"}],"about":[{"href":"https:\/\/aukinkochile.com\/web\/wp-json\/wp\/v2\/types\/product"}],"replies":[{"embeddable":true,"href":"https:\/\/aukinkochile.com\/web\/wp-json\/wp\/v2\/comments?post=629354"}],"wp:featuredmedia":[{"embeddable":true,"href":"https:\/\/aukinkochile.com\/web\/wp-json\/wp\/v2\/media\/629353"}],"wp:attachment":[{"href":"https:\/\/aukinkochile.com\/web\/wp-json\/wp\/v2\/media?parent=629354"}],"wp:term":[{"taxonomy":"product_brand","embeddable":true,"href":"https:\/\/aukinkochile.com\/web\/wp-json\/wp\/v2\/product_brand?post=629354"},{"taxonomy":"product_cat","embeddable":true,"href":"https:\/\/aukinkochile.com\/web\/wp-json\/wp\/v2\/product_cat?post=629354"},{"taxonomy":"product_tag","embeddable":true,"href":"https:\/\/aukinkochile.com\/web\/wp-json\/wp\/v2\/product_tag?post=629354"}],"curies":[{"name":"wp","href":"https:\/\/api.w.org\/{rel}","templated":true}]}}