{"id":629348,"date":"2024-10-02T15:09:33","date_gmt":"2024-10-02T15:09:33","guid":{"rendered":"https:\/\/aukinkochile.com\/web\/producto\/andador-madera-cocodrilo-activity\/"},"modified":"2025-04-22T14:25:12","modified_gmt":"2025-04-22T14:25:12","slug":"andador-madera-cocodrilo-activity","status":"publish","type":"product","link":"https:\/\/aukinkochile.com\/web\/producto\/andador-madera-cocodrilo-activity\/","title":{"rendered":"Andador Madera Cocodrilo Activity"},"content":{"rendered":"<p>Este hermoso andador para beb\u00e9 con forma de cocodrilo contiene muchas actividades emocionantes y entretenidas: laberinto de animales, xil\u00f3fono, engranajes giratorios, clasificaci\u00f3n de formas, cuentas de alambre y mucho m\u00e1s. La construcci\u00f3n robusta ofrece apoyo para desarrollar la confianza de los beb\u00e9s al caminar y ayuda con el equilibrio y la estabilidad a medida que los peque\u00f1os aprenden a caminar. Incluye un pr\u00e1ctico espacio de almacenamiento para los accesorios.<\/p>\n<p><p><strong>Material : <\/strong> Madera<\/p>\n<p><strong>C\u00f3digo Aukinko : <\/strong> 18-244681<\/p>\n<p><strong>C\u00f3digo Convenio Marco : <\/strong> x<\/p>\n","protected":false},"excerpt":{"rendered":"<p>Este hermoso andador para beb\u00e9 con forma de cocodrilo contiene muchas actividades emocionantes y entretenidas: laberinto de animales, xil\u00f3fono, engranajes giratorios, clasificaci\u00f3n de formas, cuentas de alambre y mucho m\u00e1s. La construcci\u00f3n robusta ofrece apoyo para desarrollar la confianza de los beb\u00e9s al caminar y ayuda con el equilibrio y la estabilidad a medida que [&hellip;]<\/p>\n","protected":false},"featured_media":629347,"comment_status":"open","ping_status":"closed","template":"","meta":{"_et_pb_use_builder":"","_et_pb_old_content":"","_et_gb_content_width":""},"product_brand":[],"product_cat":[18],"product_tag":[],"class_list":{"0":"post-629348","1":"product","2":"type-product","3":"status-publish","4":"has-post-thumbnail","6":"product_cat-motricidad-gruesa","7":"pa_edad-1-a-2-anos","8":"pa_edad-2-a-3-anos","9":"pa_marca-viga","10":"pa_medidas-3-x-41","11":"pa_medidas-4807","12":"pa_medidas-7-x-35","13":"pa_medidas-9-cm","15":"first","16":"instock","17":"shipping-taxable","18":"purchasable","19":"product-type-simple"},"aioseo_notices":[],"_links":{"self":[{"href":"https:\/\/aukinkochile.com\/web\/wp-json\/wp\/v2\/product\/629348","targetHints":{"allow":["GET"]}}],"collection":[{"href":"https:\/\/aukinkochile.com\/web\/wp-json\/wp\/v2\/product"}],"about":[{"href":"https:\/\/aukinkochile.com\/web\/wp-json\/wp\/v2\/types\/product"}],"replies":[{"embeddable":true,"href":"https:\/\/aukinkochile.com\/web\/wp-json\/wp\/v2\/comments?post=629348"}],"wp:featuredmedia":[{"embeddable":true,"href":"https:\/\/aukinkochile.com\/web\/wp-json\/wp\/v2\/media\/629347"}],"wp:attachment":[{"href":"https:\/\/aukinkochile.com\/web\/wp-json\/wp\/v2\/media?parent=629348"}],"wp:term":[{"taxonomy":"product_brand","embeddable":true,"href":"https:\/\/aukinkochile.com\/web\/wp-json\/wp\/v2\/product_brand?post=629348"},{"taxonomy":"product_cat","embeddable":true,"href":"https:\/\/aukinkochile.com\/web\/wp-json\/wp\/v2\/product_cat?post=629348"},{"taxonomy":"product_tag","embeddable":true,"href":"https:\/\/aukinkochile.com\/web\/wp-json\/wp\/v2\/product_tag?post=629348"}],"curies":[{"name":"wp","href":"https:\/\/api.w.org\/{rel}","templated":true}]}}