{"id":629334,"date":"2024-10-02T15:09:24","date_gmt":"2024-10-02T15:09:24","guid":{"rendered":"https:\/\/aukinkochile.com\/web\/producto\/puzle-madera-9-pz-avion-gato\/"},"modified":"2025-11-06T19:04:54","modified_gmt":"2025-11-06T19:04:54","slug":"puzle-madera-9-pz-avion-gato","status":"publish","type":"product","link":"https:\/\/aukinkochile.com\/web\/producto\/puzle-madera-9-pz-avion-gato\/","title":{"rendered":"Puzle Madera 9 pz Avi\u00f3n &#038; Gato"},"content":{"rendered":"<p>Este hermoso puzle tem\u00e1tico puede atraer f\u00e1cilmente el inter\u00e9s de los ni\u00f1os y concentrar su atenci\u00f3n en las lindas im\u00e1genes. Los colores hermosos, brillantes y vivos est\u00e1n dise\u00f1ados para enriquecer las habilidades de los ni\u00f1os y ni\u00f1as para aprender los colores, fomentar la estimulaci\u00f3n sensorial y el desarrollo del cerebro. Despu\u00e9s de terminar, gu\u00ede a sus hijos para que le describan una hermosa historia con su imaginaci\u00f3n, anim\u00e1ndolos a hablar m\u00e1s mientras juegan. Fabricado en material suave y resistente.<\/p>\n<p><p><strong>Material : <\/strong> Madera<\/p>\n<p><strong>C\u00f3digo Aukinko : <\/strong> 18-244632<\/p>\n<p><strong>C\u00f3digo Convenio Marco : <\/strong> x<\/p>\n","protected":false},"excerpt":{"rendered":"<p>Este hermoso puzle tem\u00e1tico puede atraer f\u00e1cilmente el inter\u00e9s de los ni\u00f1os y concentrar su atenci\u00f3n en las lindas im\u00e1genes. Los colores hermosos, brillantes y vivos est\u00e1n dise\u00f1ados para enriquecer las habilidades de los ni\u00f1os y ni\u00f1as para aprender los colores, fomentar la estimulaci\u00f3n sensorial y el desarrollo del cerebro. Despu\u00e9s de terminar, gu\u00ede a [&hellip;]<\/p>\n","protected":false},"featured_media":624908,"comment_status":"open","ping_status":"closed","template":"","meta":{"_et_pb_use_builder":"","_et_pb_old_content":"","_et_gb_content_width":""},"product_brand":[],"product_cat":[91,20,22],"product_tag":[],"class_list":{"0":"post-629334","1":"product","2":"type-product","3":"status-publish","4":"has-post-thumbnail","6":"product_cat-accesorios-sala","7":"product_cat-motricidad-fina","8":"product_cat-puzzles","9":"pa_edad-2-a-3-anos","10":"pa_edad-3-a-4-anos","11":"pa_edad-4-a-5-anos","12":"pa_marca-viga","13":"pa_medidas-22-x-22-x-0","14":"pa_medidas-9-cm","16":"first","17":"instock","18":"shipping-taxable","19":"purchasable","20":"product-type-simple"},"aioseo_notices":[],"_links":{"self":[{"href":"https:\/\/aukinkochile.com\/web\/wp-json\/wp\/v2\/product\/629334","targetHints":{"allow":["GET"]}}],"collection":[{"href":"https:\/\/aukinkochile.com\/web\/wp-json\/wp\/v2\/product"}],"about":[{"href":"https:\/\/aukinkochile.com\/web\/wp-json\/wp\/v2\/types\/product"}],"replies":[{"embeddable":true,"href":"https:\/\/aukinkochile.com\/web\/wp-json\/wp\/v2\/comments?post=629334"}],"wp:featuredmedia":[{"embeddable":true,"href":"https:\/\/aukinkochile.com\/web\/wp-json\/wp\/v2\/media\/624908"}],"wp:attachment":[{"href":"https:\/\/aukinkochile.com\/web\/wp-json\/wp\/v2\/media?parent=629334"}],"wp:term":[{"taxonomy":"product_brand","embeddable":true,"href":"https:\/\/aukinkochile.com\/web\/wp-json\/wp\/v2\/product_brand?post=629334"},{"taxonomy":"product_cat","embeddable":true,"href":"https:\/\/aukinkochile.com\/web\/wp-json\/wp\/v2\/product_cat?post=629334"},{"taxonomy":"product_tag","embeddable":true,"href":"https:\/\/aukinkochile.com\/web\/wp-json\/wp\/v2\/product_tag?post=629334"}],"curies":[{"name":"wp","href":"https:\/\/api.w.org\/{rel}","templated":true}]}}