{"id":629330,"date":"2024-10-02T15:09:21","date_gmt":"2024-10-02T15:09:21","guid":{"rendered":"https:\/\/aukinkochile.com\/web\/producto\/puzle-madera-tarugo-4-pz-selva\/"},"modified":"2025-11-06T19:03:15","modified_gmt":"2025-11-06T19:03:15","slug":"puzle-madera-tarugo-4-pz-selva","status":"publish","type":"product","link":"https:\/\/aukinkochile.com\/web\/producto\/puzle-madera-tarugo-4-pz-selva\/","title":{"rendered":"Puzle Madera Tarugo 4 pz Selva"},"content":{"rendered":"<p>Hermoso puzle fabricado en madera sustentable. El tama\u00f1o de los tarugos es ideal para el agarre de manos peque\u00f1as. Este hermoso puzle estimula el reconocimiento de colores y formas en la primera infancia de una forma muy entretenida, acompa\u00f1ando tambi\u00e9n el desarrollo de la coordinaci\u00f3n mano-ojo y el pensamiento l\u00f3gico. Fabricado en material suave y resistente.<\/p>\n<p><p><strong>Material : <\/strong> Madera<\/p>\n<p><strong>C\u00f3digo Aukinko : <\/strong> 18-244593<\/p>\n<p><strong>C\u00f3digo Convenio Marco : <\/strong> x<\/p>\n","protected":false},"excerpt":{"rendered":"<p>Hermoso puzle fabricado en madera sustentable. El tama\u00f1o de los tarugos es ideal para el agarre de manos peque\u00f1as. Este hermoso puzle estimula el reconocimiento de colores y formas en la primera infancia de una forma muy entretenida, acompa\u00f1ando tambi\u00e9n el desarrollo de la coordinaci\u00f3n mano-ojo y el pensamiento l\u00f3gico. Fabricado en material suave y [&hellip;]<\/p>\n","protected":false},"featured_media":624878,"comment_status":"open","ping_status":"closed","template":"","meta":{"_et_pb_use_builder":"","_et_pb_old_content":"","_et_gb_content_width":""},"product_brand":[],"product_cat":[91,20,22],"product_tag":[],"class_list":{"0":"post-629330","1":"product","2":"type-product","3":"status-publish","4":"has-post-thumbnail","6":"product_cat-accesorios-sala","7":"product_cat-motricidad-fina","8":"product_cat-puzzles","9":"pa_edad-2-a-3-anos","10":"pa_edad-3-a-4-anos","11":"pa_marca-viga","12":"pa_medidas-22-x-22-x-2","13":"pa_medidas-6-cm","15":"first","16":"instock","17":"shipping-taxable","18":"purchasable","19":"product-type-simple"},"aioseo_notices":[],"_links":{"self":[{"href":"https:\/\/aukinkochile.com\/web\/wp-json\/wp\/v2\/product\/629330","targetHints":{"allow":["GET"]}}],"collection":[{"href":"https:\/\/aukinkochile.com\/web\/wp-json\/wp\/v2\/product"}],"about":[{"href":"https:\/\/aukinkochile.com\/web\/wp-json\/wp\/v2\/types\/product"}],"replies":[{"embeddable":true,"href":"https:\/\/aukinkochile.com\/web\/wp-json\/wp\/v2\/comments?post=629330"}],"wp:featuredmedia":[{"embeddable":true,"href":"https:\/\/aukinkochile.com\/web\/wp-json\/wp\/v2\/media\/624878"}],"wp:attachment":[{"href":"https:\/\/aukinkochile.com\/web\/wp-json\/wp\/v2\/media?parent=629330"}],"wp:term":[{"taxonomy":"product_brand","embeddable":true,"href":"https:\/\/aukinkochile.com\/web\/wp-json\/wp\/v2\/product_brand?post=629330"},{"taxonomy":"product_cat","embeddable":true,"href":"https:\/\/aukinkochile.com\/web\/wp-json\/wp\/v2\/product_cat?post=629330"},{"taxonomy":"product_tag","embeddable":true,"href":"https:\/\/aukinkochile.com\/web\/wp-json\/wp\/v2\/product_tag?post=629330"}],"curies":[{"name":"wp","href":"https:\/\/api.w.org\/{rel}","templated":true}]}}