{"id":629325,"date":"2024-10-02T15:09:18","date_gmt":"2024-10-02T15:09:18","guid":{"rendered":"https:\/\/aukinkochile.com\/web\/producto\/puzle-madera-48-pz-construccion\/"},"modified":"2025-11-06T19:02:51","modified_gmt":"2025-11-06T19:02:51","slug":"puzle-madera-48-pz-construccion","status":"publish","type":"product","link":"https:\/\/aukinkochile.com\/web\/producto\/puzle-madera-48-pz-construccion\/","title":{"rendered":"Puzle Madera 48 pz Construcci\u00f3n"},"content":{"rendered":"<p>Hermoso puzle de madera de 48 piezas con ilustraci\u00f3n que les encantar\u00e1 a los m\u00e1s peque\u00f1os. Los Puzles son juegos que estimulan a los ni\u00f1as y ni\u00f1os en el desarrollo de la coordinaci\u00f3n mano-ojo, el reconocimiento de colores y formas, el pensamiento l\u00f3gico, la concentraci\u00f3n y mucho m\u00e1s. De material suave y resistente y colores vivos.<\/p>\n<p><p><strong>Material : <\/strong> Madera<\/p>\n<p><strong>C\u00f3digo Aukinko : <\/strong> 18-244585<\/p>\n<p><strong>C\u00f3digo Convenio Marco : <\/strong> x<\/p>\n","protected":false},"excerpt":{"rendered":"<p>Hermoso puzle de madera de 48 piezas con ilustraci\u00f3n que les encantar\u00e1 a los m\u00e1s peque\u00f1os. Los Puzles son juegos que estimulan a los ni\u00f1as y ni\u00f1os en el desarrollo de la coordinaci\u00f3n mano-ojo, el reconocimiento de colores y formas, el pensamiento l\u00f3gico, la concentraci\u00f3n y mucho m\u00e1s. De material suave y resistente y colores [&hellip;]<\/p>\n","protected":false},"featured_media":622594,"comment_status":"open","ping_status":"closed","template":"","meta":{"_et_pb_use_builder":"","_et_pb_old_content":"","_et_gb_content_width":""},"product_brand":[],"product_cat":[91,20,22],"product_tag":[],"class_list":{"0":"post-629325","1":"product","2":"type-product","3":"status-publish","4":"has-post-thumbnail","6":"product_cat-accesorios-sala","7":"product_cat-motricidad-fina","8":"product_cat-puzzles","9":"pa_edad-3-a-4-anos","10":"pa_edad-4-a-5-anos","11":"pa_edad-5-a-6-anos","12":"pa_edad-6-a-8-anos","13":"pa_marca-viga","14":"pa_medidas-40-x-30-x-1-cm","16":"first","17":"instock","18":"shipping-taxable","19":"purchasable","20":"product-type-simple"},"aioseo_notices":[],"_links":{"self":[{"href":"https:\/\/aukinkochile.com\/web\/wp-json\/wp\/v2\/product\/629325","targetHints":{"allow":["GET"]}}],"collection":[{"href":"https:\/\/aukinkochile.com\/web\/wp-json\/wp\/v2\/product"}],"about":[{"href":"https:\/\/aukinkochile.com\/web\/wp-json\/wp\/v2\/types\/product"}],"replies":[{"embeddable":true,"href":"https:\/\/aukinkochile.com\/web\/wp-json\/wp\/v2\/comments?post=629325"}],"wp:featuredmedia":[{"embeddable":true,"href":"https:\/\/aukinkochile.com\/web\/wp-json\/wp\/v2\/media\/622594"}],"wp:attachment":[{"href":"https:\/\/aukinkochile.com\/web\/wp-json\/wp\/v2\/media?parent=629325"}],"wp:term":[{"taxonomy":"product_brand","embeddable":true,"href":"https:\/\/aukinkochile.com\/web\/wp-json\/wp\/v2\/product_brand?post=629325"},{"taxonomy":"product_cat","embeddable":true,"href":"https:\/\/aukinkochile.com\/web\/wp-json\/wp\/v2\/product_cat?post=629325"},{"taxonomy":"product_tag","embeddable":true,"href":"https:\/\/aukinkochile.com\/web\/wp-json\/wp\/v2\/product_tag?post=629325"}],"curies":[{"name":"wp","href":"https:\/\/api.w.org\/{rel}","templated":true}]}}