{"id":629319,"date":"2024-10-02T15:07:53","date_gmt":"2024-10-02T15:07:53","guid":{"rendered":"https:\/\/aukinkochile.com\/web\/producto\/mosaico-motricidad-catch-match-madera\/"},"modified":"2025-11-06T19:02:38","modified_gmt":"2025-11-06T19:02:38","slug":"mosaico-motricidad-catch-match-madera","status":"publish","type":"product","link":"https:\/\/aukinkochile.com\/web\/producto\/mosaico-motricidad-catch-match-madera\/","title":{"rendered":"Mosaico Motricidad Catch &#038; Match Madera"},"content":{"rendered":"<p>Divertido juego de mosaico para desarrollar la motricidad fina, la coordinaci\u00f3n mano-ojo, la creatividad y mucho m\u00e1s. Incluye 10 laminas de papel con diferentes ilustraciones, 8 colores diferentes de bolitas y un par de palitos. Los ni\u00f1os y ni\u00f1as podr\u00e1n clasificar por colores las bolitas y con cada imagen armar el mosaico. Desarrolla la concentraci\u00f3n. Fabricado en material suave y resistente.<\/p>\n<p><p><strong>Material : <\/strong> Madera<\/p>\n<p><strong>C\u00f3digo Aukinko : <\/strong> 18-244574<\/p>\n<p><strong>C\u00f3digo Convenio Marco : <\/strong> x<\/p>\n","protected":false},"excerpt":{"rendered":"<p>Divertido juego de mosaico para desarrollar la motricidad fina, la coordinaci\u00f3n mano-ojo, la creatividad y mucho m\u00e1s. Incluye 10 laminas de papel con diferentes ilustraciones, 8 colores diferentes de bolitas y un par de palitos. Los ni\u00f1os y ni\u00f1as podr\u00e1n clasificar por colores las bolitas y con cada imagen armar el mosaico. Desarrolla la concentraci\u00f3n. [&hellip;]<\/p>\n","protected":false},"featured_media":624873,"comment_status":"open","ping_status":"closed","template":"","meta":{"_et_pb_use_builder":"","_et_pb_old_content":"","_et_gb_content_width":""},"product_brand":[],"product_cat":[19,7385,20],"product_tag":[],"class_list":{"0":"post-629319","1":"product","2":"type-product","3":"status-publish","4":"has-post-thumbnail","6":"product_cat-construccion","7":"product_cat-estimulacion-cognitiva-y-motora-para-adultos-mayores","8":"product_cat-motricidad-fina","9":"pa_edad-6-a-8-anos","10":"pa_edad-8-a-10-anos","11":"pa_marca-viga","12":"pa_medidas-4424","13":"pa_medidas-8-x-26","14":"pa_medidas-9-x-3-cm","16":"first","17":"instock","18":"shipping-taxable","19":"purchasable","20":"product-type-simple"},"aioseo_notices":[],"_links":{"self":[{"href":"https:\/\/aukinkochile.com\/web\/wp-json\/wp\/v2\/product\/629319","targetHints":{"allow":["GET"]}}],"collection":[{"href":"https:\/\/aukinkochile.com\/web\/wp-json\/wp\/v2\/product"}],"about":[{"href":"https:\/\/aukinkochile.com\/web\/wp-json\/wp\/v2\/types\/product"}],"replies":[{"embeddable":true,"href":"https:\/\/aukinkochile.com\/web\/wp-json\/wp\/v2\/comments?post=629319"}],"wp:featuredmedia":[{"embeddable":true,"href":"https:\/\/aukinkochile.com\/web\/wp-json\/wp\/v2\/media\/624873"}],"wp:attachment":[{"href":"https:\/\/aukinkochile.com\/web\/wp-json\/wp\/v2\/media?parent=629319"}],"wp:term":[{"taxonomy":"product_brand","embeddable":true,"href":"https:\/\/aukinkochile.com\/web\/wp-json\/wp\/v2\/product_brand?post=629319"},{"taxonomy":"product_cat","embeddable":true,"href":"https:\/\/aukinkochile.com\/web\/wp-json\/wp\/v2\/product_cat?post=629319"},{"taxonomy":"product_tag","embeddable":true,"href":"https:\/\/aukinkochile.com\/web\/wp-json\/wp\/v2\/product_tag?post=629319"}],"curies":[{"name":"wp","href":"https:\/\/api.w.org\/{rel}","templated":true}]}}