{"id":629309,"date":"2024-10-02T15:07:46","date_gmt":"2024-10-02T15:07:46","guid":{"rendered":"https:\/\/aukinkochile.com\/web\/producto\/pizarra-madera-mapa-mundi-magnetico-106-pz\/"},"modified":"2025-11-06T19:00:20","modified_gmt":"2025-11-06T19:00:20","slug":"pizarra-madera-mapa-mundi-magnetico-106-pz","status":"publish","type":"product","link":"https:\/\/aukinkochile.com\/web\/producto\/pizarra-madera-mapa-mundi-magnetico-106-pz\/","title":{"rendered":"Pizarra Madera Mapa Mundi Magn\u00e9tico 106 pz"},"content":{"rendered":"<p>Este divertido mapa de madera que en el reverso tambi\u00e9n es una pizarra de dibujo, el  juego perfecto para los curiosos por el mundo. Una pizarra bellamente hecha con 105 elementos magn\u00e9ticos de madera (continentes, barcos, aviones, cohetes y animales que habitan en el fondo de los oc\u00e9anos). El mapa esta descrito en ingles y eso es un complemento perfecto para aprender el idioma. Con ellas los ni\u00f1os y ni\u00f1as aprender\u00e1n sobre geograf\u00eda y sobre el h\u00e1bitat de los diferentes animales que habitan el mundo. Conocer\u00e1n los oc\u00e9anos y los continentes. Divertido juego para estimular el aprendizaje de forma divertida. El mapa tiene un asa que permite colgarlo. La pieza mas grande 20 cm y la mas peque\u00f1a 4 cm aprox.<\/p>\n<p><p><strong>Material : <\/strong> Madera<\/p>\n<p><strong>C\u00f3digo Aukinko : <\/strong> 18-244508<\/p>\n<p><strong>C\u00f3digo Convenio Marco : <\/strong> x<\/p>\n","protected":false},"excerpt":{"rendered":"<p>Este divertido mapa de madera que en el reverso tambi\u00e9n es una pizarra de dibujo, el juego perfecto para los curiosos por el mundo. Una pizarra bellamente hecha con 105 elementos magn\u00e9ticos de madera (continentes, barcos, aviones, cohetes y animales que habitan en el fondo de los oc\u00e9anos). El mapa esta descrito en ingles y [&hellip;]<\/p>\n","protected":false},"featured_media":624833,"comment_status":"open","ping_status":"closed","template":"","meta":{"_et_pb_use_builder":"","_et_pb_old_content":"","_et_gb_content_width":""},"product_brand":[],"product_cat":[91,21,92],"product_tag":[],"class_list":{"0":"post-629309","1":"product","2":"type-product","3":"status-publish","4":"has-post-thumbnail","6":"product_cat-accesorios-sala","7":"product_cat-arte-y-manipulacion","8":"product_cat-ciencias","9":"pa_edad-10-anos","10":"pa_edad-4-a-5-anos","11":"pa_edad-5-a-6-anos","12":"pa_edad-6-a-8-anos","13":"pa_edad-8-a-10-anos","14":"pa_marca-viga","15":"pa_medidas-46-x-2-x-72","16":"pa_medidas-5-cm","18":"first","19":"instock","20":"shipping-taxable","21":"purchasable","22":"product-type-simple"},"aioseo_notices":[],"_links":{"self":[{"href":"https:\/\/aukinkochile.com\/web\/wp-json\/wp\/v2\/product\/629309","targetHints":{"allow":["GET"]}}],"collection":[{"href":"https:\/\/aukinkochile.com\/web\/wp-json\/wp\/v2\/product"}],"about":[{"href":"https:\/\/aukinkochile.com\/web\/wp-json\/wp\/v2\/types\/product"}],"replies":[{"embeddable":true,"href":"https:\/\/aukinkochile.com\/web\/wp-json\/wp\/v2\/comments?post=629309"}],"wp:featuredmedia":[{"embeddable":true,"href":"https:\/\/aukinkochile.com\/web\/wp-json\/wp\/v2\/media\/624833"}],"wp:attachment":[{"href":"https:\/\/aukinkochile.com\/web\/wp-json\/wp\/v2\/media?parent=629309"}],"wp:term":[{"taxonomy":"product_brand","embeddable":true,"href":"https:\/\/aukinkochile.com\/web\/wp-json\/wp\/v2\/product_brand?post=629309"},{"taxonomy":"product_cat","embeddable":true,"href":"https:\/\/aukinkochile.com\/web\/wp-json\/wp\/v2\/product_cat?post=629309"},{"taxonomy":"product_tag","embeddable":true,"href":"https:\/\/aukinkochile.com\/web\/wp-json\/wp\/v2\/product_tag?post=629309"}],"curies":[{"name":"wp","href":"https:\/\/api.w.org\/{rel}","templated":true}]}}