{"id":629308,"date":"2024-10-02T15:07:46","date_gmt":"2024-10-02T15:07:46","guid":{"rendered":"https:\/\/aukinkochile.com\/web\/producto\/puzle-madera-educativo-set-colores\/"},"modified":"2025-11-06T19:00:12","modified_gmt":"2025-11-06T19:00:12","slug":"puzle-madera-educativo-set-colores","status":"publish","type":"product","link":"https:\/\/aukinkochile.com\/web\/producto\/puzle-madera-educativo-set-colores\/","title":{"rendered":"Puzle Madera Educativo set Colores"},"content":{"rendered":"<p>Juego educativo que fomenta el desarrollo del pensamiento l\u00f3gico, la creatividad, la motricidad fina, las habilidades en el reconocimiento de colores y formas, el lenguaje y mucho mas. Con este puzle los ni\u00f1os y ni\u00f1as comenzaran a comprender el manejo de los cuadros de doble entrada desarrollando as\u00ed el pensamiento l\u00f3gico matem\u00e1tico. Contiene 36 pz.<\/p>\n<p><p><strong>Material : <\/strong> Madera<\/p>\n<p><strong>C\u00f3digo Aukinko : <\/strong> 18-244505<\/p>\n<p><strong>C\u00f3digo Convenio Marco : <\/strong> x<\/p>\n","protected":false},"excerpt":{"rendered":"<p>Juego educativo que fomenta el desarrollo del pensamiento l\u00f3gico, la creatividad, la motricidad fina, las habilidades en el reconocimiento de colores y formas, el lenguaje y mucho mas. Con este puzle los ni\u00f1os y ni\u00f1as comenzaran a comprender el manejo de los cuadros de doble entrada desarrollando as\u00ed el pensamiento l\u00f3gico matem\u00e1tico. Contiene 36 pz. [&hellip;]<\/p>\n","protected":false},"featured_media":624830,"comment_status":"open","ping_status":"closed","template":"","meta":{"_et_pb_use_builder":"","_et_pb_old_content":"","_et_gb_content_width":""},"product_brand":[],"product_cat":[91,150,151,20,22],"product_tag":[],"class_list":{"0":"post-629308","1":"product","2":"type-product","3":"status-publish","4":"has-post-thumbnail","6":"product_cat-accesorios-sala","7":"product_cat-asociacion-y-logica","8":"product_cat-lenguaje","9":"product_cat-motricidad-fina","10":"product_cat-puzzles","11":"pa_edad-3-a-4-anos","12":"pa_edad-4-a-5-anos","13":"pa_edad-5-a-6-anos","14":"pa_marca-viga","15":"pa_medidas-25-x-11","16":"pa_medidas-5-x-6-cm","18":"first","19":"instock","20":"shipping-taxable","21":"purchasable","22":"product-type-simple"},"aioseo_notices":[],"_links":{"self":[{"href":"https:\/\/aukinkochile.com\/web\/wp-json\/wp\/v2\/product\/629308","targetHints":{"allow":["GET"]}}],"collection":[{"href":"https:\/\/aukinkochile.com\/web\/wp-json\/wp\/v2\/product"}],"about":[{"href":"https:\/\/aukinkochile.com\/web\/wp-json\/wp\/v2\/types\/product"}],"replies":[{"embeddable":true,"href":"https:\/\/aukinkochile.com\/web\/wp-json\/wp\/v2\/comments?post=629308"}],"wp:featuredmedia":[{"embeddable":true,"href":"https:\/\/aukinkochile.com\/web\/wp-json\/wp\/v2\/media\/624830"}],"wp:attachment":[{"href":"https:\/\/aukinkochile.com\/web\/wp-json\/wp\/v2\/media?parent=629308"}],"wp:term":[{"taxonomy":"product_brand","embeddable":true,"href":"https:\/\/aukinkochile.com\/web\/wp-json\/wp\/v2\/product_brand?post=629308"},{"taxonomy":"product_cat","embeddable":true,"href":"https:\/\/aukinkochile.com\/web\/wp-json\/wp\/v2\/product_cat?post=629308"},{"taxonomy":"product_tag","embeddable":true,"href":"https:\/\/aukinkochile.com\/web\/wp-json\/wp\/v2\/product_tag?post=629308"}],"curies":[{"name":"wp","href":"https:\/\/api.w.org\/{rel}","templated":true}]}}