{"id":629305,"date":"2024-10-02T15:07:44","date_gmt":"2024-10-02T15:07:44","guid":{"rendered":"https:\/\/aukinkochile.com\/web\/producto\/juego-tiro-al-blanco-erizo-madera\/"},"modified":"2025-11-06T18:59:57","modified_gmt":"2025-11-06T18:59:57","slug":"juego-tiro-al-blanco-erizo-madera","status":"publish","type":"product","link":"https:\/\/aukinkochile.com\/web\/producto\/juego-tiro-al-blanco-erizo-madera\/","title":{"rendered":"Juego Tiro al Blanco Erizo Madera"},"content":{"rendered":"<p>Un divertido juego de punter\u00eda para pasar horas de diversi\u00f3n. Este hermoso erizo de madera tiene un tablero de velcro para lanzar las 6 pelotas de algod\u00f3n jugando al tiro al blanco. Un juego que estimula el desarrollo de la motricidad gruesa de una forma muy divertida. Fabricado en material suave y resistente y colores suaves.<\/p>\n<p><p><strong>Material : <\/strong> Madera y Genero<\/p>\n<p><strong>C\u00f3digo Aukinko : <\/strong> 18-244242<\/p>\n<p><strong>C\u00f3digo Convenio Marco : <\/strong> x<\/p>\n","protected":false},"excerpt":{"rendered":"<p>Un divertido juego de punter\u00eda para pasar horas de diversi\u00f3n. Este hermoso erizo de madera tiene un tablero de velcro para lanzar las 6 pelotas de algod\u00f3n jugando al tiro al blanco. Un juego que estimula el desarrollo de la motricidad gruesa de una forma muy divertida. Fabricado en material suave y resistente y colores [&hellip;]<\/p>\n","protected":false},"featured_media":629304,"comment_status":"open","ping_status":"closed","template":"","meta":{"_et_pb_use_builder":"","_et_pb_old_content":"","_et_gb_content_width":""},"product_brand":[],"product_cat":[18],"product_tag":[],"class_list":{"0":"post-629305","1":"product","2":"type-product","3":"status-publish","4":"has-post-thumbnail","6":"product_cat-motricidad-gruesa","7":"pa_edad-3-a-4-anos","8":"pa_edad-4-a-5-anos","9":"pa_edad-5-a-6-anos","10":"pa_marca-polar","11":"pa_medidas-30-x-7","12":"pa_medidas-5-cm","13":"pa_medidas-5-x-20","15":"first","16":"instock","17":"shipping-taxable","18":"purchasable","19":"product-type-simple"},"aioseo_notices":[],"_links":{"self":[{"href":"https:\/\/aukinkochile.com\/web\/wp-json\/wp\/v2\/product\/629305","targetHints":{"allow":["GET"]}}],"collection":[{"href":"https:\/\/aukinkochile.com\/web\/wp-json\/wp\/v2\/product"}],"about":[{"href":"https:\/\/aukinkochile.com\/web\/wp-json\/wp\/v2\/types\/product"}],"replies":[{"embeddable":true,"href":"https:\/\/aukinkochile.com\/web\/wp-json\/wp\/v2\/comments?post=629305"}],"wp:featuredmedia":[{"embeddable":true,"href":"https:\/\/aukinkochile.com\/web\/wp-json\/wp\/v2\/media\/629304"}],"wp:attachment":[{"href":"https:\/\/aukinkochile.com\/web\/wp-json\/wp\/v2\/media?parent=629305"}],"wp:term":[{"taxonomy":"product_brand","embeddable":true,"href":"https:\/\/aukinkochile.com\/web\/wp-json\/wp\/v2\/product_brand?post=629305"},{"taxonomy":"product_cat","embeddable":true,"href":"https:\/\/aukinkochile.com\/web\/wp-json\/wp\/v2\/product_cat?post=629305"},{"taxonomy":"product_tag","embeddable":true,"href":"https:\/\/aukinkochile.com\/web\/wp-json\/wp\/v2\/product_tag?post=629305"}],"curies":[{"name":"wp","href":"https:\/\/api.w.org\/{rel}","templated":true}]}}